{"id":2561,"date":"2018-10-11T10:58:27","date_gmt":"2018-10-11T10:58:27","guid":{"rendered":"http:\/\/centros.unileon.es\/derecho\/?page_id=2561"},"modified":"2026-03-09T10:08:29","modified_gmt":"2026-03-09T10:08:29","slug":"hoararios-master-derecho-ciberseguridad-ule","status":"publish","type":"page","link":"https:\/\/centros.unileon.es\/derecho\/hoararios-master-derecho-ciberseguridad-ule\/","title":{"rendered":"Horarios M\u00e1ster Derecho de la Ciberseguridad y Entorno Digital"},"content":{"rendered":"<h3><strong>CALENDARIO GENERAL DE LA UNIVERSIDAD DE LE\u00d3N, <\/strong><strong>CURSO ACAD\u00c9MICO 2024\/2025<\/strong><\/h3>\r\n<ul>\r\n \t<li><a href=\"https:\/\/centros.unileon.es\/derecho\/files\/2024\/11\/Calendario-Master-2024-2025.pdf\">Calendario Lectivo ULE M\u00e1ster 2025\/2026<\/a><\/li>\r\n<\/ul>\r\n<h3><strong>HORARIOS DE LAS CLASES <\/strong><strong>M\u00c1STER UNIVERSITARIO EN DERECHO DE LA CIBERSEGURIDAD Y ENTORNO DIGITAL<\/strong><\/h3>\r\n<strong>D\u00eda de comienzo de las clases del Curso 2025\/2026:<\/strong>\r\n<ul>\r\n \t<li class=\"first-child\" style=\"text-align: justify;\"><strong><em>Complementos formativos previos<\/em><\/strong> (Cursos previos de formaci\u00f3n b\u00e1sica en Inform\u00e1tica y en Derecho):\u00a0 lunes 15 de septiembre de 2025.\r\n<ul>\r\n \t<li>Introducci\u00f3n al Derecho Digital (para estudiantes que provengan de titulaciones t\u00e9cnicas o de ordenamientos jur\u00eddicos diferentes al espa\u00f1ol): de 10:00 a 14:00 horas, Aula 8 de la Facultad de Derecho.<\/li>\r\n \t<li>Introducci\u00f3n a la Ingenier\u00eda Inform\u00e1tica (para estudiantes que provengan de titulaciones jur\u00eddicas): de 16:00 a 20:00 horas, Aula de Inform\u00e1tica de la Facultad de Derecho.<\/li>\r\n<\/ul>\r\n<\/li>\r\n \t<li class=\"last-child\" style=\"text-align: justify;\"><strong><em>Asignaturas del Plan de Estudios<\/em>:<\/strong>\r\n<ul>\r\n \t<li class=\"last-child\">Lunes 22 de septiembre: Inauguraci\u00f3n del Curso, de 16:00 a 20:00 hs., en el Sal\u00f3n de Grados de la Facultad de Derecho.<\/li>\r\n \t<li class=\"last-child\">A partir del martes 23 de septiembre las clases se desarrollaran de 16:00 a 20:00 hs. en el Aula 8 de la Facultad de Derecho.<\/li>\r\n<\/ul>\r\n<\/li>\r\n<\/ul>\r\n___________________________________________________\r\n<ul>\r\n \t<li><a href=\"https:\/\/centros.unileon.es\/derecho\/files\/2026\/03\/MUDchoCyED_examenes_2025-26.pdf\">Calendario de ex\u00e1menes M\u00e1ster en Derecho de la Ciberseguridad y Entorno Digital Curso 2025\/2026<\/a><\/li>\r\n<\/ul>\r\nHorarios de clases en el <em>google calendar<\/em>\r\n\r\n&nbsp;\r\n<p style=\"padding-left: 30px; text-align: justify;\"><iframe loading=\"lazy\" style=\"border-width: 0;\" src=\"https:\/\/calendar.google.com\/calendar\/embed?height=600&amp;wkst=2&amp;bgcolor=%23ffffff&amp;ctz=Europe%2FMadrid&amp;src=dnA1Mm5zYjBhcW5mdmZobWUyYmpuOXFqNWNAZ3JvdXAuY2FsZW5kYXIuZ29vZ2xlLmNvbQ&amp;src=djRjMTQyZjBqa2VlY2Nja2p2YTlsaDgwdmNAZ3JvdXAuY2FsZW5kYXIuZ29vZ2xlLmNvbQ&amp;src=cWFua3RyYWMzZjZqYnBrZ3FjaWRzc281b2tAZ3JvdXAuY2FsZW5kYXIuZ29vZ2xlLmNvbQ&amp;src=YnJvZzZqcHNjM3BrYjRmMW1qZzYzYW5qb2tAZ3JvdXAuY2FsZW5kYXIuZ29vZ2xlLmNvbQ&amp;src=MTBpaXE5NDI5YTRrcG1hMDloZGRjOTc5bDBAZ3JvdXAuY2FsZW5kYXIuZ29vZ2xlLmNvbQ&amp;src=a2RvZ2Y4cDA1ZnZqazAzZmppaG10bnRqczBAZ3JvdXAuY2FsZW5kYXIuZ29vZ2xlLmNvbQ&amp;src=ZnN0c283YnVrb2k2YnFxZHVpdjcycmw0NGNAZ3JvdXAuY2FsZW5kYXIuZ29vZ2xlLmNvbQ&amp;src=Zmh0a24zMDdnN3E5OWUwZGE2dGo3MDBnaWtAZ3JvdXAuY2FsZW5kYXIuZ29vZ2xlLmNvbQ&amp;src=dG01Y3NhM3BwNTluN2lzMmRwa2I5ZWxqcm9AZ3JvdXAuY2FsZW5kYXIuZ29vZ2xlLmNvbQ&amp;src=amxuNGUwZzNkanJtb2VzYzZxM2JpanZlcTRAZ3JvdXAuY2FsZW5kYXIuZ29vZ2xlLmNvbQ&amp;src=dXI3ZHBiOThwZGdibTM2NDNyZGw4dWNhczBAZ3JvdXAuY2FsZW5kYXIuZ29vZ2xlLmNvbQ&amp;src=anY2OTdsaXRwYzlvaDJoNHJ2OHRic2RtbmtAZ3JvdXAuY2FsZW5kYXIuZ29vZ2xlLmNvbQ&amp;src=cWR0YjRuaXFvcTZwODRsb251amprYWdiNmdAZ3JvdXAuY2FsZW5kYXIuZ29vZ2xlLmNvbQ&amp;src=cXZwa2dtcTZ0cTBpcnJqZ2JrdGk3ZGVpcDBAZ3JvdXAuY2FsZW5kYXIuZ29vZ2xlLmNvbQ&amp;src=NXY0cHI5OG8yMnZyMWljdjFpMDdrdTIwdDBAZ3JvdXAuY2FsZW5kYXIuZ29vZ2xlLmNvbQ&amp;src=MG4wcDk0Nzh1NDM5aGxkcHNocGk5bTVqdmdAZ3JvdXAuY2FsZW5kYXIuZ29vZ2xlLmNvbQ&amp;src=YnBrZTdodXN0Ym91YzRjaWllOTFwaWdzdHNAZ3JvdXAuY2FsZW5kYXIuZ29vZ2xlLmNvbQ&amp;src=MnFtZDIxdnV1OGtzcjRuOGliOGJubjA3NGdAZ3JvdXAuY2FsZW5kYXIuZ29vZ2xlLmNvbQ&amp;src=Y2FsZW5kYXJpby5sZWN0aXZvLnVsZUBnbWFpbC5jb20&amp;color=%23616161&amp;color=%23D50000&amp;color=%23B39DDB&amp;color=%238E24AA&amp;color=%237CB342&amp;color=%23795548&amp;color=%233F51B5&amp;color=%23F6BF26&amp;color=%23E67C73&amp;color=%23AD1457&amp;color=%23C0CA33&amp;color=%239E69AF&amp;color=%23F6BF26&amp;color=%230B8043&amp;color=%23EF6C00&amp;color=%23D81B60&amp;color=%234285F4&amp;color=%23A79B8E&amp;color=%23D50000&amp;title=Horarios%20M%C3%A1ster%20U.%20Derecho%20de%20la%20Ciberseguridad%20y%20Entorno%20digital&amp;mode=WEEK\" width=\"600\" height=\"500\" frameborder=\"0\" scrolling=\"no\"><\/iframe><\/p>\r\n&nbsp;","protected":false},"excerpt":{"rendered":"<p>CALENDARIO GENERAL DE LA UNIVERSIDAD DE LE\u00d3N, CURSO ACAD\u00c9MICO 2024\/2025 Calendario Lectivo ULE M\u00e1ster 2025\/2026 HORARIOS DE LAS CLASES M\u00c1STER UNIVERSITARIO EN DERECHO DE LA CIBERSEGURIDAD Y ENTORNO DIGITAL D\u00eda de comienzo de las clases del Curso 2025\/2026: Complementos formativos previos (Cursos previos de formaci\u00f3n b\u00e1sica en Inform\u00e1tica y en Derecho):\u00a0 lunes 15 de septiembre [&hellip;]<\/p>\n","protected":false},"author":149,"featured_media":0,"parent":0,"menu_order":0,"comment_status":"closed","ping_status":"closed","template":"","meta":{"footnotes":""},"class_list":["post-2561","page","type-page","status-publish","hentry"],"_links":{"self":[{"href":"https:\/\/centros.unileon.es\/derecho\/wp-json\/wp\/v2\/pages\/2561","targetHints":{"allow":["GET"]}}],"collection":[{"href":"https:\/\/centros.unileon.es\/derecho\/wp-json\/wp\/v2\/pages"}],"about":[{"href":"https:\/\/centros.unileon.es\/derecho\/wp-json\/wp\/v2\/types\/page"}],"author":[{"embeddable":true,"href":"https:\/\/centros.unileon.es\/derecho\/wp-json\/wp\/v2\/users\/149"}],"replies":[{"embeddable":true,"href":"https:\/\/centros.unileon.es\/derecho\/wp-json\/wp\/v2\/comments?post=2561"}],"version-history":[{"count":57,"href":"https:\/\/centros.unileon.es\/derecho\/wp-json\/wp\/v2\/pages\/2561\/revisions"}],"predecessor-version":[{"id":6221,"href":"https:\/\/centros.unileon.es\/derecho\/wp-json\/wp\/v2\/pages\/2561\/revisions\/6221"}],"wp:attachment":[{"href":"https:\/\/centros.unileon.es\/derecho\/wp-json\/wp\/v2\/media?parent=2561"}],"curies":[{"name":"wp","href":"https:\/\/api.w.org\/{rel}","templated":true}]}}