{"id":2538,"date":"2018-10-11T08:15:22","date_gmt":"2018-10-11T08:15:22","guid":{"rendered":"http:\/\/centros.unileon.es\/derecho\/?page_id=2538"},"modified":"2026-01-20T21:29:44","modified_gmt":"2026-01-20T21:29:44","slug":"horarios-master-de-abogacia-ule","status":"publish","type":"page","link":"https:\/\/centros.unileon.es\/derecho\/horarios-master-de-abogacia-ule\/","title":{"rendered":"Horarios M\u00e1ster en Abogac\u00eda"},"content":{"rendered":"<h3><strong>CALENDARIO GENERAL DE LA UNIVERSIDAD DE LE\u00d3N<\/strong><strong>\r\n<\/strong><\/h3>\r\n<ul>\r\n \t<li class=\"first-child last-child\"><a href=\"https:\/\/centros.unileon.es\/derecho\/files\/2023\/02\/2022.2023.-Calendario_escolar_master2022_2023.pdf\">Calendario Lectivo ULE M\u00e1ster 2025\/2026<\/a><\/li>\r\n<\/ul>\r\n<h3><strong>FECHA DE COMIENZO DEL CURSO<\/strong><\/h3>\r\n<ul>\r\n \t<li class=\"last-child\">Lunes 22 de septiembre: Inauguraci\u00f3n del Curso, en el Sal\u00f3n de Actos del Ilustre Colegio de la Abogac\u00eda de Le\u00f3n (ICAL).<\/li>\r\n \t<li class=\"last-child\">Las clases de las primeras asignaturas se desarrollaran de 16:00 a 20:00 hs. en el Sal\u00f3n de Actos del Ilustre Colegio de la Abogac\u00eda de Le\u00f3n (ICAL).<\/li>\r\n<\/ul>\r\n<h3><strong>HORARIOS DE CLASES\u00a0<\/strong><strong>M\u00c1STER UNIVERSITARIO EN ABOGAC\u00cdA Y PROCURA<\/strong><\/h3>\r\n<ul>\r\n \t<li><a href=\"https:\/\/centros.unileon.es\/derecho\/files\/2025\/06\/Doc.-2.3.a.-Propuesta-horarios-Master-abogacia-y-procura-2025-26.pdf\">Horario de clases M\u00e1ster Abogac\u00eda y Procura Curso 2025\/2026<\/a><\/li>\r\n<\/ul>\r\n<h3><strong>CALENDARIO DE EX\u00c1MENES <\/strong><strong>M\u00c1STER UNIVERSITARIO EN ABOGAC\u00cdA Y PROCURA<\/strong><\/h3>\r\n<ul>\r\n \t<li><a href=\"https:\/\/centros.unileon.es\/derecho\/files\/2025\/06\/Doc.-2.3.b.-Propuesta-examenes-MU-Abogacia-y-Procura-2025-2026.pdf\">Calendario de ex\u00e1menes M\u00e1ster Abogac\u00eda y Procura Curso 2025\/2026<\/a><\/li>\r\n<\/ul>\r\n&nbsp;\r\n<p style=\"padding-left: 30px;\"><iframe loading=\"lazy\" style=\"border-width: 0;\" src=\"\/\/calendar.google.com\/calendar\/b\/1\/embed?title=Horarios%20M%C3%A1ster%20U.%20en%20Abogac%C3%ADa&amp;mode=WEEK&amp;height=500&amp;wkst=2&amp;bgcolor=%23FFFFFF&amp;src=calendario.lectivo.ule%40gmail.com&amp;color=%230F4B38&amp;src=8o07pfmecpb82ts6srl8jseabo%40group.calendar.google.com&amp;color=%235F6B02&amp;src=o6717kkd4ddttd5ne86d36kl6k%40group.calendar.google.com&amp;color=%236B3304&amp;src=o8g0h5oi8k4pjobg3m1lmtn8r8%40group.calendar.google.com&amp;color=%23182C57&amp;src=t955o1d7uq27oe2lgltqvfgnuo%40group.calendar.google.com&amp;color=%23B1365F&amp;src=usef58de5c5bsml5o7bpt8q3ho%40group.calendar.google.com&amp;color=%23AB8B00&amp;src=mcoe3c1i86cnc9mf0kpi47pgb4%40group.calendar.google.com&amp;color=%232952A3&amp;src=84cu3qqslqchlkdpathcabtub0%40group.calendar.google.com&amp;color=%23865A5A&amp;src=tc0b7kjdi0uucmjvsp7hfaoavo%40group.calendar.google.com&amp;color=%238C500B&amp;src=qn1jt5phvlnu0j9ugukmvhclgs%40group.calendar.google.com&amp;color=%235229A3&amp;src=vg0d0kvqsbfvtlodhik4kshfhg%40group.calendar.google.com&amp;color=%23333333&amp;src=mltgb5l8oeq68087hlvjt5n42o%40group.calendar.google.com&amp;color=%23125A12&amp;src=6hkgcd682c5i4b7cb5ftia6ir8%40group.calendar.google.com&amp;color=%23875509&amp;src=doeili6mg6fuej1rherg80jgvs%40group.calendar.google.com&amp;color=%236B3304&amp;src=06doei0eh3vrmu7g9pins6trds%40group.calendar.google.com&amp;color=%23B1365F&amp;src=naiash3lq7p5dtdbvc9u669gto%40group.calendar.google.com&amp;color=%23875509&amp;src=oafu7siomt9rmkavekol7khckg%40group.calendar.google.com&amp;color=%23B1440E&amp;ctz=Europe%2FMadrid\" width=\"700\" height=\"500\" frameborder=\"0\" scrolling=\"no\"><\/iframe><\/p>","protected":false},"excerpt":{"rendered":"<p>CALENDARIO GENERAL DE LA UNIVERSIDAD DE LE\u00d3N Calendario Lectivo ULE M\u00e1ster 2025\/2026 FECHA DE COMIENZO DEL CURSO Lunes 22 de septiembre: Inauguraci\u00f3n del Curso, en el Sal\u00f3n de Actos del Ilustre Colegio de la Abogac\u00eda de Le\u00f3n (ICAL). Las clases de las primeras asignaturas se desarrollaran de 16:00 a 20:00 hs. en el Sal\u00f3n de [&hellip;]<\/p>\n","protected":false},"author":149,"featured_media":0,"parent":0,"menu_order":0,"comment_status":"closed","ping_status":"closed","template":"","meta":{"footnotes":""},"class_list":["post-2538","page","type-page","status-publish","hentry"],"_links":{"self":[{"href":"https:\/\/centros.unileon.es\/derecho\/wp-json\/wp\/v2\/pages\/2538","targetHints":{"allow":["GET"]}}],"collection":[{"href":"https:\/\/centros.unileon.es\/derecho\/wp-json\/wp\/v2\/pages"}],"about":[{"href":"https:\/\/centros.unileon.es\/derecho\/wp-json\/wp\/v2\/types\/page"}],"author":[{"embeddable":true,"href":"https:\/\/centros.unileon.es\/derecho\/wp-json\/wp\/v2\/users\/149"}],"replies":[{"embeddable":true,"href":"https:\/\/centros.unileon.es\/derecho\/wp-json\/wp\/v2\/comments?post=2538"}],"version-history":[{"count":55,"href":"https:\/\/centros.unileon.es\/derecho\/wp-json\/wp\/v2\/pages\/2538\/revisions"}],"predecessor-version":[{"id":6129,"href":"https:\/\/centros.unileon.es\/derecho\/wp-json\/wp\/v2\/pages\/2538\/revisions\/6129"}],"wp:attachment":[{"href":"https:\/\/centros.unileon.es\/derecho\/wp-json\/wp\/v2\/media?parent=2538"}],"curies":[{"name":"wp","href":"https:\/\/api.w.org\/{rel}","templated":true}]}}