{"id":2529,"date":"2018-10-11T08:09:43","date_gmt":"2018-10-11T08:09:43","guid":{"rendered":"http:\/\/centros.unileon.es\/derecho\/?page_id=2529"},"modified":"2025-09-04T22:18:30","modified_gmt":"2025-09-04T22:18:30","slug":"tablon-de-anuncios-grado-en-derecho","status":"publish","type":"page","link":"https:\/\/centros.unileon.es\/derecho\/tablon-de-anuncios-grado-en-derecho\/","title":{"rendered":"Tabl\u00f3n de Anuncios"},"content":{"rendered":"<strong>\u00bfNUEVO EN LA ULE?<\/strong>\r\n\r\n<a href=\"https:\/\/centros.unileon.es\/derecho\/files\/2025\/07\/guia_para_empezar_ule.jpg\"><img loading=\"lazy\" decoding=\"async\" class=\"alignnone size-full wp-image-5875\" src=\"https:\/\/centros.unileon.es\/derecho\/files\/2025\/07\/guia_para_empezar_ule.jpg\" alt=\"\" width=\"280\" height=\"280\" srcset=\"https:\/\/centros.unileon.es\/derecho\/files\/2025\/07\/guia_para_empezar_ule.jpg 280w, https:\/\/centros.unileon.es\/derecho\/files\/2025\/07\/guia_para_empezar_ule-150x150.jpg 150w\" sizes=\"auto, (max-width: 280px) 100vw, 280px\" \/><\/a>\r\n\r\n<a href=\"https:\/\/www.unileon.es\/ficheros\/estudiantes\/pautas_iniciales_curso2025_26.pdf\">GU\u00cdA R\u00c1PIDA PARA NUEVOS ESTUDIANTES<\/a>\r\n<p style=\"text-align: justify;\"><strong>FECHAS DE COMIENZO DE CLASES (<\/strong><strong>Curso 2025\/2026):<\/strong><\/p>\r\n\r\n<ul style=\"text-align: justify;\">\r\n \t<li>Las clases del <strong>Grado en Derecho<\/strong> y en el <strong>Doble Grado en DADE<\/strong> del Curso 2025\/2026 comenzar\u00e1n el d\u00eda 8 de septiembre de 2024.\r\n<ul style=\"text-align: justify;\">\r\n \t<li>Los <strong>estudiantes de Primer Curso de Grado <\/strong>tendr\u00e1n una <strong>Jornada de Acogida el lunes 8 de septiembre a las 12:00<\/strong> en el Sal\u00f3n de Grados de la Facultad de Derecho.<\/li>\r\n \t<li>Los <strong>estudiantes de Doble Grado <\/strong>tendr\u00e1n una <strong>Jornada de Acogida el lunes 8 de septiembre<\/strong>\r\n<ul style=\"text-align: justify;\">\r\n \t<li><strong>A las 10:00,<\/strong> en la Facultad de Econ\u00f3micas, sobre el Grado en ADE.<\/li>\r\n \t<li><strong>A las 12:00,<\/strong> en la Facultad de Derecho, sobre el Grado en Derecho.<\/li>\r\n \t<li><strong>A las 13:30,<\/strong> en el Aula de clase (en Derecho), sobre aspectos particulares de la Doble Titulaci\u00f3n.<\/li>\r\n<\/ul>\r\n<\/li>\r\n<\/ul>\r\n<\/li>\r\n \t<li>Las clases del <strong>M\u00e1ster en Derecho de la Ciberseguridad y Entorno Digital<\/strong> del Curso 2025\/2026 comenzar\u00e1n el 22 de septiembre de 2025.\r\n<ul style=\"text-align: justify;\">\r\n \t<li>Las clases de los Cursos 0 de Introducci\u00f3n a la Inform\u00e1tica e Introducci\u00f3n al Derecho Digital comenzar\u00e1n el 14 de septiembre de 2025.<\/li>\r\n<\/ul>\r\n<\/li>\r\n \t<li>Las clases del <strong>M\u00e1ster en Abogac\u00eda y Procura<\/strong> del Curso 2025\/2026 comenzar\u00e1n el 22 de septiembre de 2025.<\/li>\r\n<\/ul>\r\n<p style=\"text-align: justify;\"><strong>HORARIOS DE CLASES:<\/strong> Consultar en la p\u00e1gina web en la pesta\u00f1a de cada una de las titulaciones.<\/p>\r\n<strong>HORARIOS DE GRUPOS Y AULAS:<\/strong>\r\n\r\n<blockquote class=\"wp-embedded-content\" data-secret=\"mUsqhUdjYV\"><a href=\"https:\/\/centros.unileon.es\/derecho\/distribucion-de-grupos-y-aulas\/\">Distribuci\u00f3n de Grupos y Aulas<\/a><\/blockquote><iframe loading=\"lazy\" class=\"wp-embedded-content\" sandbox=\"allow-scripts\" security=\"restricted\" style=\"position: absolute; visibility: hidden;\" title=\"\u00abDistribuci\u00f3n de Grupos y Aulas\u00bb \u2014 Facultad de Derecho\" src=\"https:\/\/centros.unileon.es\/derecho\/distribucion-de-grupos-y-aulas\/embed\/#?secret=bIQ0E187qV#?secret=mUsqhUdjYV\" data-secret=\"mUsqhUdjYV\" width=\"600\" height=\"338\" frameborder=\"0\" marginwidth=\"0\" marginheight=\"0\" scrolling=\"no\"><\/iframe>\r\n<h3>NOVEDADES<\/h3>\r\n<h3>Convocatoria VI Edici\u00f3n del Concurso de Estudiantes de la Red Iberoamericana de Facultades y Escuelas de Derecho<\/h3>\r\nRepresenta a tu Universidad participando en un Concurso Internacional de Estudiantes Ecuador &#8211; 2025: solicitados 2 cr\u00e9ditos ECTS.\r\n<div>Para poder participar debes inscribirte antes del <b>5 de septiembre<\/b> en:\u00a0<a href=\"https:\/\/forms.gle\/e9iDWPnkD6rvnZmA8\" target=\"_blank\" rel=\"noopener\" data-saferedirecturl=\"https:\/\/www.google.com\/url?q=https:\/\/forms.gle\/e9iDWPnkD6rvnZmA8&amp;source=gmail&amp;ust=1756372308419000&amp;usg=AOvVaw3mC8ASqF1E-QL05tozoo8i\">https:\/\/forms.gle\/<wbr \/>e9iDWPnkD6rvnZmA8<\/a><\/div>\r\n<div><\/div>\r\n<div>Hay que elaborar un trabajo de investigaci\u00f3n de entre 15 y 25 p\u00e1ginas antes del <b>3 de octubre de 2025.<\/b><\/div>\r\n<ul>\r\n \t<li><b>El\/la ganador\/a<\/b> representar\u00e1 a la Universidad de Le\u00f3n en la fase final que se celebrar\u00e1 en Manta (Ecuador), entre el 16 y el\u00a021 de noviembre. La Universidad anfitriona corre con los gastos de alojamiento y manutenci\u00f3n; y la Universidad de origen con los gastos de desplazamiento.<\/li>\r\n \t<li><b>Los 3 primeros clasificados<\/b> recibir\u00e1n un Diploma en la Festividad de la Facultad de Derecho.<\/li>\r\n \t<li>Se ha solicitado el reconocimiento de <b>2 cr\u00e9ditos ECTS para todos los participantes<\/b> que a juicio de los miembros del Jurado cumplan los m\u00ednimos exigidos para los trabajos.<\/li>\r\n<\/ul>\r\n<div>Consulta las <b>Bases del Concurso: <a href=\"https:\/\/centros.unileon.es\/derecho\/files\/2025\/08\/Convocatoria-Fase-Interna-Concurso-Estudiantes-Red.report.pdf\">Convocatoria Fase Interna VI Concurso Estudiantes Red<\/a><\/b><\/div>\r\nY env\u00eda tu trabajo antes del<strong> 3 de octubre.<\/strong>\r\n<h3>Convocatoria Estancia de Colaboraci\u00f3n Programas de Movilidad de la Facultad de Derecho de la Universidad de Le\u00f3n<\/h3>\r\n\u00bfTe gustan las Relaciones Internacionales? \u00bfQuieres colaborar con la movilidad del Centro? El Vicerrectorado de Internacionalizaci\u00f3n convoca una estancia para estudiantes de Grado para colaborar con la Coordinadora de Programas de Movilidad de la Facultad de Derecho: Pr\u00f3ximamente Bases de la Convocatoria.","protected":false},"excerpt":{"rendered":"<p>\u00bfNUEVO EN LA ULE? GU\u00cdA R\u00c1PIDA PARA NUEVOS ESTUDIANTES FECHAS DE COMIENZO DE CLASES (Curso 2025\/2026): Las clases del Grado en Derecho y en el Doble Grado en DADE del Curso 2025\/2026 comenzar\u00e1n el d\u00eda 8 de septiembre de 2024. Los estudiantes de Primer Curso de Grado tendr\u00e1n una Jornada de Acogida el lunes 8 [&hellip;]<\/p>\n","protected":false},"author":149,"featured_media":0,"parent":0,"menu_order":0,"comment_status":"closed","ping_status":"closed","template":"","meta":{"footnotes":""},"class_list":["post-2529","page","type-page","status-publish","hentry"],"_links":{"self":[{"href":"https:\/\/centros.unileon.es\/derecho\/wp-json\/wp\/v2\/pages\/2529","targetHints":{"allow":["GET"]}}],"collection":[{"href":"https:\/\/centros.unileon.es\/derecho\/wp-json\/wp\/v2\/pages"}],"about":[{"href":"https:\/\/centros.unileon.es\/derecho\/wp-json\/wp\/v2\/types\/page"}],"author":[{"embeddable":true,"href":"https:\/\/centros.unileon.es\/derecho\/wp-json\/wp\/v2\/users\/149"}],"replies":[{"embeddable":true,"href":"https:\/\/centros.unileon.es\/derecho\/wp-json\/wp\/v2\/comments?post=2529"}],"version-history":[{"count":71,"href":"https:\/\/centros.unileon.es\/derecho\/wp-json\/wp\/v2\/pages\/2529\/revisions"}],"predecessor-version":[{"id":5905,"href":"https:\/\/centros.unileon.es\/derecho\/wp-json\/wp\/v2\/pages\/2529\/revisions\/5905"}],"wp:attachment":[{"href":"https:\/\/centros.unileon.es\/derecho\/wp-json\/wp\/v2\/media?parent=2529"}],"curies":[{"name":"wp","href":"https:\/\/api.w.org\/{rel}","templated":true}]}}