{"id":2512,"date":"2018-10-11T08:01:02","date_gmt":"2018-10-11T08:01:02","guid":{"rendered":"http:\/\/centros.unileon.es\/derecho\/?page_id=2512"},"modified":"2025-07-21T13:07:05","modified_gmt":"2025-07-21T13:07:05","slug":"tablon-de-anuncios-master-de-abogacia","status":"publish","type":"page","link":"https:\/\/centros.unileon.es\/derecho\/tablon-de-anuncios-master-de-abogacia\/","title":{"rendered":"Tabl\u00f3n de anuncios"},"content":{"rendered":"<strong>Fecha de comienzo de las clases del Curso 2025\/2026:<\/strong> lunes 22 de septiembre de 2025.\r\n\r\nLa inauguraci\u00f3n del Curso y las clases de las tres primeras asignaturas hasta finales de octubre se desarrollar\u00e1n en el Sal\u00f3n de Actos del Ilustre Colegio de Abogados de Le\u00f3n, Calle Conde de Salda\u00f1a, 4, Le\u00f3n.\r\n\r\nA partir del entonces las clases se desarrollar\u00e1n en el Aula 6A (primera planta) de la Facultad de Derecho de la Universidad de Le\u00f3n, Campus de Vegazana.\r\n\r\n&nbsp;\r\n\r\n<strong>Convocada prueba acceso Abogac\u00eda y Abogac\u00eda y Procura &#8211; 2024<\/strong>\r\n<div class=\"ExternalClass45DDE36A7D0A4DBDA2DFFCFF9B719F7C\">\r\n<p style=\"text-align: justify;\">\u200b\u200b\u200b\u200b\u200b\u200bPublicada la Convocatoria de Acceso a la profesi\u00f3n de la Abogac\u00eda para el a\u00f1o 2024, tal y como se <span lang=\"ES-TRAD\">establece en el apartado\u00a0<\/span><span lang=\"ES-TRAD\">5 de la convocatoria, la<\/span>\u00a0solicitud de inscripci\u00f3n deber\u00e1 presentarse de form\u200ba telem\u00e1tica a trav\u00e9s de la sede electr\u00f3nica del Ministerio de la Presidencia, Justicia y Relaciones con las Cortes (disponible del\u00a027\u00a0de marzo\u00a0al\u00a018\u00a0de abril, ambos incluidos).<\/p>\r\nAccede a la inscripci\u00f3n a trav\u00e9s del siguiente enlace:\r\n<h4>\u200b<a href=\"https:\/\/sede.mjusticia.gob.es\/es\/tramites\/evaluacion-aptitud\">Evaluaci\u00f3n de la aptitud profesional para acceso a las profesiones de Abogado\/a y de Procurador\/a &#8211; Tr\u00e1mites &#8211; Sede Electr\u00f3nica (mjusticia.gob.es)<\/a><\/h4>\r\n<p style=\"text-align: justify;\">\u200b\u200b<span id=\"ms-rterangepaste-start\">\u200b<\/span>Para finalizar la inscripci\u00f3n se deber\u00e1 deber\u00e1n adjuntar una foto actualizada tama\u00f1o carn\u00e9 que deber\u00e1 ser remitida al correo acceso.abogacia@mjusticia.es, poniendo en el asunto la palabra \u00abFotograf\u00eda\u00bb. La imagen ir\u00e1 en un archivo JPG que llevar\u00e1 por nombre el n\u00famero de DNI, NIE o pasaporte. La no remisi\u00f3n de esta fotograf\u00eda ser\u00e1 causa de exclusi\u00f3n. Esta exigencia de aportar una fotograf\u00eda actualizada se establece a los solos efectos de acreditar la identidad de la persona aspirante.\u200b\u200b<\/p>\r\n\r\n<\/div>\r\n<ul class=\"list-download\">\r\n \t<li><a class=\"list-download__link\" href=\"https:\/\/www.mjusticia.gob.es\/es\/Ciudadano\/EmpleoPublico\/Documents\/Acceso_Abogacia_y_Procura\/Orden PJC-274-2024. 23 de marzo.pdf\">Orden PJC-274-2024. 23 de marzo <\/a><\/li>\r\n \t<li class=\"list-download__item\"><a class=\"list-download__link\" href=\"https:\/\/www.mjusticia.gob.es\/es\/Ciudadano\/EmpleoPublico\/Documents\/Acceso_Abogacia_y_Procura\/Orden 1255 2019 Ministerial de Obligatoriedad.pdf\">Orden 1255 2019 Ministerial de Obligatoriedad <\/a><\/li>\r\n \t<li class=\"list-download__item\"><a class=\"list-download__link\" href=\"https:\/\/www.mjusticia.gob.es\/es\/Ciudadano\/EmpleoPublico\/Documents\/Acceso_Abogacia_y_Procura\/NOTA INFORMATIVA INSCRIPCI\u00d3N ELECTR\u00d3NICA 2024.1.pdf\">NOTA INFORMATIVA INSCRIPCI\u00d3N ELECTR\u00d3NICA 2024.1 <\/a><\/li>\r\n<\/ul>\r\n&nbsp;\r\n<p style=\"text-align: justify;\"><strong>Nota Informativa Ministerio sobre las pruebas de Acceso a Abogac\u00eda y a Abogac\u00eda y Procura:<\/strong><\/p>\r\n<a href=\"https:\/\/centros.unileon.es\/derecho\/files\/2023\/11\/2023.11.15.-Nota-Informativa-conjunta-Pruebas-Futuras_signed.pdf\">2023.11.15. Nota Informativa conjunta Pruebas Futuras<\/a>\r\n<p style=\"text-align: justify;\">Les informamos de la publicaci\u00f3n en el portal web del Ministerio de la Presidencia, Justicia y Relaciones con las Cortes de un anuncio de la Direcci\u00f3n General para el Servicio P\u00fablico de Justicia sobre la posibilidad de que alumnos del m\u00e1ster de acceso \u00fanico a la abogac\u00eda y a la procura se presenten a la prueba de acceso a la abogac\u00eda convocada por orden PJC\/274\/2024, de 23 de marzo. El enlace es el siguiente:<\/p>\r\n<p style=\"text-align: justify;\"><a href=\"https:\/\/www.mjusticia.gob.es\/es\/ciudadania\/empleo-publico\/acceso-profesion-abogados\" data-saferedirecturl=\"https:\/\/www.google.com\/url?q=https:\/\/www.mjusticia.gob.es\/es\/ciudadania\/empleo-publico\/acceso-profesion-abogados&amp;source=gmail&amp;ust=1713425731454000&amp;usg=AOvVaw0DfbTDcByCprKetCZ20NZQ\">https:\/\/www.mjusticia.gob.es\/es\/ciudadania\/empleo-publico\/acceso-profesion-abogados<\/a><\/p>\r\n<p style=\"text-align: justify;\">Adem\u00e1s, se incluir\u00e1 en el apartado propio de la convocatoria de acceso a la abogac\u00eda 2024:<\/p>\r\n<p style=\"text-align: justify;\"><a href=\"https:\/\/www.mjusticia.gob.es\/es\/ciudadania\/empleo-publico\/acceso-profesion-abogados\/pruebas-acceso-2024-primera-convocatoria\" data-saferedirecturl=\"https:\/\/www.google.com\/url?q=https:\/\/www.mjusticia.gob.es\/es\/ciudadania\/empleo-publico\/acceso-profesion-abogados\/pruebas-acceso-2024-primera-convocatoria&amp;source=gmail&amp;ust=1713425731454000&amp;usg=AOvVaw2rg1ZrLUwC-Y6hEdkUstxs\">https:\/\/www.mjusticia.gob.es\/es\/ciudadania\/empleo-publico\/acceso-profesion-abogados\/pruebas-acceso-2024-primera-convocatoria<\/a><\/p>\r\n&nbsp;","protected":false},"excerpt":{"rendered":"<p>Fecha de comienzo de las clases del Curso 2025\/2026: lunes 22 de septiembre de 2025. La inauguraci\u00f3n del Curso y las clases de las tres primeras asignaturas hasta finales de octubre se desarrollar\u00e1n en el Sal\u00f3n de Actos del Ilustre Colegio de Abogados de Le\u00f3n, Calle Conde de Salda\u00f1a, 4, Le\u00f3n. A partir del entonces [&hellip;]<\/p>\n","protected":false},"author":149,"featured_media":0,"parent":0,"menu_order":0,"comment_status":"closed","ping_status":"closed","template":"","meta":{"footnotes":""},"class_list":["post-2512","page","type-page","status-publish","hentry"],"_links":{"self":[{"href":"https:\/\/centros.unileon.es\/derecho\/wp-json\/wp\/v2\/pages\/2512","targetHints":{"allow":["GET"]}}],"collection":[{"href":"https:\/\/centros.unileon.es\/derecho\/wp-json\/wp\/v2\/pages"}],"about":[{"href":"https:\/\/centros.unileon.es\/derecho\/wp-json\/wp\/v2\/types\/page"}],"author":[{"embeddable":true,"href":"https:\/\/centros.unileon.es\/derecho\/wp-json\/wp\/v2\/users\/149"}],"replies":[{"embeddable":true,"href":"https:\/\/centros.unileon.es\/derecho\/wp-json\/wp\/v2\/comments?post=2512"}],"version-history":[{"count":27,"href":"https:\/\/centros.unileon.es\/derecho\/wp-json\/wp\/v2\/pages\/2512\/revisions"}],"predecessor-version":[{"id":5866,"href":"https:\/\/centros.unileon.es\/derecho\/wp-json\/wp\/v2\/pages\/2512\/revisions\/5866"}],"wp:attachment":[{"href":"https:\/\/centros.unileon.es\/derecho\/wp-json\/wp\/v2\/media?parent=2512"}],"curies":[{"name":"wp","href":"https:\/\/api.w.org\/{rel}","templated":true}]}}