{"id":2503,"date":"2018-10-11T07:54:42","date_gmt":"2018-10-11T07:54:42","guid":{"rendered":"http:\/\/centros.unileon.es\/derecho\/?page_id=2503"},"modified":"2026-02-08T01:28:38","modified_gmt":"2026-02-08T01:28:38","slug":"informacion-general-2","status":"publish","type":"page","link":"https:\/\/centros.unileon.es\/derecho\/informacion-general-2\/","title":{"rendered":"Informaci\u00f3n General"},"content":{"rendered":"<strong>INFORMACI\u00d3N GENERAL: M\u00c1STER UNIVERSITARIO EN ABOGAC\u00cdA Y PROCURA\r\n<\/strong>\r\n<ul style=\"list-style-type: disc;\">\r\n \t<li><a href=\"https:\/\/www.unileon.es\/ficheros\/estudiantes\/tripticos\/masteres\/master-universitario-en-abogacia.pdf\">Tr\u00edptico del M\u00e1ster Universitario en Abogac\u00eda y Procura de la Universidad de Le\u00f3n<\/a><\/li>\r\n \t<li><a href=\"\/\/www.unileon.es\/files\/Planificaci\u00f3n%20ense\u00f1anzas%20para%20Web%20Abogac\u00eda.pdf\">Plan de Estudios M\u00e1ster Universitario en Abogac\u00eda y Procura<\/a><\/li>\r\n \t<li><a href=\"\/\/www.unileon.es\/estudiantes\/estudiantes-master\/oferta-titulaciones\/mu-abogacia\/plan-estudios\">Gu\u00edas Docentes de las Asignaturas<\/a><\/li>\r\n \t<li><a href=\"https:\/\/centros.unileon.es\/derecho\/files\/2026\/02\/2023.03.21.-MU_ABOGACIA_PROCURA_2023.pdf\">Memoria del T\u00edtulo<\/a><\/li>\r\n \t<li><a href=\"https:\/\/centros.unileon.es\/derecho\/files\/2026\/02\/2023.03.28.-Convenio_especifico_Master_AbogaciayProcura_ULE_ICAL-Procuradores_2023_FIRMA_firmado.pdf\">Convenio con los Ilustres Colegios de la Abogac\u00eda y de la Procura de Le\u00f3n<\/a><\/li>\r\n<\/ul>\r\n<strong>\u00bfQu\u00e9 es?<\/strong>\r\n<p style=\"text-align: justify;\">Se trata de un posgrado oficial, con validez en todo el territorio nacional, estructurado en un curso presencial con una duraci\u00f3n de 90 cr\u00e9ditos. El M\u00e1ster procurar\u00e1 a los alumnos una capacitaci\u00f3n para el ejercicio profesional mediante la combinaci\u00f3n adecuada de la teor\u00eda que procura el curso de formaci\u00f3n (60 ECTS) y las pr\u00e1cticas externas continuadas (30 ECTS), con el fin de que los titulados adquieran la confianza y seguridad suficiente para ejercer adecuadamente la profesi\u00f3n de abogado o procurador.<\/p>\r\n<p style=\"text-align: justify;\">La Ley 34\/2006, de 30 de octubre sobre el acceso a las profesiones de Abogado y Procurador de los Tribunales, introduce como requisito para la obtenci\u00f3n del t\u00edtulo profesional de abogado culminar la formaci\u00f3n del Grado con el M\u00e1ster en Abogac\u00eda y Procura que a su vez habilita para acceder a la prueba oficial de evaluaci\u00f3n final para la obtenci\u00f3n del titulo profesional de abogado o procurador.<\/p>\r\n<p style=\"text-align: justify;\">Para facilitar la realizaci\u00f3n por los alumnos de las Pr\u00e1cticas en Empresas \u2013cuyo car\u00e1cter es obligatorio-, se han firmado diversos Convenios de Colaboraci\u00f3n con Asesor\u00edas jur\u00eddicas, despachos profesionales de abogados y procuradores, entidades financieras, sindicatos, Administraciones P\u00fablicas y empresas de trabajo temporal.<\/p>\r\n<p style=\"text-align: justify;\">El M\u00e1ster en Abogac\u00eda y Procura se imparte en el edificio de la Facultad de Derecho, sito en el Campus de Vegazana, en horario de tarde, de 16:00 a 20:00 hs., de lunes a viernes. La inauguraci\u00f3n del M\u00e1ster y las clases de las tres primeras asignaturas en el Sal\u00f3n de Actos del Ilustre Colegio de Abogados de Le\u00f3n (calle Conde de Salda\u00f1a, 4, Le\u00f3n), en el mismo horario.<\/p>\r\n<p style=\"text-align: justify;\">El Coordinador de dicho M\u00e1ster es el Prof. Dr. D. Rodrigo Tasc\u00f3n L\u00f3pez (rtasl@unileon.es).<\/p>\r\nSecretario Acad\u00e9mico: Prof. D. Luis Miguel Ramos Mart\u00ednez (lramm@unileon.es).\r\n<p style=\"text-align: justify;\">La Coordinadora por parte de Ilmo. Colegio de Abogados de Le\u00f3n es: D. Gerardo Gonz\u00e1lez Prada (<span class=\"gI\"><span data-hovercard-id=\"gerardogprada@ical.es\" data-hovercard-owner-id=\"13\">gerardogprada@ical.es<\/span><\/span>).<\/p>\r\nLa Coordinadora por parte de Ilmo. Colegio de Procuradores de Le\u00f3n es: D\u00f1a. Mar\u00eda Encina Mart\u00ednez Rodr\u00edguez (emrprocu@yahoo.es).\r\n<p style=\"text-align: justify;\">El cargo de Tutor de Pr\u00e1cticas Externas lo ostenta el Prof. Dr. Pedro \u00c1lvarez S\u00e1nchez de Movell\u00e1n (Tlfo.: 987291381; E-mail: <a href=\"mailto:pedro.movellan@unileon.es\">pedro.movellan@unileon.es<\/a>).<\/p>\r\n<p style=\"text-align: justify;\">Asimismo existen dos Comisiones Juzgadoras del Trabajo Fin de M\u00e1ster (trabajo que tiene car\u00e1cter obligatorio) y una Comisi\u00f3n Acad\u00e9mica del M\u00e1ster.<\/p>\r\n<strong>\u00bfQu\u00e9 competencias se adquieren?<\/strong>\r\n<p style=\"text-align: justify;\">El M\u00e1ster Universitario en Abogac\u00eda y Procura tiene como objetivo formativo general proporcionar a los estudiantes una preparaci\u00f3n integral, que incluya aspectos te\u00f3ricos y, sobre todo pr\u00e1cticos, del conjunto de elementos que integran el ejercicio de la profesi\u00f3n de abogado y procurador. Este objetivo general puede ser desglosado en otros particulares:<\/p>\r\n\r\n<ul style=\"list-style-type: disc;\">\r\n \t<li style=\"text-align: justify;\">Dar cumplimiento a los requerimientos de formaci\u00f3n que establece la Ley 34\/2006, de 30 de octubre, en relaci\u00f3n con los profesionales de la Abogac\u00eda y Procura.<\/li>\r\n \t<li style=\"text-align: justify;\">La formaci\u00f3n profesional de calidad de los futuros abogados y procuradores en cuanto que colaboradores relevantes de la Administraci\u00f3n de Justicia para la garant\u00eda del ejercicio del derecho fundamental a la tutela judicial efectiva.<\/li>\r\n \t<li style=\"text-align: justify;\">Facilitar la futura inserci\u00f3n profesional de los egresados mediante el conocimiento del marco jur\u00eddico y el entorno real del ejercicio profesional de la Abogac\u00eda y Procura.<\/li>\r\n \t<li style=\"text-align: justify;\">Sensibilizar a los y las estudiantes en los valores democr\u00e1ticos y en los valores \u00e9ticos y deontol\u00f3gicos de la profesi\u00f3n.<\/li>\r\n \t<li style=\"text-align: justify;\">Adquisici\u00f3n de los convenientes recursos personales para ejercer con destreza y capacidad la profesi\u00f3n de abogado y procurador.<\/li>\r\n \t<li style=\"text-align: justify;\">Conseguir soltura en el manejo de los derechos objeto de la defensa.<\/li>\r\n<\/ul>\r\n<strong>Estructura del M\u00e1ster<\/strong>\r\n<p style=\"text-align: justify;\">Como se ha destacado anteriormente, el M\u00e1ster est\u00e1 estructurado en un curso de formaci\u00f3n (60 cr\u00e9ditos ECTS) y un per\u00edodo de pr\u00e1cticas externas (30 cr\u00e9ditos ECTS).<\/p>\r\n<p style=\"text-align: justify;\">El programa formativo que deber\u00e1n cursar los estudiantes se estructura en torno a cinco m\u00f3dulos, correspondiente el primero a cuestiones transversales necesarias para el ejercicio de la abogac\u00eda, tales como el marco jur\u00eddico colegial y la pr\u00e1ctica en t\u00e9cnicas e instrumentos en el ejercicio de la abogac\u00eda y procura. Los restantes bloques responden a las materias que se podr\u00edan integrar dentro de los cuatro \u00f3rdenes jurisdiccionales, pero tratando tanto los aspectos extrajudiciales como judiciales. Con esta estructura se pretende combinar la formaci\u00f3n generalista en las competencias, habilidades y actitudes requeridas para el ejercicio de la abogac\u00eda y procura, de un lado, y su aplicaci\u00f3n a \u00e1mbitos de especializaci\u00f3n material m\u00e1s espec\u00edficos, de otro.<\/p>\r\n<p style=\"text-align: justify;\">Por \u00faltimo, el Trabajo Fin de M\u00e1ster constituye una actividad tendente a plasmar la experiencia formativa del estudiante bajo un modelo de elaboraci\u00f3n de un expediente judicial o de un dictamen relativo a un caso pr\u00e1ctico relacionado con las materias objeto de estudio.<\/p>\r\n<p style=\"text-align: justify;\">Durante el desarrollo del curso de formaci\u00f3n, los estudiantes del M\u00e1ster efectuar\u00e1n pr\u00e1cticas en instituciones y\/o tribunales que reforzar\u00e1n los conocimientos adquiridos. El m\u00f3dulo de Pr\u00e1cticas Externas permitir\u00e1 la traslaci\u00f3n de los resultados del aprendizaje alcanzados en los m\u00f3dulos anteriores a una experiencia real de ejercicio profesional. Su duraci\u00f3n temporal ser\u00e1 de 4 meses en alg\u00fan centro con actividad jur\u00eddica pr\u00e1ctica tales como:<\/p>\r\n\r\n<ul style=\"list-style-type: disc;\">\r\n \t<li style=\"text-align: justify;\">Despachos de abogados.<\/li>\r\n \t<li>Despachos de procuradores.<\/li>\r\n \t<li style=\"text-align: justify;\">Asesor\u00edas jur\u00eddicas de empresas.<\/li>\r\n \t<li style=\"text-align: justify;\">Asesor\u00eda jur\u00eddica de Administraciones P\u00fablicas.<\/li>\r\n \t<li style=\"text-align: justify;\">Abogac\u00eda del Estado.<\/li>\r\n \t<li style=\"text-align: justify;\">Asesor\u00edas laborales de centrales sindicales.<\/li>\r\n \t<li style=\"text-align: justify;\">Centros de detenci\u00f3n e instituciones penitenciarias.<\/li>\r\n \t<li style=\"text-align: justify;\">Etc.<\/li>\r\n<\/ul>\r\n<p style=\"text-align: justify;\">Los 90 cr\u00e9ditos ECTS del M\u00e1ster en Abogac\u00eda y Procura por la Universidad de Le\u00f3n se impartir\u00e1n en un periodo de 18 Meses. El plan de estudios distribuye los cr\u00e9ditos en dos fases. La primera comprende un periodo formativo de 60 cr\u00e9ditos ECTS distribuidos en asignaturas con un enfoque eminentemente pr\u00e1ctico, que ser\u00e1n impartidas por profesores, abogados en ejercicio y otros profesionales. Los 30 cr\u00e9ditos ECTS correspondientes a la segunda parte del curso se dedican a un periodo de pr\u00e1cticas dise\u00f1ado, organizado y homologado por los Ilustres Colegios de la Abogac\u00eda y de la Procura de Le\u00f3n .<\/p>\r\n<strong>Salidas profesionales<\/strong>\r\n<p style=\"text-align: justify;\">El M\u00e1ster Universitario en Abogac\u00eda y Procura por la Universidad de Le\u00f3n ofrece una formaci\u00f3n avanzada y especializada en la materia, que capacita al futuro titulado para el ejercicio de la profesi\u00f3n libre, ya sea por cuenta propia o por cuenta ajena.<\/p>\r\n<strong>Destinatarios<\/strong>\r\n<p style=\"text-align: justify;\">Partiendo de la acotaci\u00f3n realizada por el propio Reglamento de acceso a la profesi\u00f3n de abogado, y teniendo en cuenta el documento de la REACU \u201cOrientaciones para la elaboraci\u00f3n de las memorias de verificaci\u00f3n de los t\u00edtulos de M\u00e1ster vinculados al acceso a las profesiones de abogados y procurador\u201d (versi\u00f3n 27-12-2011), cabe concretar, como requisitos espec\u00edficos de acceso y admisi\u00f3n en el M\u00e1ster Universitario en Abogac\u00eda y Procura por la Universidad de Le\u00f3n, que ser\u00e1 preciso (aptdo. 9) \u201cposeer un T\u00edtulo universitario de Licenciado en Derecho, Grado en Derecho (verificados con anterioridad a la publicaci\u00f3n de Real Decreto 775\/2011).<\/p>\r\n<p style=\"text-align: justify;\">En el caso de un t\u00edtulo extranjero, \u00e9ste debe de estar homologado en Espa\u00f1a.<\/p>\r\n<p style=\"text-align: justify;\">Presupuesto lo anterior, y tras advertirse que no se prev\u00e9n pruebas de acceso especiales para el M\u00e1ster Universitario en Abogac\u00eda y Procura, es preciso remitirse a la informaci\u00f3n sobre los requisitos de acceso a las ense\u00f1anzas universitarias oficiales de M\u00e1ster en la Universidad de Le\u00f3n, que se encuentra recogida en:<\/p>\r\n<p style=\"text-align: justify;\"><a href=\"\/\/www.unileon.es\/estudiantes\/estudiantes-que-desean-acceder\">http:\/\/www.unileon.es\/estudiantes\/estudiantes-que-desean-acceder<\/a><\/p>\r\n<p style=\"text-align: justify;\"><a href=\"\/\/www.unileon.es\/estudiantes\/estudiantes-que-desean-acceder\/solicitudes-iniciar-estudios\/master\">http:\/\/www.unileon.es\/estudiantes\/estudiantes-que-desean-acceder\/solicitudes-iniciar-estudios\/master<\/a><\/p>\r\n<p style=\"text-align: justify;\">En esos mismos enlaces se puede obtener toda la informaci\u00f3n relativa a las modalidades de preinscripci\u00f3n en los M\u00e1steres oficiales de la ULE, la documentaci\u00f3n que debe aportar el solicitante, los criterios de valoraci\u00f3n para la adjudicaci\u00f3n de plazas, etc.<\/p>\r\n<p style=\"text-align: justify;\">Asimismo, en la p\u00e1gina http:\/\/www.unileon.es\/estudiantes\/estudiantes-master se encuentra disponible la informaci\u00f3n sobre la \u201cMatr\u00edcula\u201d en los estudios de M\u00e1ster de la Universidad de Le\u00f3n: plazos de matr\u00edcula; documentaci\u00f3n a aportar por el alumno; procedimientos de matriculaci\u00f3n; precios y tarifas de matr\u00edcula \u2013conforme al Decreto de la Junta de Castilla y Le\u00f3n por el que se fijan, para el correspondiente curso acad\u00e9mico, los precios p\u00fablicos por estudios universitarios conducentes a la obtenci\u00f3n de t\u00edtulos oficiales y servicios acad\u00e9micos complementarios en las Universidades p\u00fablicas de Castilla y Le\u00f3n-, as\u00ed como las diversas modalidades de pago y las exenciones y bonificaciones previstas legalmente, etc. En dicha direcci\u00f3n se remite tambi\u00e9n a la Secretar\u00eda Virtual de la web de la Universidad de Le\u00f3n (con su correspondiente tabl\u00f3n de anuncios virtual), a fin de que el estudiante pueda conocer los datos de su expediente, sus notas y calificaciones o la situaci\u00f3n de su matr\u00edcula, pueda adem\u00e1s realizar diversos tr\u00e1mites administrativos y tenga igualmente la oportunidad de informarse de temas actuales de su incumbencia acad\u00e9mica (reconocimiento de cr\u00e9ditos, etc.).<\/p>\r\n<p style=\"text-align: justify;\">Para m\u00e1s informaci\u00f3n sobre estos estudios universitarios oficiales de posgrado de la Universidad de Le\u00f3n puedes dirigirte a:<\/p>\r\n\r\n<ul style=\"list-style-type: disc;\">\r\n \t<li>UNIDAD DE POSGRADO<\/li>\r\n<\/ul>\r\n<p style=\"padding-left: 40px;\">Edificio de Gesti\u00f3n Acad\u00e9mica<\/p>\r\n<p style=\"padding-left: 40px;\">Campus de Vegazana s\/n.<\/p>\r\n<p style=\"padding-left: 40px;\">24071 Le\u00f3n<\/p>\r\n<p style=\"padding-left: 40px;\">Tlfo.: 987 291696<\/p>\r\n<p style=\"padding-left: 40px;\">Fax: 987 291616<\/p>\r\n<p style=\"padding-left: 40px;\"><a href=\"\/\/centros.unileon.es\/derecho\/wp-admin\/posgrado@unileon.es\">posgrado@unileon.es<\/a><\/p>\r\n\r\n<ul style=\"list-style-type: disc;\">\r\n \t<li>FACULTAD DE DERECHO<\/li>\r\n<\/ul>\r\n<p style=\"padding-left: 40px;\">Campus de Vegazana, s\/n<\/p>\r\n<p style=\"padding-left: 40px;\">24071 Le\u00f3n<\/p>\r\n<p style=\"padding-left: 40px;\">Tlfo.: 987 291354 \u2013 1355 \u2013 1357<\/p>\r\n<p style=\"padding-left: 40px;\"><a href=\"\/\/centros.unileon.es\/derecho\/wp-admin\/www3.unileon.es\/ce\/fde\">www3.unileon.es\/ce\/fde<\/a><\/p>","protected":false},"excerpt":{"rendered":"<p>INFORMACI\u00d3N GENERAL: M\u00c1STER UNIVERSITARIO EN ABOGAC\u00cdA Y PROCURA Tr\u00edptico del M\u00e1ster Universitario en Abogac\u00eda y Procura de la Universidad de Le\u00f3n Plan de Estudios M\u00e1ster Universitario en Abogac\u00eda y Procura Gu\u00edas Docentes de las Asignaturas Memoria del T\u00edtulo Convenio con los Ilustres Colegios de la Abogac\u00eda y de la Procura de Le\u00f3n \u00bfQu\u00e9 es? Se [&hellip;]<\/p>\n","protected":false},"author":149,"featured_media":0,"parent":0,"menu_order":0,"comment_status":"closed","ping_status":"closed","template":"","meta":{"footnotes":""},"class_list":["post-2503","page","type-page","status-publish","hentry"],"_links":{"self":[{"href":"https:\/\/centros.unileon.es\/derecho\/wp-json\/wp\/v2\/pages\/2503","targetHints":{"allow":["GET"]}}],"collection":[{"href":"https:\/\/centros.unileon.es\/derecho\/wp-json\/wp\/v2\/pages"}],"about":[{"href":"https:\/\/centros.unileon.es\/derecho\/wp-json\/wp\/v2\/types\/page"}],"author":[{"embeddable":true,"href":"https:\/\/centros.unileon.es\/derecho\/wp-json\/wp\/v2\/users\/149"}],"replies":[{"embeddable":true,"href":"https:\/\/centros.unileon.es\/derecho\/wp-json\/wp\/v2\/comments?post=2503"}],"version-history":[{"count":28,"href":"https:\/\/centros.unileon.es\/derecho\/wp-json\/wp\/v2\/pages\/2503\/revisions"}],"predecessor-version":[{"id":6206,"href":"https:\/\/centros.unileon.es\/derecho\/wp-json\/wp\/v2\/pages\/2503\/revisions\/6206"}],"wp:attachment":[{"href":"https:\/\/centros.unileon.es\/derecho\/wp-json\/wp\/v2\/media?parent=2503"}],"curies":[{"name":"wp","href":"https:\/\/api.w.org\/{rel}","templated":true}]}}