{"id":2493,"date":"2018-10-11T07:31:41","date_gmt":"2018-10-11T07:31:41","guid":{"rendered":"http:\/\/centros.unileon.es\/derecho\/?page_id=2493"},"modified":"2026-02-26T09:37:06","modified_gmt":"2026-02-26T09:37:06","slug":"distribucion-de-grupos-y-aulas","status":"publish","type":"page","link":"https:\/\/centros.unileon.es\/derecho\/distribucion-de-grupos-y-aulas\/","title":{"rendered":"Distribuci\u00f3n de Grupos y Aulas"},"content":{"rendered":"<h3><strong>CURSO 2025\/2026<\/strong><\/h3>\r\n<h4><strong>AULAS ASIGNADAS:<\/strong><\/h4>\r\n<ul>\r\n    <li class=\"first-child last-child\"><a href=\"https:\/\/centros.unileon.es\/derecho\/files\/2025\/09\/2025.08.29.-Aulas-2025-2026.pdf\">Distribuci\u00f3n Aulas &#8211; Curso 2025\/2026<\/a><\/li>\r\n    <li style=\"text-align: justify;\">Las clases de la asignatura optativa de <strong>Inform\u00e1tica jur\u00eddica<\/strong> de 4\u00ba de Grado en Derecho se impartir\u00e1n en el lugar reservado por el Prof. Responsable.<\/li>\r\n<\/ul>\r\n<h4><strong>DISTRIBUCI\u00d3N DE LOS GRUPOS EN TURNO DE MA\u00d1ANA Y TARDE:<\/strong><\/h4>\r\n<ul>\r\n    <li class=\"first-child last-child\"><a href=\"https:\/\/centros.unileon.es\/derecho\/files\/2025\/09\/2025.08.29.-Grupos-2025-2026.pdf\">Distribuci\u00f3n Grupos &#8211; Curso 2025\/2026<\/a><\/li>\r\n<\/ul>\r\n<h4><strong>DISTRIBUCI\u00d3N DE GRUPOS PARA LAS PR\u00c1CTICAS B3:<\/strong><\/h4>\r\n<ul>\r\n    <li><a href=\"https:\/\/centros.unileon.es\/derecho\/files\/2025\/09\/Grupos-B3-2025-2026.pdf\">Grupos B3 2025-2026<\/a><\/li>\r\n<\/ul>\r\n<p style=\"text-align: justify;\"><strong>CAMBIOS DE TURNO CURSO 2025\/2026<\/strong><strong>:<\/strong> La distribuci\u00f3n de grupos de la carrera del Grado en Derecho de la Universidad de Le\u00f3n est\u00e1 definida de forma que quien estudie 1\u00ba y 3\u00ba Curso por la ma\u00f1ana; en 2\u00ba y 4\u00ba ser\u00e1 asignado al grupo de tarde, y viceversa. Los cambios de turno ser\u00e1n concedidos <strong>solo de forma excepcional<\/strong>, \u00fanicamente por uno de los motivos debidamente acreditado contemplados en la convocatoria de cambio de grupos.<\/p>\r\n<p style=\"text-align: justify;\"><em>Convocatoria Ordinaria Inicio de Curso:<\/em><\/p>\r\n\r\n<ul style=\"text-align: justify;\">\r\n    <li class=\"first-child\"><a href=\"https:\/\/centros.unileon.es\/derecho\/files\/2025\/09\/ConvocatoriaCambioGrupo_S1_2025_2026.report.pdf\">Convocatoria Cambios de Turno Curso 2025\/2026 (procedimiento, requisitos, plazos).<\/a><\/li>\r\n    <li><a href=\"https:\/\/centros.unileon.es\/derecho\/files\/2021\/09\/INSTANCIA-CAMBIO-DE-GRUPO-Fac.-Derecho.docx\">Instancia de solicitud de cambio de turno. Grado en Derecho ULE.<\/a><\/li>\r\n    <li><a href=\"https:\/\/centros.unileon.es\/derecho\/files\/2025\/09\/ListadoProvisional-S1_CAMBIOS_TURNO.report.pdf\">Resoluci\u00f3n Provisional cambios turno Curso 2025\/2026<\/a>.<\/li>\r\n    <li><a href=\"https:\/\/centros.unileon.es\/derecho\/files\/2025\/10\/ListadoDefinitivo_-S1_CAMBIOS_TURNO.report.pdf\">Resoluci\u00f3n Definitiva cambios turno Curso 2025\/2026<\/a>.<\/li>\r\n<\/ul>\r\n<em>Convocatoria Extraordinaria Segundo Semestre: <\/em>IMPORTANTE, quienes tengan concedido cambio de grupo desde comienzo de curso, dicho cambio, tiene efectos para todo el Curso,\u00a0 no es necesario que vuelvan a solicitarlo en esta convocatoria.\r\n<ul>\r\n    <li>Convocatoria Cambios de Turno Segundo Semestre Curso 2025\/2026 (procedimiento, requisitos, plazos): Del 2 al 11 de febrero a las 13:00 horas.<\/li>\r\n    <li>Instancia de solicitud de cambio de turno. Grado en Derecho ULE.<\/li>\r\n    <li><a href=\"https:\/\/centros.unileon.es\/derecho\/files\/2026\/02\/resolucion_provisional_cambio_grupo_s2_derecho.pdf\">Resoluci\u00f3n Provisional de cambio de grupo, Semestre Curso 2025\/2026.<\/a><\/li>\r\n    <li><a href=\"https:\/\/centros.unileon.es\/derecho\/files\/2026\/02\/resolucion_definitiva_cambio_grupo_s2_derecho.pdf\"><strong>Resoluci\u00f3n Definitiva cambios turno 2\u00ba Semestre Curso 2025\/2026.<\/strong><\/a><\/li>\r\n<\/ul>","protected":false},"excerpt":{"rendered":"<p>CURSO 2025\/2026 AULAS ASIGNADAS: Distribuci\u00f3n Aulas &#8211; Curso 2025\/2026 Las clases de la asignatura optativa de Inform\u00e1tica jur\u00eddica de 4\u00ba de Grado en Derecho se impartir\u00e1n en el lugar reservado por el Prof. Responsable. DISTRIBUCI\u00d3N DE LOS GRUPOS EN TURNO DE MA\u00d1ANA Y TARDE: Distribuci\u00f3n Grupos &#8211; Curso 2025\/2026 DISTRIBUCI\u00d3N DE GRUPOS PARA LAS PR\u00c1CTICAS [&hellip;]<\/p>\n","protected":false},"author":149,"featured_media":0,"parent":0,"menu_order":0,"comment_status":"closed","ping_status":"closed","template":"","meta":{"footnotes":""},"class_list":["post-2493","page","type-page","status-publish","hentry"],"_links":{"self":[{"href":"https:\/\/centros.unileon.es\/derecho\/wp-json\/wp\/v2\/pages\/2493","targetHints":{"allow":["GET"]}}],"collection":[{"href":"https:\/\/centros.unileon.es\/derecho\/wp-json\/wp\/v2\/pages"}],"about":[{"href":"https:\/\/centros.unileon.es\/derecho\/wp-json\/wp\/v2\/types\/page"}],"author":[{"embeddable":true,"href":"https:\/\/centros.unileon.es\/derecho\/wp-json\/wp\/v2\/users\/149"}],"replies":[{"embeddable":true,"href":"https:\/\/centros.unileon.es\/derecho\/wp-json\/wp\/v2\/comments?post=2493"}],"version-history":[{"count":148,"href":"https:\/\/centros.unileon.es\/derecho\/wp-json\/wp\/v2\/pages\/2493\/revisions"}],"predecessor-version":[{"id":6218,"href":"https:\/\/centros.unileon.es\/derecho\/wp-json\/wp\/v2\/pages\/2493\/revisions\/6218"}],"wp:attachment":[{"href":"https:\/\/centros.unileon.es\/derecho\/wp-json\/wp\/v2\/media?parent=2493"}],"curies":[{"name":"wp","href":"https:\/\/api.w.org\/{rel}","templated":true}]}}