{"id":249,"date":"2013-03-11T16:08:05","date_gmt":"2013-03-11T16:08:05","guid":{"rendered":"http:\/\/centros.unileon.es\/derecho\/?page_id=249"},"modified":"2013-03-11T16:08:05","modified_gmt":"2013-03-11T16:08:05","slug":"conferencia-sobre-la-agencia-estatal-de-la-administracion-tributaria","status":"publish","type":"page","link":"https:\/\/centros.unileon.es\/derecho\/conferencia-sobre-la-agencia-estatal-de-la-administracion-tributaria\/","title":{"rendered":"Conferencia sobre la Agencia Estatal de la Administraci\u00f3n Tributaria"},"content":{"rendered":"El \u00c1rea de Derecho Financiero y Tributario de la Universidad de Le\u00f3n organiza una Conferencia sobre la Agencia Estatal de Administraci\u00f3n Tributaria.\r\n\r\nFecha: Martes 12 de Marzo de 2013 a las 16.30 horas.\r\n\r\nLugar: Sal\u00f3n de Grados de la Facultad de Derecho.\r\n\r\nPara m\u00e1s informaci\u00f3n pincha <a href=\"http:\/\/centros.unileon.es\/derecho\/files\/2013\/03\/Cartel-Conferencia-Agencia-Tributaria.pdf\">aqu\u00ed<\/a>.","protected":false},"excerpt":{"rendered":"<p>El \u00c1rea de Derecho Financiero y Tributario de la Universidad de Le\u00f3n organiza una Conferencia sobre la Agencia Estatal de Administraci\u00f3n Tributaria. Fecha: Martes 12 de Marzo de 2013 a las 16.30 horas. Lugar: Sal\u00f3n de Grados de la Facultad de Derecho. Para m\u00e1s informaci\u00f3n pincha aqu\u00ed.<\/p>\n","protected":false},"author":67,"featured_media":0,"parent":0,"menu_order":0,"comment_status":"closed","ping_status":"open","template":"","meta":{"footnotes":""},"class_list":["post-249","page","type-page","status-publish","hentry"],"_links":{"self":[{"href":"https:\/\/centros.unileon.es\/derecho\/wp-json\/wp\/v2\/pages\/249","targetHints":{"allow":["GET"]}}],"collection":[{"href":"https:\/\/centros.unileon.es\/derecho\/wp-json\/wp\/v2\/pages"}],"about":[{"href":"https:\/\/centros.unileon.es\/derecho\/wp-json\/wp\/v2\/types\/page"}],"author":[{"embeddable":true,"href":"https:\/\/centros.unileon.es\/derecho\/wp-json\/wp\/v2\/users\/67"}],"replies":[{"embeddable":true,"href":"https:\/\/centros.unileon.es\/derecho\/wp-json\/wp\/v2\/comments?post=249"}],"version-history":[{"count":2,"href":"https:\/\/centros.unileon.es\/derecho\/wp-json\/wp\/v2\/pages\/249\/revisions"}],"predecessor-version":[{"id":318,"href":"https:\/\/centros.unileon.es\/derecho\/wp-json\/wp\/v2\/pages\/249\/revisions\/318"}],"wp:attachment":[{"href":"https:\/\/centros.unileon.es\/derecho\/wp-json\/wp\/v2\/media?parent=249"}],"curies":[{"name":"wp","href":"https:\/\/api.w.org\/{rel}","templated":true}]}}