{"id":2485,"date":"2018-10-11T07:10:36","date_gmt":"2018-10-11T07:10:36","guid":{"rendered":"http:\/\/centros.unileon.es\/derecho\/?page_id=2485"},"modified":"2026-01-26T08:38:41","modified_gmt":"2026-01-26T08:38:41","slug":"horarios-grado-derecho-ule","status":"publish","type":"page","link":"https:\/\/centros.unileon.es\/derecho\/horarios-grado-derecho-ule\/","title":{"rendered":"Horarios Grado en Derecho"},"content":{"rendered":"<h3><strong>CALENDARIO GENERAL DE LA UNIVERSIDAD DE LE\u00d3N<\/strong><\/h3>\r\n<ul>\r\n \t<li><a href=\"https:\/\/centros.unileon.es\/derecho\/files\/2024\/11\/calendario_escolar_grados_master_2024_2025.pdf\">Calendario Lectivo ULE Grado Curso 2025\/2026<\/a><\/li>\r\n<\/ul>\r\n<h3 style=\"text-align: justify;\"><strong>HORARIOS DE CLASES GRADO EN DERECHO<\/strong><\/h3>\r\nFecha de comienzo de las clases Curso 2025\/2026: <strong>lunes 8 de septiembre de 2025<\/strong>.\r\n\r\n<strong>Los estudiantes de Primer Curso<\/strong> del Grado en Derecho el lunes 8 de septiembre, en lugar de clases tendr\u00e1n la <strong>Jornada de Acogida<\/strong><strong>\u00a0a las 12:30<\/strong>, en el Sal\u00f3n de Grados de la Facultad de Derecho, en la que se les dar\u00e1 informaci\u00f3n sobre la titulaci\u00f3n y el centro.\r\n<h3><strong>HORARIOS<\/strong><\/h3>\r\n<ul>\r\n \t<li><a href=\"https:\/\/centros.unileon.es\/derecho\/files\/2025\/07\/Horario-Tipo-Grado-Derecho-2025-26-1.pdf\">Horario Tipo Grado Derecho 2025\/2026<\/a> (el horario concreto de cada semana hay que consultarlo en el <em>google calendar<\/em>).<\/li>\r\n<\/ul>\r\n<h3><strong>CALENDARIO DE EX\u00c1MENES<\/strong><\/h3>\r\n<ul>\r\n \t<li><a href=\"https:\/\/centros.unileon.es\/derecho\/files\/2026\/01\/Examenes-Grado-Derecho_2025_2026-Actualizado-Enero2026.pdf\">Ex\u00e1menes Grado Derecho Curso 2025\/2026<\/a><\/li>\r\n<\/ul>\r\n<div class=\"entry-content\">\r\n<h3><strong>PRIMER CURSO:<\/strong><\/h3>\r\n<\/div>\r\n<p style=\"padding-left: 30px;\"><iframe loading=\"lazy\" style=\"border-width: 0;\" src=\"\/\/calendar.google.com\/calendar\/embed?title=Horarios%201%C2%BA%20G%20Derecho%20%28Grupo%20Ma%C3%B1ana%29&amp;mode=WEEK&amp;height=500&amp;wkst=2&amp;bgcolor=%23FFFFFF&amp;src=npi5flfaj8c834m1g3chib3obg%40group.calendar.google.com&amp;color=%23711616&amp;src=a9oh1etk3cai3u63mjj96mr3e4%40group.calendar.google.com&amp;color=%235F6B02&amp;src=t60oql8ohv97g17a3tl64dhrss%40group.calendar.google.com&amp;color=%238D6F47&amp;src=ejnfknbroom8jla4d2h960d51g%40group.calendar.google.com&amp;color=%232952A3&amp;src=4ssglji46o3qn6q8jjvbrlfdv4%40group.calendar.google.com&amp;color=%23AB8B00&amp;src=82r7qmt2avfd8ao84tlmqfcev8%40group.calendar.google.com&amp;color=%2323164E&amp;src=al0v5err69t1m6bg7hfqqbtqlc%40group.calendar.google.com&amp;color=%23875509&amp;src=6fvl3qfa8f69p7hua1mun1gsqc%40group.calendar.google.com&amp;color=%23AB8B00&amp;src=rtn9p2ug2fcolk4ejt5pkkcj58%40group.calendar.google.com&amp;color=%232F6309&amp;src=dhlbcf22hkre5qmi695k5ravn4%40group.calendar.google.com&amp;color=%23B1440E&amp;src=calendario.lectivo.ule%40gmail.com&amp;color=%23711616&amp;ctz=Europe%2FMadrid\" width=\"600\" height=\"500\" frameborder=\"0\" scrolling=\"no\"><\/iframe><\/p>\r\n\r\n<h4 style=\"padding-left: 30px;\"><iframe loading=\"lazy\" style=\"border-width: 0;\" src=\"\/\/calendar.google.com\/calendar\/embed?title=Horarios%201%C2%BA%20G%20Derecho%20%28Grupo%20Tarde%29&amp;mode=WEEK&amp;height=500&amp;wkst=2&amp;bgcolor=%23FFFFFF&amp;src=facu8piru6ujb5gev2i3q2s8d8%40group.calendar.google.com&amp;color=%238C500B&amp;src=utdbsu9djbicong4vdnvqpigmk%40group.calendar.google.com&amp;color=%230F4B38&amp;src=6obgtdl2sr5cpmbb77orqaglvk%40group.calendar.google.com&amp;color=%23AB8B00&amp;src=e35k4hoogo3vhb3rkplt2u12jg%40group.calendar.google.com&amp;color=%238D6F47&amp;src=gj66vr94uuk85l0co0io6gl7vg%40group.calendar.google.com&amp;color=%232F6309&amp;src=eghcvaltdlg04k88m6gfnjll3g%40group.calendar.google.com&amp;color=%23B1365F&amp;src=s1k9bcepujpbk237i9dkvklqks%40group.calendar.google.com&amp;color=%232F6309&amp;src=9rribnl33p0ju9vt3q1bqr9s50%40group.calendar.google.com&amp;color=%23B1365F&amp;src=a99aqn75gh3nudquoldnd464us%40group.calendar.google.com&amp;color=%232952A3&amp;src=14cni8q1e3bcrrfhp9l5g93mgs%40group.calendar.google.com&amp;color=%238D6F47&amp;ctz=Europe%2FMadrid\" width=\"600\" height=\"500\" frameborder=\"0\" scrolling=\"no\"><\/iframe><\/h4>\r\n<h3><strong>SEGUNDO CURSO:<\/strong><\/h3>\r\n<p style=\"padding-left: 30px;\"><iframe loading=\"lazy\" style=\"border-width: 0;\" src=\"\/\/calendar.google.com\/calendar\/embed?title=Horarios%202%C2%BA%20G%20Derecho%20%28Grupo%20Ma%C3%B1ana%29&amp;mode=WEEK&amp;height=500&amp;wkst=2&amp;bgcolor=%23FFFFFF&amp;src=l8qflacp3ogtag4ds3qbk0203s%40group.calendar.google.com&amp;color=%232952A3&amp;src=fhk7f7iugdgrf5dbdqekosttp4%40group.calendar.google.com&amp;color=%238C500B&amp;src=hd6pq49qsp3dpqfbr1pm7crbcg%40group.calendar.google.com&amp;color=%23B1365F&amp;src=jls2picl6kss01cfk6efnbfbb8%40group.calendar.google.com&amp;color=%2323164E&amp;src=uim16os8e6gu783hu3g7cthobk%40group.calendar.google.com&amp;color=%2329527A&amp;src=rj2ahe66kiun6fv0po3jjq49c8%40group.calendar.google.com&amp;color=%23AB8B00&amp;src=t1p7nch26fr0h2rl5pu44rhjq4%40group.calendar.google.com&amp;color=%23711616&amp;src=auatkn14js15as0dl1aqsi9udc%40group.calendar.google.com&amp;color=%232952A3&amp;src=289cu1ldejtovj2o006tlia5v0%40group.calendar.google.com&amp;color=%2329527A&amp;src=ikjvm4ha5mcg00g0karcon75to%40group.calendar.google.com&amp;color=%23182C57&amp;src=calendario.lectivo.ule%40gmail.com&amp;color=%23711616&amp;ctz=Europe%2FMadrid\" width=\"600\" height=\"500\" frameborder=\"0\" scrolling=\"no\"><\/iframe><\/p>\r\n<p style=\"padding-left: 30px;\"><iframe loading=\"lazy\" style=\"border-width: 0;\" src=\"\/\/calendar.google.com\/calendar\/embed?title=Horarios%202%C2%BA%20G%20Derecho%20%28Grupo%20Tarde%29&amp;mode=WEEK&amp;height=500&amp;wkst=2&amp;bgcolor=%23FFFFFF&amp;src=k9h27i4rf5ouufpj6u38l2ch6s%40group.calendar.google.com&amp;color=%230F4B38&amp;src=vomdjsmhaq9mq0t9c8dnb3cr8c%40group.calendar.google.com&amp;color=%23853104&amp;src=o3hqkt7n497jsu28isolar2kh8%40group.calendar.google.com&amp;color=%235229A3&amp;src=e0lejum713dk3blmn0phba7o6s%40group.calendar.google.com&amp;color=%23AB8B00&amp;src=4e23fms2b6fq8ems4hj7maef84%40group.calendar.google.com&amp;color=%2329527A&amp;src=jr9uuflfuncdg4crk7o1mpb9ms%40group.calendar.google.com&amp;color=%232F6309&amp;src=7hm7jajqs87a4cjcujpf2qssno%40group.calendar.google.com&amp;color=%2323164E&amp;src=ttfmmbp2b99493s00vvgil58l4%40group.calendar.google.com&amp;color=%23B1365F&amp;src=7huhul7ecrvdl6o3oc1dmtkhr8%40group.calendar.google.com&amp;color=%232952A3&amp;src=okbu2o6np6d8kao7311ggpp068%40group.calendar.google.com&amp;color=%235F6B02&amp;src=calendario.lectivo.ule%40gmail.com&amp;color=%23711616&amp;ctz=Europe%2FMadrid\" width=\"600\" height=\"500\" frameborder=\"0\" scrolling=\"no\"><\/iframe><\/p>\r\n\r\n<div class=\"entry-content\">\r\n<h3><strong>TERCER CURSO:<\/strong><\/h3>\r\n<p style=\"padding-left: 30px;\"><iframe loading=\"lazy\" style=\"border-width: 0;\" src=\"\/\/calendar.google.com\/calendar\/embed?title=Horarios%203%C2%BA%20G%20Derecho%20%28Grupo%20Ma%C3%B1ana%29&amp;mode=WEEK&amp;height=500&amp;wkst=2&amp;bgcolor=%23FFFFFF&amp;src=3sr38g4q6uh2p25pcn5sv0ct28%40group.calendar.google.com&amp;color=%232F6309&amp;src=sjd43ameedh9mbu7vur0qerehk%40group.calendar.google.com&amp;color=%23182C57&amp;src=n71o6fp0eqg4uapspnk7eo2038%40group.calendar.google.com&amp;color=%23AB8B00&amp;src=6l8rummsg1ggrk1bklsb06q6bo%40group.calendar.google.com&amp;color=%2329527A&amp;src=ahlkvpdbnrg2ajcvmamiev35is%40group.calendar.google.com&amp;color=%230F4B38&amp;src=gbukjhm5l7i9s5hep6890rpp28%40group.calendar.google.com&amp;color=%236B3304&amp;src=2mi7o8ifr0qkp4c0vha5adlr04%40group.calendar.google.com&amp;color=%23853104&amp;src=79b6a09gsmi5rl68ncbh3f36cc%40group.calendar.google.com&amp;color=%238D6F47&amp;src=pe1lb2p245k17ekosvvci8980o%40group.calendar.google.com&amp;color=%238C500B&amp;src=5gdrn73b2tfq4ssa9teb433h84%40group.calendar.google.com&amp;color=%235229A3&amp;src=tdhauh8kk3kma5in2575iqcsc8%40group.calendar.google.com&amp;color=%23B1440E&amp;src=calendario.lectivo.ule%40gmail.com&amp;color=%23711616&amp;ctz=Europe%2FMadrid\" width=\"600\" height=\"500\" frameborder=\"0\" scrolling=\"no\"><\/iframe><\/p>\r\n\r\n<h4 style=\"padding-left: 30px;\"><iframe loading=\"lazy\" style=\"border-width: 0;\" src=\"\/\/calendar.google.com\/calendar\/embed?title=Horarios%203%C2%BA%20G%20Derecho%20%28Grupo%20Tarde%29&amp;mode=WEEK&amp;height=500&amp;wkst=2&amp;bgcolor=%23FFFFFF&amp;src=cjs2evtlb156hkfjr55c99f7tg%40group.calendar.google.com&amp;color=%23333333&amp;src=8qo32na71j29tn1839agncilm0%40group.calendar.google.com&amp;color=%235229A3&amp;src=jtl9cqfnlk95nquval4t91f2c4%40group.calendar.google.com&amp;color=%23B1365F&amp;src=gal1e5usceq81k4g103bjtcqh8%40group.calendar.google.com&amp;color=%23875509&amp;src=vr049kchmm97rhhr2mo664k774%40group.calendar.google.com&amp;color=%23AB8B00&amp;src=369st4p0kokl9i9ds4jfr6qajk%40group.calendar.google.com&amp;color=%23691426&amp;src=nj7uvj1l52tkhjrageqrtmqsfk%40group.calendar.google.com&amp;color=%230F4B38&amp;src=icbqop1ds5b7uuaadafkl7aorc%40group.calendar.google.com&amp;color=%23333333&amp;src=ibjgrv0h3th3fp0lkm71d26khs%40group.calendar.google.com&amp;color=%232F6309&amp;src=kuakt2bnv7tjo1o24bscc9iekc%40group.calendar.google.com&amp;color=%2329527A&amp;src=ti53e9rt81cm6fq03rf7hef62k%40group.calendar.google.com&amp;color=%230F4B38&amp;src=calendario.lectivo.ule%40gmail.com&amp;color=%23711616&amp;ctz=Europe%2FMadrid\" width=\"600\" height=\"500\" frameborder=\"0\" scrolling=\"no\"><\/iframe><\/h4>\r\n<h3><strong>CUARTO CURSO:<\/strong><\/h3>\r\n<p style=\"padding-left: 30px;\"><iframe loading=\"lazy\" style=\"border-width: 0;\" src=\"\/\/calendar.google.com\/calendar\/embed?title=Horarios%204%C2%BA%20G%20Derecho%20(Grupo%20Ma%C3%B1ana)&amp;mode=WEEK&amp;height=600&amp;wkst=2&amp;bgcolor=%23FFFFFF&amp;src=9v4hsflivkrb8aari76jmm0hi0%40group.calendar.google.com&amp;color=%235229A3&amp;src=oiglkcriav2b2ucpfaumd17cng%40group.calendar.google.com&amp;color=%23865A5A&amp;src=aecp76fn8b4leinhiua5n5bqho%40group.calendar.google.com&amp;color=%2323164E&amp;src=9gcgdp71iea8ck08n6s4iuur1c%40group.calendar.google.com&amp;color=%2342104A&amp;src=1k4vpmcbvfaas9mqv4l6qle0tk%40group.calendar.google.com&amp;color=%23333333&amp;src=ierv9rabjeikvskin2kdfllbqk%40group.calendar.google.com&amp;color=%230F4B38&amp;src=dl1q0hn3vpkgf5p583lsp01lk4%40group.calendar.google.com&amp;color=%232F6309&amp;src=v2thq55c3evf9o79e9g25c30f4%40group.calendar.google.com&amp;color=%231B887A&amp;src=u0mg4a8cm64n895i51ucngpjc0%40group.calendar.google.com&amp;color=%2329527A&amp;src=gstmlujkge8fidrlrr86gmck8g%40group.calendar.google.com&amp;color=%2342104A&amp;src=2mjb0u5eccuj8pdih4poasdgc8%40group.calendar.google.com&amp;color=%230F4B38&amp;src=c2ouv6n8mrjpfanqd5kv4s86ho%40group.calendar.google.com&amp;color=%236B3304&amp;src=ki9493resq6hn18o448815heno%40group.calendar.google.com&amp;color=%23182C57&amp;src=4n62v7jgfhu0cp3vrv2f92got8%40group.calendar.google.com&amp;color=%23711616&amp;src=12fj70cm38vl01tagalvhcsmfo%40group.calendar.google.com&amp;color=%23853104&amp;src=4bq49hlu2num6sl2ida5k2nq04%40group.calendar.google.com&amp;color=%23AB8B00&amp;src=eq2rrgr9bk3re6ev8keojavl00%40group.calendar.google.com&amp;color=%23333333&amp;src=n6appim3aad8k9qdttm3u9mha8%40group.calendar.google.com&amp;color=%238C500B&amp;src=oadap45e1vk8gse38hiq3m60g4%40group.calendar.google.com&amp;color=%232952A3&amp;src=1sq4r4gk1s7g5mkvuiuld3tu44%40group.calendar.google.com&amp;color=%235F6B02&amp;src=7l1df0qg4jk3i6qe9i24qpjh64%40group.calendar.google.com&amp;color=%235229A3&amp;src=8ca5144dd2ed10b5fb78750a3f40ff1a0c84bcee574aa51492d7f3ac12193f95%40group.calendar.google.com&amp;color=%23C2A73C&amp;src=55c37962f872f323603639b814e887d56734c01f25a2f152fd312e3d4e649dcc%40group.calendar.google.com&amp;color=%23E4C441&amp;src=calendario.lectivo.ule%40gmail.com&amp;color=%23711616&amp;ctz=Europe%2FMadrid\" width=\"600\" height=\"600\" frameborder=\"0\" scrolling=\"no\"><\/iframe><\/p>\r\n<iframe loading=\"lazy\" style=\"border-width: 0;\" src=\"\/\/calendar.google.com\/calendar\/embed? title=Horarios%204%C2%BA%20G%20Derecho%20(Grupo%20Tarde)&amp;mode=WEEK&amp;height=600&amp;wkst=2&amp;bgcolor=%23FFFFFF&amp;src=9v4hsflivkrb8aari76jmm0hi0%40group.calendar.google.com&amp;color=%235229A3&amp;src=oiglkcriav2b2ucpfaumd17cng%40group.calendar.google.com&amp;color=%23865A5A&amp;src=aecp76fn8b4leinhiua5n5bqho%40group.calendar.google.com&amp;color=%2323164E&amp;src=sgm749orl10p4t25gje2bj4ufk%40group.calendar.google.com&amp;color=%23B1365F&amp;src=uebn9vfne2au36oj0t9go00m50%40group.calendar.google.com&amp;color=%2342104A&amp;src=tb1fndtpk3ctb6pgn7p01vfba8%40group.calendar.google.com&amp;color=%23182C57&amp;src=dl1q0hn3vpkgf5p583lsp01lk4%40group.calendar.google.com&amp;color=%232F6309&amp;src=v2thq55c3evf9o79e9g25c30f4%40group.calendar.google.com&amp;color=%231B887A&amp;src=u0mg4a8cm64n895i51ucngpjc0%40group.calendar.google.com&amp;color=%2329527A&amp;src=gstmlujkge8fidrlrr86gmck8g%40group.calendar.google.com&amp;color=%2342104A&amp;src=2mjb0u5eccuj8pdih4poasdgc8%40group.calendar.google.com&amp;color=%230F4B38&amp;src=c2ouv6n8mrjpfanqd5kv4s86ho%40group.calendar.google.com&amp;color=%236B3304&amp;src=ki9493resq6hn18o448815heno%40group.calendar.google.com&amp;color=%23182C57&amp;src=qut2djspsupe930k56v0lbagg4%40group.calendar.google.com&amp;color=%2342104A&amp;src=gurla13is2ql98643uqleqdbr8%40group.calendar.google.com&amp;color=%23875509&amp;src=4bq49hlu2num6sl2ida5k2nq04%40group.calendar.google.com&amp;color=%23AB8B00&amp;src=eq2rrgr9bk3re6ev8keojavl00%40group.calendar.google.com&amp;color=%23333333&amp;src=n6appim3aad8k9qdttm3u9mha8%40group.calendar.google.com&amp;color=%238C500B&amp;src=oadap45e1vk8gse38hiq3m60g4%40group.calendar.google.com&amp;color=%232952A3&amp;src=1sq4r4gk1s7g5mkvuiuld3tu44%40group.calendar.google.com&amp;color=%235F6B02&amp;src=7l1df0qg4jk3i6qe9i24qpjh64%40group.calendar.google.com&amp;color=%235229A3&amp;src=calendario.lectivo.ule%40gmail.com&amp;color=%23711616&amp;ctz=Europe%2FMadrid\" width=\"600\" height=\"600\" frameborder=\"0\" scrolling=\"no\"><\/iframe>\r\n\r\n&nbsp;\r\n\r\n<\/div>","protected":false},"excerpt":{"rendered":"<p>CALENDARIO GENERAL DE LA UNIVERSIDAD DE LE\u00d3N Calendario Lectivo ULE Grado Curso 2025\/2026 HORARIOS DE CLASES GRADO EN DERECHO Fecha de comienzo de las clases Curso 2025\/2026: lunes 8 de septiembre de 2025. Los estudiantes de Primer Curso del Grado en Derecho el lunes 8 de septiembre, en lugar de clases tendr\u00e1n la Jornada de [&hellip;]<\/p>\n","protected":false},"author":149,"featured_media":0,"parent":0,"menu_order":0,"comment_status":"closed","ping_status":"closed","template":"","meta":{"footnotes":""},"class_list":["post-2485","page","type-page","status-publish","hentry"],"_links":{"self":[{"href":"https:\/\/centros.unileon.es\/derecho\/wp-json\/wp\/v2\/pages\/2485","targetHints":{"allow":["GET"]}}],"collection":[{"href":"https:\/\/centros.unileon.es\/derecho\/wp-json\/wp\/v2\/pages"}],"about":[{"href":"https:\/\/centros.unileon.es\/derecho\/wp-json\/wp\/v2\/types\/page"}],"author":[{"embeddable":true,"href":"https:\/\/centros.unileon.es\/derecho\/wp-json\/wp\/v2\/users\/149"}],"replies":[{"embeddable":true,"href":"https:\/\/centros.unileon.es\/derecho\/wp-json\/wp\/v2\/comments?post=2485"}],"version-history":[{"count":113,"href":"https:\/\/centros.unileon.es\/derecho\/wp-json\/wp\/v2\/pages\/2485\/revisions"}],"predecessor-version":[{"id":5071,"href":"https:\/\/centros.unileon.es\/derecho\/wp-json\/wp\/v2\/pages\/2485\/revisions\/5071"}],"wp:attachment":[{"href":"https:\/\/centros.unileon.es\/derecho\/wp-json\/wp\/v2\/media?parent=2485"}],"curies":[{"name":"wp","href":"https:\/\/api.w.org\/{rel}","templated":true}]}}