{"id":2480,"date":"2018-10-11T06:54:38","date_gmt":"2018-10-11T06:54:38","guid":{"rendered":"http:\/\/centros.unileon.es\/derecho\/?page_id=2480"},"modified":"2026-01-20T21:23:48","modified_gmt":"2026-01-20T21:23:48","slug":"trabajos-fin-de-grado","status":"publish","type":"page","link":"https:\/\/centros.unileon.es\/derecho\/trabajos-fin-de-grado\/","title":{"rendered":"Trabajos Fin de Grado"},"content":{"rendered":"<p style=\"text-align: justify;\"><strong>INFORMACI\u00d3N GENERAL SOBRE TRABAJOS FIN DE GRADO<\/strong><\/p>\r\n<p style=\"text-align: justify;\">El Trabajo de Fin de Grado (TFG) consiste en un trabajo aut\u00f3nomo e individual que cada estudiante realizar\u00e1 bajo la orientaci\u00f3n de un tutor (quien actuar\u00e1 como dinamizador y facilitador del proceso de aprendizaje), y le permitir\u00e1 mostrar de forma integrada los contenidos formativos recibidos y las competencias adquiridas asociadas al T\u00edtulo de Grado.<\/p>\r\n<p style=\"text-align: justify;\"><strong>NORMATIVA TRABAJOS FIN DE GRADO<\/strong><\/p>\r\n\r\n<ul style=\"text-align: justify;\">\r\n \t<li><a href=\"https:\/\/centros.unileon.es\/derecho\/files\/2022\/06\/2022.04.05.-Reglamento-TFG-ULE-15.11.2019-modificado-5-de-abril-de-2022.pdf\">Reglamento Trabajo Fin de Grado de la Universidad de Le\u00f3n (BOCYL-12\/04\/2022)<\/a><\/li>\r\n \t<li style=\"text-align: justify;\"><a href=\"https:\/\/centros.unileon.es\/derecho\/files\/2020\/02\/Reglamento-TFG-Aprobado-Ejecutiva-23.01.2020_PRO.pdf\">Reglamento Trabajos Fin de Grado Derecho (aprobado el 23\/01\/2020)<\/a><\/li>\r\n \t<li><a href=\"https:\/\/centros.unileon.es\/derecho\/files\/2019\/08\/pautas-de-actuaci\u00f3n-en-los-supuestos-de-plagio-copio-o-fraude-en-ex\u00e1menes-o-pruebas-de-evaluaci\u00f3n-1.pdf\">Pautas de actuaci\u00f3n en los supuestos de plagio, copia o fraude en ex\u00e1menes o pruebas de evaluaci\u00f3n (aprobadas en Consejo de Gobierno de 29\/01\/2015)<\/a><\/li>\r\n \t<li>ANEXO 1: <a href=\"https:\/\/centros.unileon.es\/derecho\/files\/2020\/04\/ANEXO-1.-Solicitud-cambio-de-tutor-TFG.docx\">Solicitud Cambio de Tutor TFG<\/a><\/li>\r\n \t<li>ANEXO 2: <a href=\"https:\/\/centros.unileon.es\/derecho\/files\/2020\/04\/ANEXO-2.-Solicitud-cambio-de-tutorando-TFG.docx\">Solicitud Cambio de Tutorando TFG<\/a><\/li>\r\n \t<li>ANEXO 3: <a href=\"https:\/\/centros.unileon.es\/derecho\/files\/2020\/04\/Anexo3_TFGPortada_2019.doc\">Modelo de Portada TFG<\/a><\/li>\r\n \t<li>ANEXO 4: <a href=\"https:\/\/centros.unileon.es\/derecho\/files\/2020\/05\/ANEXO-4.-Modelo-Calificaci\u00f3n-TutorTFG-2.docx\">Modelo Informe\/Calificaci\u00f3n Tutor TFG<\/a><\/li>\r\n \t<li>ANEXO 5: <a href=\"https:\/\/centros.unileon.es\/derecho\/files\/2020\/04\/ANEXO-5.-Modelo-Preacuerdo-Tutorizacion-TFG.docx\">Preacuerdo Tutorizacion TFG<\/a><\/li>\r\n \t<li>ANEXO 6: <a href=\"https:\/\/centros.unileon.es\/derecho\/files\/2021\/03\/ANEXO-6.-Modelo-Autorizacion-Publicacion-Abierto-TFG.TFM_.docx\">Autorizaci\u00f3n P\u00fablicaci\u00f3n Abierto TFG\/TFM<\/a><\/li>\r\n<\/ul>\r\n<h4 style=\"text-align: justify;\"><strong>PROCEDIMIENTO DE ASIGNACI\u00d3N DE TUTORES\r\n<\/strong><\/h4>\r\n<p style=\"text-align: justify;\"><strong>Requisitos para solicitar asignaci\u00f3n de Tutor de TFG:<\/strong><\/p>\r\n\r\n<ul style=\"text-align: justify;\">\r\n \t<li style=\"text-align: justify;\">Estar <strong>matriculado<\/strong> en la Asignatura de TFG de acuerdo con la normativa correspondiente <strong>o<\/strong> haber firmado un <strong>compromiso de matr\u00edcula<\/strong> en la misma (tanto para matricularse como para poder firmar este compromiso es obligatorio matricularse de todas las Asignaturas restantes).<\/li>\r\n \t<li style=\"text-align: justify;\">Haber superado <strong>al menos 174 cr\u00e9ditos de la titulaci\u00f3n<\/strong>.<\/li>\r\n \t<li style=\"text-align: justify;\">Habr\u00e1 otro <strong>proceso de asignaci\u00f3n a comienzos del 2\u00ba Semestre<\/strong>.<\/li>\r\n<\/ul>\r\n<p style=\"text-align: justify;\"><strong>Hitos m\u00e1s importantes<\/strong> en el procedimiento de asignaci\u00f3n de tutores:<\/p>\r\n\r\n<ul style=\"text-align: justify;\">\r\n \t<li>Plazo para que los Profesores con docencia en el Centro oferten l\u00edneas de investigaci\u00f3n y plazas: principios de octubre.<\/li>\r\n \t<li>Finaliza el plazo para que, si Tutor o Estudiante los desean puedan renunciar al Estudiante \/Tutor respectivamente del Curso anterior: mediados de octubre.<\/li>\r\n \t<li style=\"text-align: justify;\">Presentaci\u00f3n de Preacuerdos de Tutorizaci\u00f3n de Trabajos Fin de Grado: mediados de octubre.<\/li>\r\n \t<li class=\"last-child\" style=\"text-align: justify;\"><strong>Acto de elecci\u00f3n de Tutor. Sal\u00f3n de Grados: segunda quincena de octubre en fecha que ser\u00e1 comunicada en moodle.\r\n<\/strong><\/li>\r\n<\/ul>\r\n<p style=\"text-align: justify;\"><strong><a href=\"https:\/\/centros.unileon.es\/derecho\/files\/2019\/09\/Reglas-Procedimiento-Asignaci\u00f3n-Tutores-TFG_PRO.pdf\">Procedimiento de asignaci\u00f3n de tutores del TFG en Derecho<\/a><\/strong> de Trabajo Fin de Grado en Derecho (aprobado en Junta de Facultad de 13 de julio de 2010):<\/p>\r\n<p style=\"text-align: justify;\"><strong>Oferta de l\u00edneas de investigaci\u00f3n y plazas de los Trabajos Fin de Grado<\/strong><\/p>\r\n\r\n<ul style=\"text-align: justify;\">\r\n \t<li class=\"first-child last-child\">Oferta temas y tutores TFG (disponible en moodle).<\/li>\r\n<\/ul>\r\n<p style=\"text-align: justify;\"><strong>Resoluci\u00f3n del proceso de asignaci\u00f3n de Tutores de los Trabajos Fin de Grado en Derecho<\/strong><\/p>\r\n\r\n<ul style=\"text-align: justify;\">\r\n \t<li>Asignaci\u00f3n Tutores TFG (disponible en moodle).<\/li>\r\n<\/ul>\r\n<h3 style=\"text-align: justify;\"><\/h3>\r\n<h3 style=\"text-align: justify;\"><strong>TRABAJOS FIN DE GRADO CURSO ACAD\u00c9MICO\r\n<\/strong><\/h3>\r\n<p style=\"text-align: justify;\"><strong>DEP\u00d3SITO Y DEFENSA DE TFG<\/strong><\/p>\r\n\r\n<ul style=\"text-align: justify;\">\r\n \t<li><strong>Tres convocatorias ordinarias<\/strong>: febrero, julio y septiembre (el estudiante elije a cu\u00e1l de ellas quiere presentarse, con un m\u00e1ximo de dos por curso, por defecto se asignan las dos \u00faltimas convocatorias).<\/li>\r\n \t<li><strong>Convocatoria extraordinaria de diciembre<\/strong> (para quienes cumplan los requisitos para acceder a ella).<\/li>\r\n \t<li>El proceso de dep\u00f3sito y defensa del trabajo se gestiona on-line, se tendr\u00e1 que solicitar la defensa y subir el pdf. del trabajo, a trav\u00e9s de la plataforma ULE para Trabajos Fin de Grado: <em><strong>https:\/\/tfg.unileon.es<\/strong><\/em><\/li>\r\n<\/ul>\r\n<h3>Solicitud y matr\u00edcula en la <strong>convocatoria de diciembre<\/strong>. TODA LA INFORMACI\u00d3N <a href=\"https:\/\/www.unileon.es\/estudiantes\/oferta-academica\/grados\/matricula\/convocatorias-de-evaluacion-examenes\/diciembre\" target=\"_blank\" rel=\"noopener\">AQU\u00cd<\/a><\/h3>\r\n<h3><em><strong>Convocatoria Extraordinaria de diciembre 2025<\/strong><\/em><\/h3>\r\n<div class=\"gmail_default\">\r\n<ul>\r\n \t<li><strong>Plazo de Dep\u00f3sito:\u00a0<\/strong>del 6 al 10 de diciembre de 2025, a trav\u00e9s de la plataforma: <a href=\"https:\/\/tfg.unileon.es\/\" target=\"_blank\" rel=\"noopener\" data-saferedirecturl=\"https:\/\/www.google.com\/url?q=https:\/\/tfg.unileon.es\/&amp;source=gmail&amp;ust=1700118150176000&amp;usg=AOvVaw0lPBgdJSpXqdZ-OyMm6Ql9\">https:\/\/tfg.<wbr \/>unileon.es<\/a>.<\/li>\r\n \t<li><strong>Fecha de Defensa:<\/strong> 16 de diciembre de 2025.<\/li>\r\n \t<li><strong>Cierre de Actas:<\/strong> 19 de diciembre de 2025.<\/li>\r\n<\/ul>\r\n<\/div>\r\n<div>\r\n<div>\r\n<div>\r\n<h3><i><b>Convocatoria de febrero 2026<\/b><\/i><\/h3>\r\n<ul>\r\n \t<li><strong>Plazo para solicitar la convocatoria:<\/strong> del 16 al 20 de febrero de 2026.<\/li>\r\n \t<li><strong>Plazo de Dep\u00f3sito:<\/strong>\u00a0del 21 de febrero al 25 de\u00a0 febrero de 2026 (hasta las 14:00 horas), a trav\u00e9s de la plataforma:\u00a0<a href=\"https:\/\/tfg.unileon.es\/\" target=\"_blank\" rel=\"noopener\" data-saferedirecturl=\"https:\/\/www.google.com\/url?q=https:\/\/tfg.unileon.es\/&amp;source=gmail&amp;ust=1769030020747000&amp;usg=AOvVaw0X9w5INwnkNGMVGh94lZQ-\">https:\/\/tfg.<wbr \/>unileon.es<\/a>.<\/li>\r\n \t<li><strong>Fecha de Defensa:<\/strong>\u00a03 de marzo de 2026.<\/li>\r\n \t<li><strong>Cierre de Actas:<\/strong> 6 de marzo de 2026.<\/li>\r\n<\/ul>\r\n<h3><i><b>Convocatoria de julio 2026<\/b><\/i><\/h3>\r\n<ul>\r\n \t<li><b>Plazo para solicitar la convocatoria<\/b> (solo hay que solicitar convocatoria en caso de que se haya consumido la de febrero):<\/li>\r\n \t<li><b>Plazo de Dep\u00f3sito:<\/b> fecha por determinar, a trav\u00e9s de la plataforma:<span style=\"font-family: verdana, sans-serif;\">\u00a0<a href=\"https:\/\/tfg.unileon.es.\">https:\/\/tfg.<wbr \/>unileon.es.<\/a><\/span><\/li>\r\n \t<li><b>Fecha de Defensa:<\/b> \u00a0fecha por determinar.<\/li>\r\n \t<li><b>Cierre de actas:<\/b> 21 de julio de 2026.<\/li>\r\n<\/ul>\r\n<h3><i><b>Convocatoria de septiembre 2026<\/b><\/i><\/h3>\r\n<ul>\r\n \t<li><b>Plazo de Dep\u00f3sito:<\/b> fecha por determinar, a trav\u00e9s de la plataforma:<span style=\"font-family: garamond, times new roman, serif; font-size: large;\">\u00a0<a href=\"https:\/\/tfg.unileon.es\/\" target=\"_blank\" rel=\"noopener\" data-saferedirecturl=\"https:\/\/www.google.com\/url?q=https:\/\/tfg.unileon.es\/&amp;source=gmail&amp;ust=1756816872753000&amp;usg=AOvVaw1HFzQQXK4t5HBKM09YeTQx\">https:\/\/tfg.<wbr \/>unileon.es<\/a>.<\/span><\/li>\r\n \t<li style=\"text-align: justify;\"><b>Fecha de Defensa:<\/b> fecha por determinar.<b>\r\n<\/b><\/li>\r\n \t<li style=\"text-align: justify;\"><b>Cierre de actas:<\/b> 18 de septiembre de 2026.<\/li>\r\n<\/ul>\r\n<\/div>\r\n<\/div>\r\n<\/div>\r\n<h3 style=\"text-align: justify;\"><\/h3>\r\n&nbsp;","protected":false},"excerpt":{"rendered":"<p>INFORMACI\u00d3N GENERAL SOBRE TRABAJOS FIN DE GRADO El Trabajo de Fin de Grado (TFG) consiste en un trabajo aut\u00f3nomo e individual que cada estudiante realizar\u00e1 bajo la orientaci\u00f3n de un tutor (quien actuar\u00e1 como dinamizador y facilitador del proceso de aprendizaje), y le permitir\u00e1 mostrar de forma integrada los contenidos formativos recibidos y las competencias [&hellip;]<\/p>\n","protected":false},"author":149,"featured_media":0,"parent":0,"menu_order":0,"comment_status":"closed","ping_status":"closed","template":"","meta":{"footnotes":""},"class_list":["post-2480","page","type-page","status-publish","hentry"],"_links":{"self":[{"href":"https:\/\/centros.unileon.es\/derecho\/wp-json\/wp\/v2\/pages\/2480","targetHints":{"allow":["GET"]}}],"collection":[{"href":"https:\/\/centros.unileon.es\/derecho\/wp-json\/wp\/v2\/pages"}],"about":[{"href":"https:\/\/centros.unileon.es\/derecho\/wp-json\/wp\/v2\/types\/page"}],"author":[{"embeddable":true,"href":"https:\/\/centros.unileon.es\/derecho\/wp-json\/wp\/v2\/users\/149"}],"replies":[{"embeddable":true,"href":"https:\/\/centros.unileon.es\/derecho\/wp-json\/wp\/v2\/comments?post=2480"}],"version-history":[{"count":221,"href":"https:\/\/centros.unileon.es\/derecho\/wp-json\/wp\/v2\/pages\/2480\/revisions"}],"predecessor-version":[{"id":6127,"href":"https:\/\/centros.unileon.es\/derecho\/wp-json\/wp\/v2\/pages\/2480\/revisions\/6127"}],"wp:attachment":[{"href":"https:\/\/centros.unileon.es\/derecho\/wp-json\/wp\/v2\/media?parent=2480"}],"curies":[{"name":"wp","href":"https:\/\/api.w.org\/{rel}","templated":true}]}}