{"id":2446,"date":"2018-10-08T15:10:28","date_gmt":"2018-10-08T15:10:28","guid":{"rendered":"http:\/\/centros.unileon.es\/derecho\/?page_id=2446"},"modified":"2018-10-11T12:53:04","modified_gmt":"2018-10-11T12:53:04","slug":"iv-jornadas-nacionales-de-derecho-y-ciberseguridad-24-y-25-de-octubre-de-2018","status":"publish","type":"page","link":"https:\/\/centros.unileon.es\/derecho\/iv-jornadas-nacionales-de-derecho-y-ciberseguridad-24-y-25-de-octubre-de-2018\/","title":{"rendered":"IV Jornadas Nacionales de Derecho y Ciberseguridad, 24 y 25 de octubre de 2018."},"content":{"rendered":"<p style=\"text-align: justify;\">La Facultad de Derecho de la Universidad de L\u00e9on y el Instituto Nacional de Ciberseguridad organizan las IV Jornadas Nacionales de Derecho y Ciberseguridad.<\/p>\r\n\r\n<ul>\r\n \t<li style=\"text-align: justify;\"><strong>Fechas:\u00a0<\/strong> 24 y 25 de octubre de 2018.<\/li>\r\n \t<li style=\"text-align: justify;\"><strong>Horario:<\/strong> de 16:00 a 20:00.<\/li>\r\n \t<li style=\"text-align: justify;\"><strong>Lugar:<\/strong> Palacio de Congresos y Exposiciones de Le\u00f3n y Sal\u00f3n de Grados de la Facultad de Derecho de la Universidad de Le\u00f3n (Consultar programa para ver el lugar en el que se celebrar\u00e1 cada sesi\u00f3n).<\/li>\r\n \t<li style=\"text-align: justify;\"><strong>Inscripciones:<\/strong> idurs@unileon.es (gratuitas, hasta completar el aforo).<\/li>\r\n<\/ul>\r\n<a href=\"http:\/\/centros.unileon.es\/derecho\/files\/2018\/10\/10.2018-Cartel-IV-Jornadas-de-Derecho-y-Ciberseguridad.pdf\">Cartel IV Jornadas de Derecho y Ciberseguridad<\/a>\r\n\r\n<a href=\"http:\/\/centros.unileon.es\/derecho\/files\/2018\/10\/10.2018-Tr\u00edtipco-IV-Jornadas-Derecho-y-Ciberseguridad.pdf\">Tr\u00edtipco IV Jornadas Derecho y Ciberseguridad<\/a>","protected":false},"excerpt":{"rendered":"<p>La Facultad de Derecho de la Universidad de L\u00e9on y el Instituto Nacional de Ciberseguridad organizan las IV Jornadas Nacionales de Derecho y Ciberseguridad. Fechas:\u00a0 24 y 25 de octubre de 2018. Horario: de 16:00 a 20:00. Lugar: Palacio de Congresos y Exposiciones de Le\u00f3n y Sal\u00f3n de Grados de la Facultad de Derecho de [&hellip;]<\/p>\n","protected":false},"author":149,"featured_media":2463,"parent":0,"menu_order":0,"comment_status":"closed","ping_status":"closed","template":"","meta":{"footnotes":""},"class_list":["post-2446","page","type-page","status-publish","has-post-thumbnail","hentry"],"_links":{"self":[{"href":"https:\/\/centros.unileon.es\/derecho\/wp-json\/wp\/v2\/pages\/2446","targetHints":{"allow":["GET"]}}],"collection":[{"href":"https:\/\/centros.unileon.es\/derecho\/wp-json\/wp\/v2\/pages"}],"about":[{"href":"https:\/\/centros.unileon.es\/derecho\/wp-json\/wp\/v2\/types\/page"}],"author":[{"embeddable":true,"href":"https:\/\/centros.unileon.es\/derecho\/wp-json\/wp\/v2\/users\/149"}],"replies":[{"embeddable":true,"href":"https:\/\/centros.unileon.es\/derecho\/wp-json\/wp\/v2\/comments?post=2446"}],"version-history":[{"count":12,"href":"https:\/\/centros.unileon.es\/derecho\/wp-json\/wp\/v2\/pages\/2446\/revisions"}],"predecessor-version":[{"id":2585,"href":"https:\/\/centros.unileon.es\/derecho\/wp-json\/wp\/v2\/pages\/2446\/revisions\/2585"}],"wp:featuredmedia":[{"embeddable":true,"href":"https:\/\/centros.unileon.es\/derecho\/wp-json\/wp\/v2\/media\/2463"}],"wp:attachment":[{"href":"https:\/\/centros.unileon.es\/derecho\/wp-json\/wp\/v2\/media?parent=2446"}],"curies":[{"name":"wp","href":"https:\/\/api.w.org\/{rel}","templated":true}]}}