{"id":2418,"date":"2018-09-25T11:27:04","date_gmt":"2018-09-25T11:27:04","guid":{"rendered":"http:\/\/centros.unileon.es\/derecho\/?page_id=2418"},"modified":"2018-09-25T11:27:17","modified_gmt":"2018-09-25T11:27:17","slug":"seminario-de-docencia-e-investigacion-en-derecho-penal-3-de-octubre-de-2018","status":"publish","type":"page","link":"https:\/\/centros.unileon.es\/derecho\/seminario-de-docencia-e-investigacion-en-derecho-penal-3-de-octubre-de-2018\/","title":{"rendered":"Seminario de Docencia e Investigaci\u00f3n en Derecho Penal, 3 de octubre de 2018"},"content":{"rendered":"<p style=\"text-align: justify;\">La Facultad de Derecho de la Universidad de Le\u00f3n, acoge el 3 de octubre de 2018 el Seminario de Docencia e Investigaci\u00f3n en Derecho Penal.\u00a0 El Profesor Yv\u00e1n Montoya Vivanco disertar\u00e1 sobre \u00abEl delito de tr\u00e1fico de influencias en el contexto de redes de corrupci\u00f3n\u00bb.<\/p>\r\n<p style=\"text-align: justify;\">Lugar de celebraci\u00f3n: Sal\u00f3n de Grados de la Facutlad de Derecho de la Universidad de Le\u00f3n.<\/p>\r\n<p style=\"text-align: justify;\">Fecha y Hora: Mi\u00e9rcoles 3 de octubre de 2018, 13:30 horas.<\/p>\r\nM\u00e1s informaci\u00f3n: <span class=\"gI\"><span class=\"NcF1A\" tabindex=\"-1\" role=\"gridcell\"><span class=\"go\">matrab@unileon.es<\/span><\/span><\/span>\r\n\r\n<a href=\"http:\/\/centros.unileon.es\/derecho\/files\/2018\/09\/CARTEL-MONTOYA-24.09.2018-1.pdf\">CARTEL<\/a>\r\n<p style=\"text-align: justify;\">Actividad desarrollada en el \u00e1mbito del GID- DP-ULE (metodolog\u00eda docente activa, experiencia docente comparaada), del GI DPULE, de la UIC 166 C y L, del Proyecto de Investigaci\u00f3n DER2016-76715-R y del programa de Doctorado \u00abResponsabilidad jur\u00eddica. Estudio multidisciplinar\u00bb.<\/p>","protected":false},"excerpt":{"rendered":"<p>La Facultad de Derecho de la Universidad de Le\u00f3n, acoge el 3 de octubre de 2018 el Seminario de Docencia e Investigaci\u00f3n en Derecho Penal.\u00a0 El Profesor Yv\u00e1n Montoya Vivanco disertar\u00e1 sobre \u00abEl delito de tr\u00e1fico de influencias en el contexto de redes de corrupci\u00f3n\u00bb. Lugar de celebraci\u00f3n: Sal\u00f3n de Grados de la Facutlad de [&hellip;]<\/p>\n","protected":false},"author":149,"featured_media":0,"parent":0,"menu_order":0,"comment_status":"closed","ping_status":"closed","template":"","meta":{"footnotes":""},"class_list":["post-2418","page","type-page","status-publish","hentry"],"_links":{"self":[{"href":"https:\/\/centros.unileon.es\/derecho\/wp-json\/wp\/v2\/pages\/2418","targetHints":{"allow":["GET"]}}],"collection":[{"href":"https:\/\/centros.unileon.es\/derecho\/wp-json\/wp\/v2\/pages"}],"about":[{"href":"https:\/\/centros.unileon.es\/derecho\/wp-json\/wp\/v2\/types\/page"}],"author":[{"embeddable":true,"href":"https:\/\/centros.unileon.es\/derecho\/wp-json\/wp\/v2\/users\/149"}],"replies":[{"embeddable":true,"href":"https:\/\/centros.unileon.es\/derecho\/wp-json\/wp\/v2\/comments?post=2418"}],"version-history":[{"count":2,"href":"https:\/\/centros.unileon.es\/derecho\/wp-json\/wp\/v2\/pages\/2418\/revisions"}],"predecessor-version":[{"id":2421,"href":"https:\/\/centros.unileon.es\/derecho\/wp-json\/wp\/v2\/pages\/2418\/revisions\/2421"}],"wp:attachment":[{"href":"https:\/\/centros.unileon.es\/derecho\/wp-json\/wp\/v2\/media?parent=2418"}],"curies":[{"name":"wp","href":"https:\/\/api.w.org\/{rel}","templated":true}]}}