{"id":241,"date":"2013-02-07T09:14:40","date_gmt":"2013-02-07T09:14:40","guid":{"rendered":"http:\/\/centros.unileon.es\/derecho\/?page_id=241"},"modified":"2019-08-26T10:54:21","modified_gmt":"2019-08-26T10:54:21","slug":"normativa-sobre-reconocimiento-y-transferencia-de-creditos","status":"publish","type":"page","link":"https:\/\/centros.unileon.es\/derecho\/normativa-sobre-reconocimiento-y-transferencia-de-creditos\/","title":{"rendered":"Estudiantes de Grado"},"content":{"rendered":"<div class=\"content\">\r\n\r\n<strong>CONSIDERACIONES GENERALES:<\/strong>\r\n<ul style=\"list-style-type: disc;\">\r\n \t<li style=\"text-align: justify;\">Se entiende por reconocimiento la aceptaci\u00f3n por la Universidad de Le\u00f3n de los cr\u00e9ditos que, habiendo sido obtenidos en ense\u00f1anzas oficiales, en la misma u otra Universidad, son computados en otras ense\u00f1anzas distintas de la Universidad de Le\u00f3n a efectos de la obtenci\u00f3n de un t\u00edtulo oficial de Grado.<\/li>\r\n \t<li style=\"text-align: justify;\">El Trabajo Fin de Grado no ser\u00e1 objeto de reconocimiento.<\/li>\r\n<\/ul>\r\n<strong>NORMATIVA Y DOCUMENTOS:<\/strong>\r\n<ul style=\"list-style-type: disc;\">\r\n \t<li><a href=\"https:\/\/www.unileon.es\/estudiantes\/estudiantes-grado\/reconocimiento-y-transferencia-de-creditos\">Reconocimiento y transferencia de cr\u00e9ditos de Grado<\/a><\/li>\r\n<\/ul>\r\n<\/div>\r\n&nbsp;\r\n\r\n&nbsp;\r\n\r\n&nbsp;\r\n\r\n&nbsp;\r\n\r\n&nbsp;\r\n\r\n&nbsp;\r\n\r\n&nbsp;\r\n\r\n&nbsp;","protected":false},"excerpt":{"rendered":"<p>CONSIDERACIONES GENERALES: Se entiende por reconocimiento la aceptaci\u00f3n por la Universidad de Le\u00f3n de los cr\u00e9ditos que, habiendo sido obtenidos en ense\u00f1anzas oficiales, en la misma u otra Universidad, son computados en otras ense\u00f1anzas distintas de la Universidad de Le\u00f3n a efectos de la obtenci\u00f3n de un t\u00edtulo oficial de Grado. El Trabajo Fin de [&hellip;]<\/p>\n","protected":false},"author":67,"featured_media":0,"parent":0,"menu_order":0,"comment_status":"closed","ping_status":"open","template":"","meta":{"footnotes":""},"class_list":["post-241","page","type-page","status-publish","hentry"],"_links":{"self":[{"href":"https:\/\/centros.unileon.es\/derecho\/wp-json\/wp\/v2\/pages\/241","targetHints":{"allow":["GET"]}}],"collection":[{"href":"https:\/\/centros.unileon.es\/derecho\/wp-json\/wp\/v2\/pages"}],"about":[{"href":"https:\/\/centros.unileon.es\/derecho\/wp-json\/wp\/v2\/types\/page"}],"author":[{"embeddable":true,"href":"https:\/\/centros.unileon.es\/derecho\/wp-json\/wp\/v2\/users\/67"}],"replies":[{"embeddable":true,"href":"https:\/\/centros.unileon.es\/derecho\/wp-json\/wp\/v2\/comments?post=241"}],"version-history":[{"count":13,"href":"https:\/\/centros.unileon.es\/derecho\/wp-json\/wp\/v2\/pages\/241\/revisions"}],"predecessor-version":[{"id":3076,"href":"https:\/\/centros.unileon.es\/derecho\/wp-json\/wp\/v2\/pages\/241\/revisions\/3076"}],"wp:attachment":[{"href":"https:\/\/centros.unileon.es\/derecho\/wp-json\/wp\/v2\/media?parent=241"}],"curies":[{"name":"wp","href":"https:\/\/api.w.org\/{rel}","templated":true}]}}