{"id":2403,"date":"2018-09-05T17:18:06","date_gmt":"2018-09-05T17:18:06","guid":{"rendered":"http:\/\/centros.unileon.es\/derecho\/?page_id=2403"},"modified":"2018-09-05T17:22:37","modified_gmt":"2018-09-05T17:22:37","slug":"jornada-sobre-riesgos-inherentes-a-la-digitalizacion-del-trabajo-nuevos-horizontes-para-la-prevencion-de-riesgos-laborales-12-13-17-y-18-de-septiembre-de-2018","status":"publish","type":"page","link":"https:\/\/centros.unileon.es\/derecho\/jornada-sobre-riesgos-inherentes-a-la-digitalizacion-del-trabajo-nuevos-horizontes-para-la-prevencion-de-riesgos-laborales-12-13-17-y-18-de-septiembre-de-2018\/","title":{"rendered":"Jornada sobre Riesgos inherentes a la digitalizaci\u00f3n del trabajo: nuevos horizontes para la prevenci\u00f3n de riesgos laborales, 12, 13, 17 y 18 de septiembre de 2018."},"content":{"rendered":"<p style=\"text-align: justify;\">Las Facultades de Derecho y de Ciencias del Trabajo de la Universidad de Le\u00f3n, organizan una interesante Jornada sobre <strong>Riesgos inherentes a la digitalizaci\u00f3n del trabajo: nuevos horizontes para la prevenci\u00f3n de riesgos laborales<\/strong>.<\/p>\r\n<strong>Fecha:<\/strong> d\u00edas 12, 13, 17 y 18 de septiembre.\r\n<p style=\"text-align: justify;\"><strong>Lugar:<\/strong> Sal\u00f3n de Grados de las Facultades de Derecho y de Ciencias del Trabajo de la Universidad de Le\u00f3n.<\/p>\r\n<strong>Hora:<\/strong> de 16:00 a 20:00.\r\n\r\n<a href=\"http:\/\/centros.unileon.es\/derecho\/files\/2018\/09\/0-Programas-Jornadas_PRO.pdf\">Programa Jornadas<\/a>\r\n<p style=\"text-align: justify;\"><strong>Inscripci\u00f3n<\/strong> gratuita. 150 plazas por riguroso orden de inscripci\u00f3n en el \u00e1rea de conocimiento de Derecho del Trabajo de la Facultad de Derecho\/Facultad de Ciencias del Trabajo (despacho n\u00fam. 150, 3\u00aa planta) o a trav\u00e9s de correo electr\u00f3nico <a href=\"mailto:jmsanb@unileon.es\">jmsanb@unileon.es<\/a> hasta el d\u00eda 7 de septiembre de 2018.<\/p>\r\n<a href=\"http:\/\/centros.unileon.es\/derecho\/files\/2018\/09\/0.-Bolet\u00edn-de-inscripci\u00f3n-Jornada.docx\">Bolet\u00edn de Inscripci\u00f3n Jornada<\/a>","protected":false},"excerpt":{"rendered":"<p>Las Facultades de Derecho y de Ciencias del Trabajo de la Universidad de Le\u00f3n, organizan una interesante Jornada sobre Riesgos inherentes a la digitalizaci\u00f3n del trabajo: nuevos horizontes para la prevenci\u00f3n de riesgos laborales. Fecha: d\u00edas 12, 13, 17 y 18 de septiembre. Lugar: Sal\u00f3n de Grados de las Facultades de Derecho y de Ciencias [&hellip;]<\/p>\n","protected":false},"author":149,"featured_media":0,"parent":0,"menu_order":0,"comment_status":"closed","ping_status":"closed","template":"","meta":{"footnotes":""},"class_list":["post-2403","page","type-page","status-publish","hentry"],"_links":{"self":[{"href":"https:\/\/centros.unileon.es\/derecho\/wp-json\/wp\/v2\/pages\/2403","targetHints":{"allow":["GET"]}}],"collection":[{"href":"https:\/\/centros.unileon.es\/derecho\/wp-json\/wp\/v2\/pages"}],"about":[{"href":"https:\/\/centros.unileon.es\/derecho\/wp-json\/wp\/v2\/types\/page"}],"author":[{"embeddable":true,"href":"https:\/\/centros.unileon.es\/derecho\/wp-json\/wp\/v2\/users\/149"}],"replies":[{"embeddable":true,"href":"https:\/\/centros.unileon.es\/derecho\/wp-json\/wp\/v2\/comments?post=2403"}],"version-history":[{"count":7,"href":"https:\/\/centros.unileon.es\/derecho\/wp-json\/wp\/v2\/pages\/2403\/revisions"}],"predecessor-version":[{"id":2412,"href":"https:\/\/centros.unileon.es\/derecho\/wp-json\/wp\/v2\/pages\/2403\/revisions\/2412"}],"wp:attachment":[{"href":"https:\/\/centros.unileon.es\/derecho\/wp-json\/wp\/v2\/media?parent=2403"}],"curies":[{"name":"wp","href":"https:\/\/api.w.org\/{rel}","templated":true}]}}