{"id":233,"date":"2012-12-11T19:17:43","date_gmt":"2012-12-11T19:17:43","guid":{"rendered":"http:\/\/centros.unileon.es\/derecho\/?page_id=233"},"modified":"2025-10-13T08:56:21","modified_gmt":"2025-10-13T08:56:21","slug":"becas-y-practicas-en-empresas","status":"publish","type":"page","link":"https:\/\/centros.unileon.es\/derecho\/becas-y-practicas-en-empresas\/","title":{"rendered":"Becas y Pr\u00e1cticas en Empresas"},"content":{"rendered":"<div><\/div>\r\n<strong>NORMATIVA Y DOCUMENTOS<\/strong>\r\n<ul>\r\n \t<li><a href=\"https:\/\/centros.unileon.es\/derecho\/files\/2022\/02\/2020.01.31.-Reglamento-Practicas-Externas-Grado-y-Master-Derecho-Ciberseguridad.pdf\">Reglamento Pr\u00e1cticas Externas del Grado y del M\u00e1ster Derecho Ciberseguridad<\/a><\/li>\r\n \t<li><a href=\"https:\/\/centros.unileon.es\/derecho\/files\/2022\/02\/2020.01.31.-Reglamento-Practicas-Externas-Master-en-Abogacia.pdf\">Reglamento Pr\u00e1cticas Externas del M\u00e1ster en Abogac\u00eda y Procura<\/a><\/li>\r\n \t<li><a href=\"https:\/\/servicios.unileon.es\/oficina-de-practicas-y-empleabilidad\/modelos\/\">Modelos de acuerdo de colaboraci\u00f3n para pr\u00e1cticas en empresas<\/a>\r\n<!--\r\n<ul>\r\n \t<li><a title=\"Documento WORD\" href=\"https:\/\/www.unileon.es\/ficheros\/consejo_direccion\/secretaria_general\/modelos\/anexo_convenio_especifico_practicas20201120.doc\">Anexo al Convenio de Colaboraci\u00f3n entre la Universidad de Le\u00f3n y otra entidad para la realizaci\u00f3n de pr\u00e1cticas por parte de estudiantes de la Universidad de Le\u00f3n<\/a><\/li>\r\n \t<li><a title=\"Documento WORD\" href=\"https:\/\/www.unileon.es\/ficheros\/consejo_direccion\/secretaria_general\/modelos\/anexo_convenio_especifico_practicas_ule20201120.doc\">Anexo al Convenio para la realizaci\u00f3n de pr\u00e1cticas por parte de estudiantes de la Universidad de Le\u00f3n en Servicios e Institutos de la propia Universidad<\/a><\/li>\r\n<\/ul>\r\n<\/li>\r\n--><\/li>\r\n<\/ul>\r\n<strong>LAS PR\u00c1CTICAS EN EMPRESAS<\/strong>\r\n<p style=\"text-align: justify; padding-left: 30px;\">&#8211; La Facultad de Derecho pone a disposici\u00f3n de los e que est\u00e9n realizando estudios de los \u00faltimos cursos la posibilidad de realizar Pr\u00e1cticas formativas externas en empresas, instituciones y entidades. Su objetivo fundamental es completar la formaci\u00f3n universitaria del estudiante proporcion\u00e1ndole una primera experiencia pr\u00e1ctica de trabajo durante un periodo limitado de tiempo. Ello fomenta la formaci\u00f3n integral del estudiante mediante la aplicaci\u00f3n pr\u00e1ctica de los conocimientos adquiridos en la Facultad; pero, adem\u00e1s, le facilita la oportunidad de incorporarse al mundo profesional y constituye un interesante mecanismo de inserci\u00f3n laboral, dado que no son pocos los alumnos que, al terminar su per\u00edodo de pr\u00e1cticas, contin\u00faan su vinculaci\u00f3n con la empresa con un contrato laboral.<\/p>\r\n<p style=\"text-align: justify; padding-left: 30px;\">La Universidad de Le\u00f3n tiene suscritos convenios con instituciones y empresas con gran trascendencia para la Facultad de Derecho (Ayuntamientos, Juzgados, Abogac\u00eda del Estado, Consejo General del Poder Judicial, etc.), que permiten canalizar, a trav\u00e9s del Centro de Orientaci\u00f3n, Informaci\u00f3n y Empleo (C.O.I.E.), los diversos programas de cooperaci\u00f3n educativa y formaci\u00f3n en alternancia.<\/p>\r\n<p style=\"text-align: justify; padding-left: 30px;\">La pr\u00e1cticas curriculares en instituciones y empresas est\u00e1n supervisadas por la Comisi\u00f3n de Pr\u00e1cticas en Empresas, una Comisi\u00f3n delegada de la Junta de Centro. La coordinaci\u00f3n de dichas pr\u00e1cticas corresponde en la actualidad a la Profa. Dra. D\u00f1a. Mar\u00eda Anunciaci\u00f3n Trapero Barreales (e-correo: matrab@unileon.es) y al Prof. Dr. D. Paulino C\u00e9sar Pardo Prieto, para las pr\u00e1cticas en alternancia (E-mail: paulino-cesar.pardo.prieto@unileon.es).<\/p>\r\n<p style=\"text-align: justify; padding-left: 30px;\">En relaci\u00f3n a las pr\u00e1cticas no curriculares en empresas, instituciones u organizaciones p\u00fablicas o privadas, el Tutor Acad\u00e9mico del Centro (Prof. D. Eduardo de Celis Guri\u00e9rrez, edeg@unileon.es), actuar\u00e1 en contacto con el tutor de la empresa para concretar las actividades formativas que desarrollar\u00e1 el estudiante y acordar el seguimiento a lo largo del per\u00edodo de la pr\u00e1ctica.<\/p>\r\n<p style=\"padding-left: 30px; text-align: justify;\">PR\u00c1CTICAS DE TITULADOS EN EMPRESAS<\/p>\r\n<p style=\"padding-left: 60px; text-align: justify;\">La Fundaci\u00f3n General de la Universidad de Le\u00f3n y de la Empresa, mediante el Programa de Inserci\u00f3n a la Empresa, propicia pr\u00e1cticas formativas de Titulados universitarios dot\u00e1ndolas de una ayuda econ\u00f3mica para el alumno. El Programa se desarrolla conforme a la Orden de 5 de marzo de 2009 de la Consejer\u00eda de Econom\u00eda y Empleo de la Junta de Castilla y Le\u00f3n (Programa de Formaci\u00f3n mediante pr\u00e1cticas en Empresas para Titulados Universitarios. B.O.C.y.L. n\u00ba 48 de 11 de marzo de 2009).<\/p>\r\n&nbsp;\r\n<h2><strong>CONVOCATORIAS:<\/strong><\/h2>\r\n<p style=\"padding-left: 30px; text-align: justify;\">En este apartado se ir\u00e1n incluyendo las solicitudes de empresas que llegan a la Coordinadora de Pr\u00e1cticas en\u00a0Empresa de la Facultad.<\/p>\r\n<p style=\"padding-left: 30px; text-align: justify;\">Los interesados deber\u00e1n remitir las solicitudes a las direcciones de contacto que aparecen detalladas en cada una de las ofertas.<\/p>\r\n&nbsp;\r\n<p style=\"text-align: justify; padding-left: 30px;\"><\/p>","protected":false},"excerpt":{"rendered":"<p>NORMATIVA Y DOCUMENTOS Reglamento Pr\u00e1cticas Externas del Grado y del M\u00e1ster Derecho Ciberseguridad Reglamento Pr\u00e1cticas Externas del M\u00e1ster en Abogac\u00eda y Procura Modelos de acuerdo de colaboraci\u00f3n para pr\u00e1cticas en empresas LAS PR\u00c1CTICAS EN EMPRESAS &#8211; La Facultad de Derecho pone a disposici\u00f3n de los e que est\u00e9n realizando estudios de los \u00faltimos cursos la [&hellip;]<\/p>\n","protected":false},"author":67,"featured_media":0,"parent":0,"menu_order":0,"comment_status":"closed","ping_status":"open","template":"","meta":{"footnotes":""},"class_list":["post-233","page","type-page","status-publish","hentry"],"_links":{"self":[{"href":"https:\/\/centros.unileon.es\/derecho\/wp-json\/wp\/v2\/pages\/233","targetHints":{"allow":["GET"]}}],"collection":[{"href":"https:\/\/centros.unileon.es\/derecho\/wp-json\/wp\/v2\/pages"}],"about":[{"href":"https:\/\/centros.unileon.es\/derecho\/wp-json\/wp\/v2\/types\/page"}],"author":[{"embeddable":true,"href":"https:\/\/centros.unileon.es\/derecho\/wp-json\/wp\/v2\/users\/67"}],"replies":[{"embeddable":true,"href":"https:\/\/centros.unileon.es\/derecho\/wp-json\/wp\/v2\/comments?post=233"}],"version-history":[{"count":99,"href":"https:\/\/centros.unileon.es\/derecho\/wp-json\/wp\/v2\/pages\/233\/revisions"}],"predecessor-version":[{"id":5985,"href":"https:\/\/centros.unileon.es\/derecho\/wp-json\/wp\/v2\/pages\/233\/revisions\/5985"}],"wp:attachment":[{"href":"https:\/\/centros.unileon.es\/derecho\/wp-json\/wp\/v2\/media?parent=233"}],"curies":[{"name":"wp","href":"https:\/\/api.w.org\/{rel}","templated":true}]}}