{"id":2296,"date":"2018-07-26T11:14:49","date_gmt":"2018-07-26T11:14:49","guid":{"rendered":"http:\/\/centros.unileon.es\/derecho\/?page_id=2296"},"modified":"2018-10-11T06:37:23","modified_gmt":"2018-10-11T06:37:23","slug":"horarios-curso-2018-2019","status":"publish","type":"page","link":"https:\/\/centros.unileon.es\/derecho\/horarios-curso-2018-2019\/","title":{"rendered":"Horarios Curso 2018\/2019"},"content":{"rendered":"<h3 style=\"text-align: center;\"><strong>CALENDARIO GENERAL DE LA UNIVERSIDAD DE LE\u00d3N<\/strong><\/h3>\r\n<h3 style=\"text-align: center;\"><strong>CURSO ACAD\u00c9MICO 2018\/2019<\/strong><\/h3>\r\n<ul>\r\n \t<li><a href=\"http:\/\/centros.unileon.es\/derecho\/files\/2018\/07\/Calendario_Escolar_ULE_2018_19.pdf\">Calendario General Universidad de Le\u00f3n Curso Acad\u00e9mico 2018\/2019<\/a><\/li>\r\n<\/ul>\r\n<h2><\/h2>\r\n<h2 style=\"text-align: center;\"><strong>GRADO EN DERECHO CURSO 2018\/2019<\/strong><\/h2>\r\n<h4 style=\"padding-left: 30px;\"><strong>AULAS ASIGNADAS:<\/strong><\/h4>\r\n<ul>\r\n \t<li><a href=\"http:\/\/centros.unileon.es\/derecho\/files\/2018\/07\/Distribuci\u00f3n-de-Aulas-Curso-2018.201_PRO.pdf\">Distribuci\u00f3n de Aulas Curso 2018\/2019<\/a><\/li>\r\n<\/ul>\r\n<h4 style=\"padding-left: 30px;\"><strong>DISTRIBUCI\u00d3N DE LOS GRUPOS EN TURNO DE MA\u00d1ANA Y TARDE:<\/strong><\/h4>\r\n<ul>\r\n \t<li><a href=\"http:\/\/centros.unileon.es\/derecho\/files\/2018\/07\/Distribuci\u00f3n-Grupos-Grado-en-Derecho-2018.2019_PRO.pdf\">Distribuci\u00f3n Grupos Grado en Derecho 2018\/2019<\/a><\/li>\r\n<\/ul>\r\n<h4 style=\"padding-left: 30px;\"><strong>CAMBIOS DE TURNO:<\/strong><\/h4>\r\n<ul>\r\n \t<li class=\"first-child\"><a href=\"http:\/\/centros.unileon.es\/derecho\/files\/2018\/08\/Convocatoria-Curso-2018.2019_PRO.pdf\">Convocatoria: Procecimiento, requisitos, plazos<\/a><\/li>\r\n \t<li><a href=\"http:\/\/centros.unileon.es\/derecho\/files\/2018\/08\/INSTANCIA-CAMBIO-DE-TURNO-Fac.-Derecho-2-1.docx\">Instancia de cambio de turno<\/a><\/li>\r\n \t<li><a href=\"http:\/\/centros.unileon.es\/derecho\/files\/2018\/09\/Resoluci\u00f3n-Cambios-de-Turno-Plazo-de-Subsanaci\u00f3n-2018.2019_PRO.pdf\">Resoluci\u00f3n cambios de turno 2018\/2019<\/a><\/li>\r\n \t<li><a href=\"http:\/\/centros.unileon.es\/derecho\/files\/2018\/10\/Resoluci\u00f3n-Recurso-de-Alzada_PRO.pdf\">Resoluci\u00f3n subsanaci\u00f3n de errores y recursos de alzada<\/a><\/li>\r\n \t<li><a href=\"http:\/\/centros.unileon.es\/derecho\/files\/2018\/10\/Resoluci\u00f3n-Cambios-de-Turno-Plazo-de-Subsanaci\u00f3n-2018.2019_Por-Cursos_PRO-1.pdf\">Listado definitivo cambios de turno por cursos<\/a><\/li>\r\n \t<li>Convocatoria Cambios de Turno 2\u00ba Semestre 2018\/2019<\/li>\r\n<\/ul>\r\n<h4 style=\"padding-left: 30px;\"><strong>DISTRIBUCI\u00d3N DE GRUPOS PARA LAS PR\u00c1CTICAS B3:<\/strong><\/h4>\r\n<ul>\r\n \t<li><a href=\"http:\/\/centros.unileon.es\/derecho\/files\/2018\/09\/Distribuci\u00f3n-Grupos-B3_PRO.pdf\">Distribuci\u00f3n Grupos B3 Grado en Derecho Curso 2018\/2019<\/a><\/li>\r\n<\/ul>\r\n<h3><strong>HORARIOS DE CLASES:\r\n<\/strong><\/h3>\r\n<p style=\"padding-left: 30px;\"><strong>D\u00eda de comienzo de las clases Curso 2018\/2019:<\/strong> mi\u00e9rcoles 5 de septiembre.<\/p>\r\n\r\n<h4><strong>PRIMER CURSO:<\/strong><\/h4>\r\n<ul>\r\n \t<li>Primer Curso, Grupo de Ma\u00f1ana<\/li>\r\n \t<li>Primer Curso, Grupo de Tarde<\/li>\r\n<\/ul>\r\n<h4><strong>SEGUNDO CURSO:<\/strong><\/h4>\r\n<ul>\r\n \t<li>Segundo Curso, Grupo de Ma\u00f1ana<\/li>\r\n \t<li>Segundo Curso, Grupo de Tarde<\/li>\r\n<\/ul>\r\n<h4><strong>TERCER CURSO:<\/strong><\/h4>\r\n<ul>\r\n \t<li>Tercer Curso, Grupo de Ma\u00f1ana<\/li>\r\n \t<li>Tercer Curso, Grupo de Tarde<\/li>\r\n<\/ul>\r\n<h4><strong>CUARTO CURSO:<\/strong><\/h4>\r\n<ul>\r\n \t<li>Cuarto Curso, Grupo de Ma\u00f1ana<\/li>\r\n \t<li>Cuarto Curso, Grupo de Tarde<\/li>\r\n<\/ul>\r\n&nbsp;\r\n<h4 style=\"padding-left: 30px;\"><strong>CALENDARIO EX\u00c1MENES FINALES GRADO EN DERECHO CURSO 2018\/2019<\/strong><\/h4>\r\n<ul>\r\n \t<li><a href=\"http:\/\/centros.unileon.es\/derecho\/files\/2018\/07\/0.-Cuadro-Horarios-Ex\u00e1menes-Finales-Grado-en-Derecho-2018.2019_PRO.pdf\">Cuadro Horarios Ex\u00e1menes Finales Grado en Derecho 2018\/2019<\/a><\/li>\r\n<\/ul>\r\n&nbsp;\r\n<h2 style=\"text-align: center;\"><strong>M\u00c1STER UNIVERSITARIO EN ABOGAC\u00cdA CURSO 2018\/2019<\/strong><\/h2>\r\n<h3><strong>HORARIOS DE CLASES<\/strong><\/h3>\r\n<strong>D\u00eda de comienzo de las clases:<\/strong> lunes 24 de septiembre.\r\n<ul>\r\n \t<li>Horario M\u00e1ster Abogac\u00eda 2018\/2019<\/li>\r\n \t<li><a href=\"http:\/\/centros.unileon.es\/derecho\/files\/2018\/08\/Ex\u00e1menes-M\u00e1ster-Abogac\u00eda-2018-2019_PRO-1.pdf\">Ex\u00e1menes M\u00e1ster Abogac\u00eda 2018\/2019<\/a><\/li>\r\n<\/ul>\r\n&nbsp;\r\n<h2 style=\"text-align: center;\"><strong>M\u00c1STER UNIVERSITARIO EN DERECHO DE LA CIBERSEGURIDAD Y ENTORNO DIGITAL 2018\/2019<\/strong><\/h2>\r\n<h3><strong>HORARIOS DE LAS CLASES<\/strong><\/h3>\r\n<strong>D\u00eda de comienzo de las clases:<\/strong>\r\n<ul>\r\n \t<li>\u00abComplementos formativos\u00bb (Curso previo de formaci\u00f3n b\u00e1sica en Inform\u00e1tica y\/o en Derecho): el inicio de las clases de los Cursos previos formativos est\u00e1n previstas para el martes 11 de septiembre.<\/li>\r\n \t<li>Asignaturas del Plan de Estudios: 24 de septiembre.<\/li>\r\n<\/ul>\r\n<h4><strong>HORARIOS CURSO PREVIO DE FORMACI\u00d3N<\/strong><\/h4>\r\n<ul>\r\n \t<li><a href=\"http:\/\/centros.unileon.es\/derecho\/files\/2018\/09\/Horario-Curso-0-2018.2019_PRO.pdf\">Horario Curso previo de Formaci\u00f3n 2018\/2019<\/a><\/li>\r\n<\/ul>\r\n<h4><strong>HORARIOS ASIGNATURAS ORDINARIAS DEL PLAN DE ESTUDIOS<\/strong><\/h4>\r\n<ul>\r\n \t<li>Horarios M\u00e1ster Derecho de la Ciberseguridad y Entorno Digital 2018\/2019<\/li>\r\n<\/ul>","protected":false},"excerpt":{"rendered":"<p>CALENDARIO GENERAL DE LA UNIVERSIDAD DE LE\u00d3N CURSO ACAD\u00c9MICO 2018\/2019 Calendario General Universidad de Le\u00f3n Curso Acad\u00e9mico 2018\/2019 GRADO EN DERECHO CURSO 2018\/2019 AULAS ASIGNADAS: Distribuci\u00f3n de Aulas Curso 2018\/2019 DISTRIBUCI\u00d3N DE LOS GRUPOS EN TURNO DE MA\u00d1ANA Y TARDE: Distribuci\u00f3n Grupos Grado en Derecho 2018\/2019 CAMBIOS DE TURNO: Convocatoria: Procecimiento, requisitos, plazos Instancia de [&hellip;]<\/p>\n","protected":false},"author":149,"featured_media":0,"parent":0,"menu_order":0,"comment_status":"closed","ping_status":"closed","template":"","meta":{"footnotes":""},"class_list":["post-2296","page","type-page","status-publish","hentry"],"_links":{"self":[{"href":"https:\/\/centros.unileon.es\/derecho\/wp-json\/wp\/v2\/pages\/2296","targetHints":{"allow":["GET"]}}],"collection":[{"href":"https:\/\/centros.unileon.es\/derecho\/wp-json\/wp\/v2\/pages"}],"about":[{"href":"https:\/\/centros.unileon.es\/derecho\/wp-json\/wp\/v2\/types\/page"}],"author":[{"embeddable":true,"href":"https:\/\/centros.unileon.es\/derecho\/wp-json\/wp\/v2\/users\/149"}],"replies":[{"embeddable":true,"href":"https:\/\/centros.unileon.es\/derecho\/wp-json\/wp\/v2\/comments?post=2296"}],"version-history":[{"count":70,"href":"https:\/\/centros.unileon.es\/derecho\/wp-json\/wp\/v2\/pages\/2296\/revisions"}],"predecessor-version":[{"id":2473,"href":"https:\/\/centros.unileon.es\/derecho\/wp-json\/wp\/v2\/pages\/2296\/revisions\/2473"}],"wp:attachment":[{"href":"https:\/\/centros.unileon.es\/derecho\/wp-json\/wp\/v2\/media?parent=2296"}],"curies":[{"name":"wp","href":"https:\/\/api.w.org\/{rel}","templated":true}]}}