{"id":226,"date":"2012-12-11T17:21:28","date_gmt":"2012-12-11T17:21:28","guid":{"rendered":"http:\/\/centros.unileon.es\/derecho\/?page_id=226"},"modified":"2012-12-11T17:21:32","modified_gmt":"2012-12-11T17:21:32","slug":"ponencia-sobre-aspectos-juridico-penales-del-caso-marta-del-castillo","status":"publish","type":"page","link":"https:\/\/centros.unileon.es\/derecho\/ponencia-sobre-aspectos-juridico-penales-del-caso-marta-del-castillo\/","title":{"rendered":"Ponencia sobre Aspectos Jur\u00eddico-Penales del Caso Marta del Castillo"},"content":{"rendered":"El \u00c1rea de Derecho Penal organiza una Ponencia sobre \u00abAspectos Jur\u00eddico-Penales del Caso Marta del Castillo\u00bb.\r\n\r\nFecha de realizaci\u00f3n: 14 de Diciembre de 2012.\r\n\r\nLugar de celebraci\u00f3n: Sal\u00f3n de Grados de la Facultad de Derecho.\r\n\r\nPara m\u00e1s informaci\u00f3n pinchar <a href=\"http:\/\/centros.unileon.es\/derecho\/files\/2012\/12\/Seminario-Derecho-Penal.pdf\">aqu\u00ed<\/a>.\r\n\r\n&nbsp;","protected":false},"excerpt":{"rendered":"<p>El \u00c1rea de Derecho Penal organiza una Ponencia sobre \u00abAspectos Jur\u00eddico-Penales del Caso Marta del Castillo\u00bb. Fecha de realizaci\u00f3n: 14 de Diciembre de 2012. Lugar de celebraci\u00f3n: Sal\u00f3n de Grados de la Facultad de Derecho. Para m\u00e1s informaci\u00f3n pinchar aqu\u00ed. &nbsp;<\/p>\n","protected":false},"author":67,"featured_media":0,"parent":0,"menu_order":0,"comment_status":"closed","ping_status":"open","template":"","meta":{"footnotes":""},"class_list":["post-226","page","type-page","status-publish","hentry"],"_links":{"self":[{"href":"https:\/\/centros.unileon.es\/derecho\/wp-json\/wp\/v2\/pages\/226","targetHints":{"allow":["GET"]}}],"collection":[{"href":"https:\/\/centros.unileon.es\/derecho\/wp-json\/wp\/v2\/pages"}],"about":[{"href":"https:\/\/centros.unileon.es\/derecho\/wp-json\/wp\/v2\/types\/page"}],"author":[{"embeddable":true,"href":"https:\/\/centros.unileon.es\/derecho\/wp-json\/wp\/v2\/users\/67"}],"replies":[{"embeddable":true,"href":"https:\/\/centros.unileon.es\/derecho\/wp-json\/wp\/v2\/comments?post=226"}],"version-history":[{"count":2,"href":"https:\/\/centros.unileon.es\/derecho\/wp-json\/wp\/v2\/pages\/226\/revisions"}],"predecessor-version":[{"id":229,"href":"https:\/\/centros.unileon.es\/derecho\/wp-json\/wp\/v2\/pages\/226\/revisions\/229"}],"wp:attachment":[{"href":"https:\/\/centros.unileon.es\/derecho\/wp-json\/wp\/v2\/media?parent=226"}],"curies":[{"name":"wp","href":"https:\/\/api.w.org\/{rel}","templated":true}]}}