{"id":2255,"date":"2018-06-07T11:29:22","date_gmt":"2018-06-07T11:29:22","guid":{"rendered":"http:\/\/centros.unileon.es\/derecho\/?page_id=2255"},"modified":"2018-06-07T11:29:22","modified_gmt":"2018-06-07T11:29:22","slug":"xiv-seminario-internacional-de-filosofia-del-derecho-y-derecho-penal-sentido-y-funcion-de-la-dogmatica-juridico-penal-5-y-6-de-julio-de-2018","status":"publish","type":"page","link":"https:\/\/centros.unileon.es\/derecho\/xiv-seminario-internacional-de-filosofia-del-derecho-y-derecho-penal-sentido-y-funcion-de-la-dogmatica-juridico-penal-5-y-6-de-julio-de-2018\/","title":{"rendered":"XIV Seminario Internacional de Filosof\u00eda del Derecho y Derecho Penal: \u00abSentido y funci\u00f3n de la dogm\u00e1tica jur\u00eddico-penal\u00bb, 5 y 6 de julio de 2018"},"content":{"rendered":"<a href=\"http:\/\/centros.unileon.es\/derecho\/files\/2018\/06\/Seminario-Filosof\u00eda-del-Derecho-y-Derecho-Penal-2018.jpg\"><img loading=\"lazy\" decoding=\"async\" class=\"alignnone  wp-image-2256\" src=\"http:\/\/centros.unileon.es\/derecho\/files\/2018\/06\/Seminario-Filosof\u00eda-del-Derecho-y-Derecho-Penal-2018-207x300.jpg\" alt=\"\" width=\"275\" height=\"399\" srcset=\"https:\/\/centros.unileon.es\/derecho\/files\/2018\/06\/Seminario-Filosof\u00eda-del-Derecho-y-Derecho-Penal-2018-207x300.jpg 207w, https:\/\/centros.unileon.es\/derecho\/files\/2018\/06\/Seminario-Filosof\u00eda-del-Derecho-y-Derecho-Penal-2018.jpg 662w\" sizes=\"auto, (max-width: 275px) 100vw, 275px\" \/><\/a>","protected":false},"excerpt":{"rendered":"","protected":false},"author":149,"featured_media":0,"parent":0,"menu_order":0,"comment_status":"closed","ping_status":"closed","template":"","meta":{"footnotes":""},"class_list":["post-2255","page","type-page","status-publish","hentry"],"_links":{"self":[{"href":"https:\/\/centros.unileon.es\/derecho\/wp-json\/wp\/v2\/pages\/2255","targetHints":{"allow":["GET"]}}],"collection":[{"href":"https:\/\/centros.unileon.es\/derecho\/wp-json\/wp\/v2\/pages"}],"about":[{"href":"https:\/\/centros.unileon.es\/derecho\/wp-json\/wp\/v2\/types\/page"}],"author":[{"embeddable":true,"href":"https:\/\/centros.unileon.es\/derecho\/wp-json\/wp\/v2\/users\/149"}],"replies":[{"embeddable":true,"href":"https:\/\/centros.unileon.es\/derecho\/wp-json\/wp\/v2\/comments?post=2255"}],"version-history":[{"count":1,"href":"https:\/\/centros.unileon.es\/derecho\/wp-json\/wp\/v2\/pages\/2255\/revisions"}],"predecessor-version":[{"id":2257,"href":"https:\/\/centros.unileon.es\/derecho\/wp-json\/wp\/v2\/pages\/2255\/revisions\/2257"}],"wp:attachment":[{"href":"https:\/\/centros.unileon.es\/derecho\/wp-json\/wp\/v2\/media?parent=2255"}],"curies":[{"name":"wp","href":"https:\/\/api.w.org\/{rel}","templated":true}]}}