{"id":2209,"date":"2018-05-02T12:47:18","date_gmt":"2018-05-02T12:47:18","guid":{"rendered":"http:\/\/centros.unileon.es\/derecho\/?page_id=2209"},"modified":"2023-06-28T12:29:09","modified_gmt":"2023-06-28T12:29:09","slug":"master-universitario-en-derecho-de-la-ciberseguridad-y-entorno-digital","status":"publish","type":"page","link":"https:\/\/centros.unileon.es\/derecho\/master-universitario-en-derecho-de-la-ciberseguridad-y-entorno-digital\/","title":{"rendered":"M\u00e1ster Universitario en Derecho de la Ciberseguridad y Entorno Digital (En per\u00edodo de preinscripci\u00f3n)"},"content":{"rendered":"<strong>ABIERTO EL PLAZO DE PREINSCRIPCI\u00d3N:<\/strong>\r\n<h5><a href=\"https:\/\/www.unileon.es\/estudiantes\/futuros-estudiantes\/preinscripcion\/master\">https:\/\/www.unileon.es\/estudiantes\/estudiantes-que-desean-acceder\/solicitudes-iniciar-estudios\/master<\/a><\/h5>\r\n&nbsp;\r\n\r\n<blockquote class=\"wp-embedded-content\" data-secret=\"E9oGYxIQqA\"><a href=\"https:\/\/cyberlaw.unileon.es\/\">Inicio-cyber<\/a><\/blockquote><iframe loading=\"lazy\" class=\"wp-embedded-content\" sandbox=\"allow-scripts\" security=\"restricted\" style=\"position: absolute; clip: rect(1px, 1px, 1px, 1px);\" title=\"\u00abInicio-cyber\u00bb \u2014 Cyberlaw\" src=\"https:\/\/cyberlaw.unileon.es\/embed\/#?secret=eDbnFXZZwg#?secret=E9oGYxIQqA\" data-secret=\"E9oGYxIQqA\" width=\"600\" height=\"338\" frameborder=\"0\" marginwidth=\"0\" marginheight=\"0\" scrolling=\"no\"><\/iframe>\r\n\r\n&nbsp;\r\n<p style=\"text-align: justify;\"><strong>\u00bfPOR QU\u00c9 ESTUDIAR ESTE M\u00c1STER?<\/strong><\/p>\r\n<p style=\"text-align: justify;\">La Universidad de Le\u00f3n es pionera en Espa\u00f1a en los estudios especializados, bajo la forma de M\u00e1ster, que ponen en relaci\u00f3n los avances de la t\u00e9cnica en Ciberseguridad y Entorno Digital, con su regulaci\u00f3n normativa a trav\u00e9s del Derecho. Los avances tecnol\u00f3gicos en un mundo globalizado han hecho que proliferen y adquieran gran complejidad las normas jur\u00eddicas llamadas a ordenar su funcionalidad, creando una demanda creciente de profesionales del Derecho expertos en este sector del Ordenamiento.<\/p>\r\n<p style=\"text-align: justify;\">A esta l\u00ednea de tendencia apunta sin ninguna duda la entrada en vigor del nuevo Reglamento (UE) 2016\/679, del Parlamento Europeo y del Consejo, de 27 de abril de 2016, sobre protecci\u00f3n de datos, cuando narra en sus considerandos la necesidad de un nuevo marco legal que haga frente a los desaf\u00edos tecnol\u00f3gicos en un mundo globalizado, y configura, junto a la Autoridad de Control, tres figuras clave: el \u201cResponsable\u201d, el \u201cEncargado\u201d [seg\u00fan definici\u00f3n del art\u00edculo 4.7) y 8] y el \u201cDelegado de Protecci\u00f3n de Datos\u201d.<\/p>\r\n<p style=\"text-align: justify;\">Una lectura atenta de su articulado permite conocer las importantes responsabilidades atribuidas a los dos primeros, as\u00ed como el trascendental papel t\u00e9cnico-jur\u00eddico que va a desempe\u00f1ar el tercero. El Delegado de Protecci\u00f3n de Datos, \u201cdesignado atendiendo a sus cualidades profesionales y, en particular, a sus conocimientos especializados del Derecho y la pr\u00e1ctica en materia de protecci\u00f3n de datos y a su capacidad para desempe\u00f1ar las funciones indicadas en el art\u00edculo 39\u201d (art\u00edculo 37).<\/p>\r\n<p style=\"text-align: justify;\">El Plan de Estudios del <em>Master Universitario en Derecho de la Ciberseguridad y el Entorno Digital por la Universidad de Le\u00f3n<\/em> pretende capacitar para futuras salidas profesionales de Autoridad de Control, Responsable, Encargado, Delegado de Protecci\u00f3n de Datos, Asesores, Formadores, o diferentes operadores jur\u00eddicos -abogados, jueces, fiscales-, que est\u00e9n interesados en un sector del Derecho que cada vez requiere m\u00e1s especialistas. El T\u00edtulo a partir de una ense\u00f1anza de calidad permite adquirir unas competencias que tiene como punto de partida la fruct\u00edfera colaboraci\u00f3n entre la Universidad de Le\u00f3n y el Instituto Nacional de Ciberseguridad (INCIBE).<\/p>\r\n&nbsp;\r\n\r\n<strong>\u00bfQUIENES PUEDEN MATRICULARSE EN EL T\u00cdTULO?<\/strong>\r\n<p style=\"text-align: justify;\"><strong><em>Requisitos generales de acceso:<\/em><\/strong><\/p>\r\n<p style=\"text-align: justify;\">El estudiante deber\u00e1 cumplir los requisitos generales de acceso a los estudios de M\u00e1ster recogidos en el art\u00edculo 16 del R.D. 1393\/2007: Para acceder a las ense\u00f1anzas oficiales de M\u00e1ster ser\u00e1 necesario estar en posesi\u00f3n de un t\u00edtulo universitario oficial espa\u00f1ol u otro expedido por una instituci\u00f3n de educaci\u00f3n superior del Espacio Europeo de Educaci\u00f3n Superior que facultan en el pa\u00eds expedidor del t\u00edtulo para el acceso a ense\u00f1anzas de m\u00e1ster. As\u00ed mismo, podr\u00e1n acceder los titulados conforme a sistemas educativos ajenos al Espacio Europeo de Educaci\u00f3n Superior sin necesidad de la homologaci\u00f3n de sus t\u00edtulos, previa comprobaci\u00f3n por la Universidad de que aquellos acreditan un nivel de formaci\u00f3n equivalente a los correspondientes t\u00edtulos universitarios oficiales espa\u00f1oles y que facultan en el pa\u00eds expedidor del t\u00edtulo para el acceso a ense\u00f1anzas de postgrado. El acceso por esta v\u00eda no implicar\u00e1, en ning\u00fan caso, la homologaci\u00f3n del t\u00edtulo previo de que est\u00e9 en posesi\u00f3n el interesado, ni su reconocimiento a otros efectos que el de cursar las ense\u00f1anzas de M\u00e1ster.<\/p>\r\n<p style=\"text-align: justify;\"><strong><em>Requisitos espec\u00edficos de admisi\u00f3n:<\/em><\/strong><\/p>\r\n<p style=\"text-align: justify;\">De acuerdo con lo previsto en el art. 17.2 del R.D. 1393\/2007 (en la redacci\u00f3n dada por el R.D. 861\/2010, que modifica el anterior), se establecen como requisitos espec\u00edficos de admisi\u00f3n al <em>M\u00e1ster Universitario en Derecho de la Ciberseguridad y Entorno Digital por la Universidad de Le\u00f3n<\/em> los siguientes:<\/p>\r\n<p style=\"text-align: justify;\">(1) TITULACIONES DIRECTAMENTE RELACIONADAS CON EL T\u00cdTULO: Graduado o Licenciado en Derecho u otro T\u00edtulo universitario oficial equivalente que acredite la adquisici\u00f3n de las competencias jur\u00eddicas estipuladas en el art\u00edculo 3 del Real Decreto 775\/2011.<\/p>\r\n<p style=\"text-align: justify;\">(2) TITULACIONES AFINES: Poseer un T\u00edtulo universitario oficial de Grado o Licenciatura en Ingenier\u00eda Inform\u00e1tica o en \u00c1reas afines al Derecho o a la Ingenier\u00eda Inform\u00e1tica.<\/p>\r\n<p style=\"text-align: justify;\">(3) OTRAS TITULACIONES + EXPERIENCIA LABORAL: Poseer cualquier T\u00edtulo universitario de Grado o Licenciatura y acreditar al menos tres a\u00f1os de experiencia laboral o profesional en el \u00e1mbito del Derecho de las Nuevas Tecnolog\u00edas, la Ciberseguridad o el Entorno Digital. Este requisito se valorar\u00e1 por la Comisi\u00f3n Acad\u00e9mica del M\u00e1ster.<\/p>\r\n&nbsp;\r\n\r\n<strong>INFORMACI\u00d3N Y MATR\u00cdCULA<\/strong>\r\n<p style=\"text-align: justify;\">Para m\u00e1s informaci\u00f3n sobre estos estudios universitarios oficiales de posgrado de la Universidad de Le\u00f3n puedes dirigirte a:<\/p>\r\n\r\n<ul style=\"list-style-type: disc;\">\r\n \t<li style=\"text-align: justify;\"><strong>\u00a0UNIDAD DE POSGRADO:<\/strong>\r\n<ul style=\"list-style-type: circle;\">\r\n \t<li style=\"text-align: justify;\">Edificio de Gesti\u00f3n Acad\u00e9mica<\/li>\r\n \t<li style=\"text-align: justify;\">Campus de Vegazana s\/n.<\/li>\r\n \t<li style=\"text-align: justify;\">24071 Le\u00f3n<\/li>\r\n \t<li style=\"text-align: justify;\">Tlfo.: 987 291696<\/li>\r\n \t<li style=\"text-align: justify;\">Fax: 987 291616<\/li>\r\n \t<li style=\"text-align: justify;\"><a href=\"http:\/\/centros.unileon.es\/derecho\/wp-admin\/posgrado@unileon.es\">posgrado@unileon.es<\/a><\/li>\r\n<\/ul>\r\n<\/li>\r\n<\/ul>\r\n&nbsp;\r\n<ul style=\"list-style-type: disc;\">\r\n \t<li style=\"text-align: justify;\"><strong>\u00a0FACULTAD DE DERECHO:<\/strong>\r\n<ul style=\"list-style-type: circle;\">\r\n \t<li style=\"text-align: justify;\">Campus de Vegazana, s\/n<\/li>\r\n \t<li style=\"text-align: justify;\">24071 Le\u00f3n<\/li>\r\n \t<li style=\"text-align: justify;\">Tlfo.: 987 291354 \u2013 1355 \u2013 1357<\/li>\r\n \t<li style=\"text-align: justify;\"><a href=\"http:\/\/centros.unileon.es\/derecho\/wp-admin\/www3.unileon.es\/ce\/fde\">www3.unileon.es\/ce\/fde<\/a><\/li>\r\n<\/ul>\r\n<\/li>\r\n<\/ul>","protected":false},"excerpt":{"rendered":"<p>ABIERTO EL PLAZO DE PREINSCRIPCI\u00d3N: https:\/\/www.unileon.es\/estudiantes\/estudiantes-que-desean-acceder\/solicitudes-iniciar-estudios\/master &nbsp; Inicio-cyber &nbsp; \u00bfPOR QU\u00c9 ESTUDIAR ESTE M\u00c1STER? La Universidad de Le\u00f3n es pionera en Espa\u00f1a en los estudios especializados, bajo la forma de M\u00e1ster, que ponen en relaci\u00f3n los avances de la t\u00e9cnica en Ciberseguridad y Entorno Digital, con su regulaci\u00f3n normativa a trav\u00e9s del Derecho. Los avances [&hellip;]<\/p>\n","protected":false},"author":149,"featured_media":0,"parent":0,"menu_order":0,"comment_status":"closed","ping_status":"closed","template":"","meta":{"footnotes":""},"class_list":["post-2209","page","type-page","status-publish","hentry"],"_links":{"self":[{"href":"https:\/\/centros.unileon.es\/derecho\/wp-json\/wp\/v2\/pages\/2209","targetHints":{"allow":["GET"]}}],"collection":[{"href":"https:\/\/centros.unileon.es\/derecho\/wp-json\/wp\/v2\/pages"}],"about":[{"href":"https:\/\/centros.unileon.es\/derecho\/wp-json\/wp\/v2\/types\/page"}],"author":[{"embeddable":true,"href":"https:\/\/centros.unileon.es\/derecho\/wp-json\/wp\/v2\/users\/149"}],"replies":[{"embeddable":true,"href":"https:\/\/centros.unileon.es\/derecho\/wp-json\/wp\/v2\/comments?post=2209"}],"version-history":[{"count":17,"href":"https:\/\/centros.unileon.es\/derecho\/wp-json\/wp\/v2\/pages\/2209\/revisions"}],"predecessor-version":[{"id":5170,"href":"https:\/\/centros.unileon.es\/derecho\/wp-json\/wp\/v2\/pages\/2209\/revisions\/5170"}],"wp:attachment":[{"href":"https:\/\/centros.unileon.es\/derecho\/wp-json\/wp\/v2\/media?parent=2209"}],"curies":[{"name":"wp","href":"https:\/\/api.w.org\/{rel}","templated":true}]}}