{"id":2194,"date":"2018-04-25T12:04:47","date_gmt":"2018-04-25T12:04:47","guid":{"rendered":"http:\/\/centros.unileon.es\/derecho\/?page_id=2194"},"modified":"2018-04-25T12:06:19","modified_gmt":"2018-04-25T12:06:19","slug":"v-congreso-nacional-penitenciario-legionense-7-y-8-de-mayo-de-2018","status":"publish","type":"page","link":"https:\/\/centros.unileon.es\/derecho\/v-congreso-nacional-penitenciario-legionense-7-y-8-de-mayo-de-2018\/","title":{"rendered":"V Congreso Nacional Penitenciario Legionense, 7 y 8 de mayo de 2018."},"content":{"rendered":"<p style=\"text-align: justify;\">Los pr\u00f3ximos d\u00edas 7 y 8 de mayo la Facultad de Derecho de la Universidad de Le\u00f3n acoge el <strong>V Congreso Nacional Penitenciario Legionense<\/strong> sobre <em>Los sujetos peligrosos y las medidas de seguridad<\/em>.<\/p>\r\n<p style=\"text-align: justify;\"><strong>Lugar:<\/strong> Sal\u00f3n de Grados de la Facultad de Derecho.<\/p>\r\n<p style=\"text-align: justify;\"><strong>Fecha: <\/strong>Lunes 7 de mayo, y martes 8 de mayo, a partir de las 16:00 horas.<\/p>\r\n<p style=\"text-align: justify;\"><strong>Intervienen:<\/strong> Luc\u00eda Mart\u00ednez Garay, Profesora Titular de Derecho Penal de la Universidad de Valencia; Vicente Garrido Genov\u00e9s, profesor Titular de Teor\u00eda de la Educaci\u00f3n de la Universidad de Valencia; Jos\u00e9 Manuel Cend\u00f3n Silv\u00e1n, Director del Centro Penitenciario de Villahierro (Mansilla de las Mulas, Le\u00f3n); y, \u00c1ngel Sanz Mor\u00e1n, Catedr\u00e1tico de Derecho Penal de la Universidad de Valladolid.<\/p>\r\n<p style=\"text-align: justify;\"><strong>Inscripci\u00f3n<\/strong> gratuita: matrab@unileon.es (hasta el 7 de mayo). Se entregar\u00e1n certificados de asistencia.<\/p>\r\n<p style=\"text-align: justify;\"><strong>Comunicaciones<\/strong>: matrab@unileon.es (antes del 4 de mayo).<\/p>\r\n<p style=\"text-align: justify;\"><strong>Cartel: <a href=\"http:\/\/centros.unileon.es\/derecho\/files\/2018\/04\/1.-CartelCongreso2018.11.04.2018.pdf\">Cartel Congreso 2018.11.04<\/a><\/strong><\/p>\r\n<p style=\"text-align: justify;\"><strong>Tr\u00edptico: <a href=\"http:\/\/centros.unileon.es\/derecho\/files\/2018\/04\/1.-TripticoCongreso2018.-11.04.2018-2.pdf\">Tr\u00edptico Congreso 2018.11.04<\/a><\/strong><\/p>","protected":false},"excerpt":{"rendered":"<p>Los pr\u00f3ximos d\u00edas 7 y 8 de mayo la Facultad de Derecho de la Universidad de Le\u00f3n acoge el V Congreso Nacional Penitenciario Legionense sobre Los sujetos peligrosos y las medidas de seguridad. Lugar: Sal\u00f3n de Grados de la Facultad de Derecho. Fecha: Lunes 7 de mayo, y martes 8 de mayo, a partir de [&hellip;]<\/p>\n","protected":false},"author":149,"featured_media":0,"parent":0,"menu_order":0,"comment_status":"closed","ping_status":"closed","template":"","meta":{"footnotes":""},"class_list":["post-2194","page","type-page","status-publish","hentry"],"_links":{"self":[{"href":"https:\/\/centros.unileon.es\/derecho\/wp-json\/wp\/v2\/pages\/2194","targetHints":{"allow":["GET"]}}],"collection":[{"href":"https:\/\/centros.unileon.es\/derecho\/wp-json\/wp\/v2\/pages"}],"about":[{"href":"https:\/\/centros.unileon.es\/derecho\/wp-json\/wp\/v2\/types\/page"}],"author":[{"embeddable":true,"href":"https:\/\/centros.unileon.es\/derecho\/wp-json\/wp\/v2\/users\/149"}],"replies":[{"embeddable":true,"href":"https:\/\/centros.unileon.es\/derecho\/wp-json\/wp\/v2\/comments?post=2194"}],"version-history":[{"count":4,"href":"https:\/\/centros.unileon.es\/derecho\/wp-json\/wp\/v2\/pages\/2194\/revisions"}],"predecessor-version":[{"id":2200,"href":"https:\/\/centros.unileon.es\/derecho\/wp-json\/wp\/v2\/pages\/2194\/revisions\/2200"}],"wp:attachment":[{"href":"https:\/\/centros.unileon.es\/derecho\/wp-json\/wp\/v2\/media?parent=2194"}],"curies":[{"name":"wp","href":"https:\/\/api.w.org\/{rel}","templated":true}]}}