{"id":2184,"date":"2018-03-21T18:27:29","date_gmt":"2018-03-21T18:27:29","guid":{"rendered":"http:\/\/centros.unileon.es\/derecho\/?page_id=2184"},"modified":"2018-03-21T18:28:58","modified_gmt":"2018-03-21T18:28:58","slug":"seminario-sobre-genero-e-igualdad-igualdad-de-oportunidades-universidad-y-empresa-22-de-marzo-de-2018","status":"publish","type":"page","link":"https:\/\/centros.unileon.es\/derecho\/seminario-sobre-genero-e-igualdad-igualdad-de-oportunidades-universidad-y-empresa-22-de-marzo-de-2018\/","title":{"rendered":"Seminario sobre G\u00e9nero e Igualdad. Igualdad de oportunidades, Universidad y Empresa, 22 de marzo de 2018."},"content":{"rendered":"<p style=\"text-align: justify;\">La Consejer\u00eda de Familia e Igualdad de Oportunidades, Junta de Castilla y Le\u00f3n, el \u00c1rea de Derecho Eclesi\u00e1stico del Estado de la Facultad de Derecho de la Universidad de Le\u00f3n, el Grupo de Investigaci\u00f3n ULE \u201cRegulaci\u00f3n de Flujos Migratorios \u2013 INNAIN\u201d y el Grupo de Innovaci\u00f3n Docente \u201cInmigraci\u00f3n, Nacionalidad e Interculturalidad \u2013 GID-INI\u201d, organizan un Seminario sobre \u00abG\u00e9nero e Igualdad. Igualdad de oportunidades, Universidad y Empresa\u00bb.<\/p>\r\n<p style=\"text-align: justify;\">Participar\u00e1n la Profesora Dra. D\u00aa. Tine Davids, Antrop\u00f3loga, del Department of Anthropology and Development Studies (Centre for International Development Issues Nijmegen (CIDIN), Social Science Faculty, Radboud University; la Profesora Dra. D\u00aa. Sara Tapia, Psic\u00f3loga, Departamento de CC. Educaci\u00f3n de la Universidad de Burgos; y, D\u00aa. Mercedes Due\u00f1as, Psic\u00f3loga y Consultora Senior de RR.HH. experta en Desarrollo Organizacional, Conciliaci\u00f3n, Igualdad de Oportunidades y Diversidad.<\/p>\r\n<strong>Fecha y Hora:<\/strong> viernes 23 de marzo de 2018, de 8:45 a 11:15.\r\n\r\n<strong>Lugar:<\/strong> Aula 4 de la Facultad de Derecho de la Universidad de Le\u00f3n, Campus de Vegazana, s\/n.\r\n\r\n<strong>Asistencia libre<\/strong> hasta completar el aforo. Se expedir\u00e1 certificado de asistencia.\r\n\r\n<a href=\"http:\/\/centros.unileon.es\/derecho\/files\/2018\/03\/CARTEL-JORNADA-LE\u00d3N-23-MARZO-2018_PRO.pdf\">CARTEL JORNADA G\u00c9NERO E IGUALDAD LE\u00d3N 23 MARZO 2018<\/a>","protected":false},"excerpt":{"rendered":"<p>La Consejer\u00eda de Familia e Igualdad de Oportunidades, Junta de Castilla y Le\u00f3n, el \u00c1rea de Derecho Eclesi\u00e1stico del Estado de la Facultad de Derecho de la Universidad de Le\u00f3n, el Grupo de Investigaci\u00f3n ULE \u201cRegulaci\u00f3n de Flujos Migratorios \u2013 INNAIN\u201d y el Grupo de Innovaci\u00f3n Docente \u201cInmigraci\u00f3n, Nacionalidad e Interculturalidad \u2013 GID-INI\u201d, organizan un [&hellip;]<\/p>\n","protected":false},"author":149,"featured_media":0,"parent":0,"menu_order":0,"comment_status":"closed","ping_status":"closed","template":"","meta":{"footnotes":""},"class_list":["post-2184","page","type-page","status-publish","hentry"],"_links":{"self":[{"href":"https:\/\/centros.unileon.es\/derecho\/wp-json\/wp\/v2\/pages\/2184","targetHints":{"allow":["GET"]}}],"collection":[{"href":"https:\/\/centros.unileon.es\/derecho\/wp-json\/wp\/v2\/pages"}],"about":[{"href":"https:\/\/centros.unileon.es\/derecho\/wp-json\/wp\/v2\/types\/page"}],"author":[{"embeddable":true,"href":"https:\/\/centros.unileon.es\/derecho\/wp-json\/wp\/v2\/users\/149"}],"replies":[{"embeddable":true,"href":"https:\/\/centros.unileon.es\/derecho\/wp-json\/wp\/v2\/comments?post=2184"}],"version-history":[{"count":2,"href":"https:\/\/centros.unileon.es\/derecho\/wp-json\/wp\/v2\/pages\/2184\/revisions"}],"predecessor-version":[{"id":2188,"href":"https:\/\/centros.unileon.es\/derecho\/wp-json\/wp\/v2\/pages\/2184\/revisions\/2188"}],"wp:attachment":[{"href":"https:\/\/centros.unileon.es\/derecho\/wp-json\/wp\/v2\/media?parent=2184"}],"curies":[{"name":"wp","href":"https:\/\/api.w.org\/{rel}","templated":true}]}}