{"id":2162,"date":"2018-03-14T12:12:32","date_gmt":"2018-03-14T12:12:32","guid":{"rendered":"http:\/\/centros.unileon.es\/derecho\/?page_id=2162"},"modified":"2018-07-03T10:26:26","modified_gmt":"2018-07-03T10:26:26","slug":"seminario-iberoamericano-nuevo-paradigma-del-derecho-juzgar-y-abogar-en-el-siglo-xxi-del-2-al-6-de-julio-de-2018","status":"publish","type":"page","link":"https:\/\/centros.unileon.es\/derecho\/seminario-iberoamericano-nuevo-paradigma-del-derecho-juzgar-y-abogar-en-el-siglo-xxi-del-2-al-6-de-julio-de-2018\/","title":{"rendered":"Seminario Iberoamericano: \u00abNuevo paradigma del Derecho: Juzgar y abogar en el Siglo XXI\u00bb, del 2 al 6 de julio de 2018."},"content":{"rendered":"El \u00c1rea de Filosof\u00eda del Derecho de la Facultad de Derecho de la Universidad de Le\u00f3n, organiza un Seminario Iberoamericano, en el que participar\u00e1n Investigadores y Docentes de Argentina, Brasil, Colombia, Espa\u00f1a y M\u00e9xico, sobre el \u00abNuevo paradigma del Derecho: Juzgar y abogar en el siglo XXI\u00bb.\r\n<p style=\"padding-left: 30px;\"><strong>Lugar:<\/strong> Sal\u00f3n de Grados de la Facultad de Derecho de la Universidad de Le\u00f3n.<\/p>\r\n<p style=\"padding-left: 30px;\"><strong>Fechas:<\/strong> del 2 al 6 de julio de 2018.<\/p>\r\n<p style=\"padding-left: 30px;\"><strong>M\u00e1s informaci\u00f3n<\/strong> en el <a href=\"http:\/\/centros.unileon.es\/derecho\/files\/2018\/03\/Cartel-Seminario-Iberoamericano-en-Leon-2018-DEF.pdf\">Cartel<\/a> y <a href=\"http:\/\/centros.unileon.es\/derecho\/files\/2018\/07\/PROGRAMA-FINAL-LEON-AL-13-3-18-Versi\u00f3n-\u00faltima-corregida-en-Le\u00f3n.pdf\">Programa del Seminario<\/a>.<\/p>","protected":false},"excerpt":{"rendered":"<p>El \u00c1rea de Filosof\u00eda del Derecho de la Facultad de Derecho de la Universidad de Le\u00f3n, organiza un Seminario Iberoamericano, en el que participar\u00e1n Investigadores y Docentes de Argentina, Brasil, Colombia, Espa\u00f1a y M\u00e9xico, sobre el \u00abNuevo paradigma del Derecho: Juzgar y abogar en el siglo XXI\u00bb. Lugar: Sal\u00f3n de Grados de la Facultad de [&hellip;]<\/p>\n","protected":false},"author":149,"featured_media":0,"parent":0,"menu_order":0,"comment_status":"closed","ping_status":"closed","template":"","meta":{"footnotes":""},"class_list":["post-2162","page","type-page","status-publish","hentry"],"_links":{"self":[{"href":"https:\/\/centros.unileon.es\/derecho\/wp-json\/wp\/v2\/pages\/2162","targetHints":{"allow":["GET"]}}],"collection":[{"href":"https:\/\/centros.unileon.es\/derecho\/wp-json\/wp\/v2\/pages"}],"about":[{"href":"https:\/\/centros.unileon.es\/derecho\/wp-json\/wp\/v2\/types\/page"}],"author":[{"embeddable":true,"href":"https:\/\/centros.unileon.es\/derecho\/wp-json\/wp\/v2\/users\/149"}],"replies":[{"embeddable":true,"href":"https:\/\/centros.unileon.es\/derecho\/wp-json\/wp\/v2\/comments?post=2162"}],"version-history":[{"count":3,"href":"https:\/\/centros.unileon.es\/derecho\/wp-json\/wp\/v2\/pages\/2162\/revisions"}],"predecessor-version":[{"id":2289,"href":"https:\/\/centros.unileon.es\/derecho\/wp-json\/wp\/v2\/pages\/2162\/revisions\/2289"}],"wp:attachment":[{"href":"https:\/\/centros.unileon.es\/derecho\/wp-json\/wp\/v2\/media?parent=2162"}],"curies":[{"name":"wp","href":"https:\/\/api.w.org\/{rel}","templated":true}]}}