{"id":2157,"date":"2018-03-14T12:02:46","date_gmt":"2018-03-14T12:02:46","guid":{"rendered":"http:\/\/centros.unileon.es\/derecho\/?page_id=2157"},"modified":"2018-03-14T12:03:04","modified_gmt":"2018-03-14T12:03:04","slug":"seminario-de-docencia-e-investigacion-en-derecho-penal-20-de-febrero-de-2018","status":"publish","type":"page","link":"https:\/\/centros.unileon.es\/derecho\/seminario-de-docencia-e-investigacion-en-derecho-penal-20-de-febrero-de-2018\/","title":{"rendered":"Seminario de Docencia e Investigaci\u00f3n en Derecho Penal, 20 de febrero de 2018."},"content":{"rendered":"<p style=\"text-align: justify;\">\u00abAlgunas razones pol\u00edtico-criminales para la responabilidad penal de las personas jur\u00eddicas\u00bb, Paulo C\u00e9sr Busato, Profesor Titular (Catedr\u00e1tico) de Derecho penal de la Universidad Federal de Paran\u00e1.<\/p>\r\n<p style=\"padding-left: 30px; text-align: justify;\"><strong>Fecha:<\/strong> Martes 20 de febrero de 2018.<\/p>\r\n<p style=\"padding-left: 30px; text-align: justify;\"><strong>Hora:<\/strong> 13:30.<\/p>\r\n<p style=\"padding-left: 30px; text-align: justify;\"><strong>Lugar:<\/strong> Aula 2 de la Facultad de Derecho de la Universidad de Le\u00f3n.<\/p>\r\n<p style=\"padding-left: 30px; text-align: justify;\"><a href=\"http:\/\/centros.unileon.es\/derecho\/files\/2018\/03\/CARTEL-BUSATO.-31.01.2018.pdf\">Cartel<\/a><\/p>\r\n<p style=\"text-align: justify;\"><\/p>\r\n&nbsp;","protected":false},"excerpt":{"rendered":"<p>\u00abAlgunas razones pol\u00edtico-criminales para la responabilidad penal de las personas jur\u00eddicas\u00bb, Paulo C\u00e9sr Busato, Profesor Titular (Catedr\u00e1tico) de Derecho penal de la Universidad Federal de Paran\u00e1. Fecha: Martes 20 de febrero de 2018. Hora: 13:30. Lugar: Aula 2 de la Facultad de Derecho de la Universidad de Le\u00f3n. Cartel &nbsp;<\/p>\n","protected":false},"author":149,"featured_media":0,"parent":0,"menu_order":0,"comment_status":"closed","ping_status":"closed","template":"","meta":{"footnotes":""},"class_list":["post-2157","page","type-page","status-publish","hentry"],"_links":{"self":[{"href":"https:\/\/centros.unileon.es\/derecho\/wp-json\/wp\/v2\/pages\/2157","targetHints":{"allow":["GET"]}}],"collection":[{"href":"https:\/\/centros.unileon.es\/derecho\/wp-json\/wp\/v2\/pages"}],"about":[{"href":"https:\/\/centros.unileon.es\/derecho\/wp-json\/wp\/v2\/types\/page"}],"author":[{"embeddable":true,"href":"https:\/\/centros.unileon.es\/derecho\/wp-json\/wp\/v2\/users\/149"}],"replies":[{"embeddable":true,"href":"https:\/\/centros.unileon.es\/derecho\/wp-json\/wp\/v2\/comments?post=2157"}],"version-history":[{"count":2,"href":"https:\/\/centros.unileon.es\/derecho\/wp-json\/wp\/v2\/pages\/2157\/revisions"}],"predecessor-version":[{"id":2160,"href":"https:\/\/centros.unileon.es\/derecho\/wp-json\/wp\/v2\/pages\/2157\/revisions\/2160"}],"wp:attachment":[{"href":"https:\/\/centros.unileon.es\/derecho\/wp-json\/wp\/v2\/media?parent=2157"}],"curies":[{"name":"wp","href":"https:\/\/api.w.org\/{rel}","templated":true}]}}