{"id":210,"date":"2012-10-26T10:20:07","date_gmt":"2012-10-26T10:20:07","guid":{"rendered":"http:\/\/centros.unileon.es\/derecho\/?page_id=210"},"modified":"2012-10-26T10:20:11","modified_gmt":"2012-10-26T10:20:11","slug":"i-seminario-de-derecho-financiero-cuestiones-actuales-de-derecho-financiero","status":"publish","type":"page","link":"https:\/\/centros.unileon.es\/derecho\/i-seminario-de-derecho-financiero-cuestiones-actuales-de-derecho-financiero\/","title":{"rendered":"I Seminario de Derecho Financiero. Cuestiones Actuales de Derecho Financiero"},"content":{"rendered":"El \u00c1rea de Derecho Financiero y Tributario organiza el I Seminario de Derecho Financiero. Cuestiones Actuales de Derecho Financiero.\r\n\r\nFechas de realizaci\u00f3n: 23 de noviembre de 2012 y 11 de enero de 2013.\r\n\r\nLugar de celebraci\u00f3n: Sal\u00f3n de Grados de la Facultad de Derecho.\r\n\r\nPara m\u00e1s informaci\u00f3n pinchar <a href=\"http:\/\/centros.unileon.es\/derecho\/files\/2012\/10\/I-Seminario-Derecho-Financiero.pdf\">aqu\u00ed<\/a>","protected":false},"excerpt":{"rendered":"<p>El \u00c1rea de Derecho Financiero y Tributario organiza el I Seminario de Derecho Financiero. Cuestiones Actuales de Derecho Financiero. Fechas de realizaci\u00f3n: 23 de noviembre de 2012 y 11 de enero de 2013. Lugar de celebraci\u00f3n: Sal\u00f3n de Grados de la Facultad de Derecho. Para m\u00e1s informaci\u00f3n pinchar aqu\u00ed<\/p>\n","protected":false},"author":67,"featured_media":0,"parent":0,"menu_order":0,"comment_status":"closed","ping_status":"open","template":"","meta":{"footnotes":""},"class_list":["post-210","page","type-page","status-publish","hentry"],"_links":{"self":[{"href":"https:\/\/centros.unileon.es\/derecho\/wp-json\/wp\/v2\/pages\/210","targetHints":{"allow":["GET"]}}],"collection":[{"href":"https:\/\/centros.unileon.es\/derecho\/wp-json\/wp\/v2\/pages"}],"about":[{"href":"https:\/\/centros.unileon.es\/derecho\/wp-json\/wp\/v2\/types\/page"}],"author":[{"embeddable":true,"href":"https:\/\/centros.unileon.es\/derecho\/wp-json\/wp\/v2\/users\/67"}],"replies":[{"embeddable":true,"href":"https:\/\/centros.unileon.es\/derecho\/wp-json\/wp\/v2\/comments?post=210"}],"version-history":[{"count":2,"href":"https:\/\/centros.unileon.es\/derecho\/wp-json\/wp\/v2\/pages\/210\/revisions"}],"predecessor-version":[{"id":213,"href":"https:\/\/centros.unileon.es\/derecho\/wp-json\/wp\/v2\/pages\/210\/revisions\/213"}],"wp:attachment":[{"href":"https:\/\/centros.unileon.es\/derecho\/wp-json\/wp\/v2\/media?parent=210"}],"curies":[{"name":"wp","href":"https:\/\/api.w.org\/{rel}","templated":true}]}}