{"id":205,"date":"2012-10-25T16:56:36","date_gmt":"2012-10-25T16:56:36","guid":{"rendered":"http:\/\/centros.unileon.es\/derecho\/?page_id=205"},"modified":"2012-10-25T16:56:41","modified_gmt":"2012-10-25T16:56:41","slug":"iv-jornadas-sobre-empresa-familiar-empresa-familiar-fiscalidad-y-competitividad","status":"publish","type":"page","link":"https:\/\/centros.unileon.es\/derecho\/iv-jornadas-sobre-empresa-familiar-empresa-familiar-fiscalidad-y-competitividad\/","title":{"rendered":"IV Jornadas sobre Empresa Familiar. Empresa familiar: fiscalidad y competitividad"},"content":{"rendered":"El \u00c1rea de Derecho Financiero y Tributario de la Faculta de Derecho, en colaboraci\u00f3n con la C\u00e1tedra de Empresa Familiar de la Universidad de Le\u00f3n, organiza las IV Jornadas sobre Empresa Familiar. Empresa Familiar: fiscalidad y competitividad.\r\n\r\nLugar de celebraci\u00f3n: Sal\u00f3n de Grados de la Facultad de Derecho.\r\n\r\nFechas: 21 y 22 de noviembre de 2012\r\n\r\nPara m\u00e1s informaci\u00f3n pinchar <a href=\"http:\/\/centros.unileon.es\/derecho\/files\/2012\/10\/Cartel-Curso-Empresa-Familiar.pdf\">aqu\u00ed<\/a>","protected":false},"excerpt":{"rendered":"<p>El \u00c1rea de Derecho Financiero y Tributario de la Faculta de Derecho, en colaboraci\u00f3n con la C\u00e1tedra de Empresa Familiar de la Universidad de Le\u00f3n, organiza las IV Jornadas sobre Empresa Familiar. Empresa Familiar: fiscalidad y competitividad. Lugar de celebraci\u00f3n: Sal\u00f3n de Grados de la Facultad de Derecho. Fechas: 21 y 22 de noviembre de [&hellip;]<\/p>\n","protected":false},"author":67,"featured_media":0,"parent":0,"menu_order":0,"comment_status":"closed","ping_status":"open","template":"","meta":{"footnotes":""},"class_list":["post-205","page","type-page","status-publish","hentry"],"_links":{"self":[{"href":"https:\/\/centros.unileon.es\/derecho\/wp-json\/wp\/v2\/pages\/205","targetHints":{"allow":["GET"]}}],"collection":[{"href":"https:\/\/centros.unileon.es\/derecho\/wp-json\/wp\/v2\/pages"}],"about":[{"href":"https:\/\/centros.unileon.es\/derecho\/wp-json\/wp\/v2\/types\/page"}],"author":[{"embeddable":true,"href":"https:\/\/centros.unileon.es\/derecho\/wp-json\/wp\/v2\/users\/67"}],"replies":[{"embeddable":true,"href":"https:\/\/centros.unileon.es\/derecho\/wp-json\/wp\/v2\/comments?post=205"}],"version-history":[{"count":2,"href":"https:\/\/centros.unileon.es\/derecho\/wp-json\/wp\/v2\/pages\/205\/revisions"}],"predecessor-version":[{"id":208,"href":"https:\/\/centros.unileon.es\/derecho\/wp-json\/wp\/v2\/pages\/205\/revisions\/208"}],"wp:attachment":[{"href":"https:\/\/centros.unileon.es\/derecho\/wp-json\/wp\/v2\/media?parent=205"}],"curies":[{"name":"wp","href":"https:\/\/api.w.org\/{rel}","templated":true}]}}