{"id":2037,"date":"2017-11-21T18:27:44","date_gmt":"2017-11-21T18:27:44","guid":{"rendered":"http:\/\/centros.unileon.es\/derecho\/?page_id=2037"},"modified":"2017-11-23T10:18:34","modified_gmt":"2017-11-23T10:18:34","slug":"jornada-sobre-fundamentos-del-derecho-de-la-responsabilidad-civil-24-de-noviembre-de-2017","status":"publish","type":"page","link":"https:\/\/centros.unileon.es\/derecho\/jornada-sobre-fundamentos-del-derecho-de-la-responsabilidad-civil-24-de-noviembre-de-2017\/","title":{"rendered":"Jornada sobre Fundamentos del Derecho de la responsabilidad civil, 24 de noviembre de 2017."},"content":{"rendered":"<p style=\"text-align: justify;\">El \u00c1rea de Filosof\u00eda del Derecho de la Universidad de Le\u00f3n, organiza una Jornada sobre <strong>Fundamentos del Derecho de la responsabilidad civil<\/strong>, en la que intervendr\u00e1n D. Leandro Vergara, Profesor de Derecho Civil y Director del Departamento de Posgrado y Doctorado de la Facultad de Derecho de la Universidad de Buenos Aires; D. Diego Papayannis, Profesor de Filosof\u00eda del Derecho de la Universidad de Girona; D. Jes\u00fas Delgado Echeverr\u00eda, Catedr\u00e1tico em\u00e9rito de Derecho Civil de la Universidad de Zaragoza y D. Juan Antonio Garc\u00eda Amado, Catedr\u00e1tico de Filosof\u00eda del Derecho de la Universidad de Le\u00f3n.<\/p>\r\n<p style=\"text-align: justify;\"><strong>Fecha y Horario:<\/strong> Viernes 24 de noviembre, 10:00 &#8211; 14:00.<\/p>\r\n<p style=\"text-align: justify;\"><strong>Lugar:<\/strong> Sala de Juntas de la Facultad de Derecho y Ciencias del Trabajo de la Universidad de Le\u00f3n.<\/p>","protected":false},"excerpt":{"rendered":"<p>El \u00c1rea de Filosof\u00eda del Derecho de la Universidad de Le\u00f3n, organiza una Jornada sobre Fundamentos del Derecho de la responsabilidad civil, en la que intervendr\u00e1n D. Leandro Vergara, Profesor de Derecho Civil y Director del Departamento de Posgrado y Doctorado de la Facultad de Derecho de la Universidad de Buenos Aires; D. Diego Papayannis, [&hellip;]<\/p>\n","protected":false},"author":149,"featured_media":0,"parent":0,"menu_order":0,"comment_status":"closed","ping_status":"closed","template":"","meta":{"footnotes":""},"class_list":["post-2037","page","type-page","status-publish","hentry"],"_links":{"self":[{"href":"https:\/\/centros.unileon.es\/derecho\/wp-json\/wp\/v2\/pages\/2037","targetHints":{"allow":["GET"]}}],"collection":[{"href":"https:\/\/centros.unileon.es\/derecho\/wp-json\/wp\/v2\/pages"}],"about":[{"href":"https:\/\/centros.unileon.es\/derecho\/wp-json\/wp\/v2\/types\/page"}],"author":[{"embeddable":true,"href":"https:\/\/centros.unileon.es\/derecho\/wp-json\/wp\/v2\/users\/149"}],"replies":[{"embeddable":true,"href":"https:\/\/centros.unileon.es\/derecho\/wp-json\/wp\/v2\/comments?post=2037"}],"version-history":[{"count":3,"href":"https:\/\/centros.unileon.es\/derecho\/wp-json\/wp\/v2\/pages\/2037\/revisions"}],"predecessor-version":[{"id":2066,"href":"https:\/\/centros.unileon.es\/derecho\/wp-json\/wp\/v2\/pages\/2037\/revisions\/2066"}],"wp:attachment":[{"href":"https:\/\/centros.unileon.es\/derecho\/wp-json\/wp\/v2\/media?parent=2037"}],"curies":[{"name":"wp","href":"https:\/\/api.w.org\/{rel}","templated":true}]}}