{"id":2012,"date":"2017-11-17T19:31:19","date_gmt":"2017-11-17T19:31:19","guid":{"rendered":"http:\/\/centros.unileon.es\/derecho\/?page_id=2012"},"modified":"2018-05-28T18:19:37","modified_gmt":"2018-05-28T18:19:37","slug":"i-ciclo-de-jornadas-abiertas-genero-diversidad-sexual-y-derecho-22-de-noviembre-8-de-marzo-y-10-de-mayo","status":"publish","type":"page","link":"https:\/\/centros.unileon.es\/derecho\/i-ciclo-de-jornadas-abiertas-genero-diversidad-sexual-y-derecho-22-de-noviembre-8-de-marzo-y-10-de-mayo\/","title":{"rendered":"I Ciclo de Jornadas Abiertas: \u00abG\u00e9nero, Diversidad Sexual y Derecho\u00bb, 22 de noviembre, 15 de marzo y 28 de mayo."},"content":{"rendered":"<h2 style=\"text-align: center;\"><strong>LGTBQ+: IGUALES Y CON IGUAL VISIBILIDAD<\/strong><\/h2>\r\n<p style=\"text-align: justify;\"><strong>Lunes, 28 de mayo de 2018, 17:00 hs., Sal\u00f3n de Grados de la Facultad de Derecho de la Universidad de Le\u00f3n.<\/strong><\/p>\r\n<a href=\"http:\/\/centros.unileon.es\/derecho\/files\/2018\/05\/igualdad_y_con_igual_visibilidad.jpg\"><img loading=\"lazy\" decoding=\"async\" class=\"alignnone wp-image-2239\" src=\"http:\/\/centros.unileon.es\/derecho\/files\/2018\/05\/igualdad_y_con_igual_visibilidad-300x200.jpg\" alt=\"\" width=\"398\" height=\"265\" srcset=\"https:\/\/centros.unileon.es\/derecho\/files\/2018\/05\/igualdad_y_con_igual_visibilidad-300x200.jpg 300w, https:\/\/centros.unileon.es\/derecho\/files\/2018\/05\/igualdad_y_con_igual_visibilidad.jpg 586w\" sizes=\"auto, (max-width: 398px) 100vw, 398px\" \/><\/a>\r\n<p style=\"text-align: justify;\"><strong>La Facultad de Derecho acoge la 3\u00aa Jornada del Ciclo: G\u00e9nero, Diversidad sexual y Derecho: \u00ab<\/strong><strong>LGTBQ+: Iguales y con igual visibilidad\u00bb<\/strong><\/p>\r\n<p style=\"text-align: justify;\">Con las intervenciones de: Ana Mu\u00f1oz P\u00e9rez, Presidenta de Fundaci\u00f3n Tri\u00e1ngulo Valladolid; Eva Irazu Pantiga, Plataforma Feministe D&#8217;Asturies; Yosune \u00c1lvarez Barrag\u00e1n, Coordinadora de Xega LGTB+ y Coordinadora de Tribadas (Xega LGTB+); Concepci\u00f3n Unanue Cuesta. Antropologa, Soci\u00f3loga, Trabajadora Social, Dra. en Antropolog\u00eda, investigadora en temas de diversidad afectivo\u2010sexual y g\u00e9nero; Henar \u00c1lvarez Cuesta. Profesora Doctora Titular de Universidad del \u00c1rea de Derecho del Trabajo y de la Seguridad Social de la Universidad de Le\u00f3n.<\/p>\r\n<p style=\"text-align: justify;\"><a href=\"http:\/\/centros.unileon.es\/derecho\/files\/2018\/05\/I-CICLO-DE-JORNADAS_Jornada-3-28m-b-1.pdf\">PROGRAMA 3\u00aa JORNADA<\/a><\/p>\r\n<p style=\"text-align: justify;\">El Defensor de la Comunidad Universitaria de la Universidad de Le\u00f3n, La Facultad de Derecho y Ciencias del Trabajo de la Universidad de Le\u00f3n, ASIES, Junta de Castilla y Le\u00f3n, la Subdelegaci\u00f3n del Gobierno y varias asociaciones de la ciudad, organizan el<strong><em> I Ciclo de Jornadas &#8216;G\u00e9nero, Diversidad Sexual y Derecho&#8217;<\/em>.<\/strong><\/p>\r\n<p style=\"text-align: justify;\">El<em> Ciclo<\/em> tiene lugar en tres sesiones a celebrar en distintos momentos del curso acad\u00e9mico, coincidiendo con alg\u00fan D\u00eda Internacional relevante desde el punto de vista de la mujer y la identidad sexual.<\/p>\r\n<p style=\"text-align: justify;\">En los siguientes enlaces podr\u00e1n ver los programas de cada una de las 3 Jornadas:<\/p>\r\n\r\n<ul style=\"list-style-type: disc; text-align: justify;\">\r\n \t<li style=\"text-align: justify;\">1\u00aa Jornada, d\u00eda 22 de noviembre de 2017: <strong>\u00abRelaciones de pareja. Agresiones sexuales\u00bb<\/strong>.\u00a0 <a href=\"http:\/\/centros.unileon.es\/derecho\/files\/2017\/11\/ICICLODEJORNADAS.pdf\">PROGRAMA 1\u00aa JORNADA<\/a><\/li>\r\n \t<li>2\u00aa Jornada,\u00a0 d\u00eda 15 de marzo de 2018: <strong>\u00abNo seas c\u00f3mplice: Explotaci\u00f3n y Trata\u00bb<\/strong>. <a href=\"http:\/\/centros.unileon.es\/derecho\/files\/2018\/03\/tmp_1774-I-CICLO-DE-JORNADAS_Jornada-2_versi\u00f3n_8_3_18.doc2-2071934185.pdf\">PROGRAMA 2\u00aa JORNADA<\/a><\/li>\r\n \t<li>3\u00aa Jornada, d\u00eda 28 de mayo de 2018: <strong>\u00abLGTBQ+: Iguales y con igual visibilidad\u00bb.<\/strong> <a href=\"http:\/\/centros.unileon.es\/derecho\/files\/2018\/05\/I-CICLO-DE-JORNADAS_Jornada-3-28m-b-1.pdf\">PROGRAMA 3\u00aa JORNADA<\/a><\/li>\r\n<\/ul>\r\n<div>\r\n<p style=\"text-align: justify;\">Ser\u00e1n quince horas en total. El Consejo de Gobierno de la Universidad de Le\u00f3n reconoce <strong>1 cr\u00e9dito ECTS<\/strong> por participar en la actividad y ser\u00e1 entregado certificado de asistencia.<\/p>\r\n<p style=\"text-align: justify;\">Acompa\u00f1amos varias fichas para facilitar su inscripci\u00f3n o incluso la de otras personas con quienes desee compartir esta informaci\u00f3n: <a href=\"http:\/\/centros.unileon.es\/derecho\/files\/2017\/11\/InscripcinICICLODEJORNADASABIERTAS.pdf\">FICHA DE INSCRIPCI\u00d3N<\/a><\/p>\r\n<p style=\"text-align: justify;\">Para proceder a dicha inscripci\u00f3n puede devolver la ficha del participante debidamente cumplimentada a esta direcci\u00f3n de correo electr\u00f3nico o bien entregarla entre las 16:00 y las 16:30 horas en la Secretar\u00eda de las Jornadas que se instalar\u00e1 a la entrada del Sal\u00f3n de Grados de la Facultad de Derecho.<\/p>\r\n<a href=\"http:\/\/centros.unileon.es\/derecho\/files\/2018\/05\/memoria.jpg\"><img loading=\"lazy\" decoding=\"async\" class=\"wp-image-2225 aligncenter\" src=\"http:\/\/centros.unileon.es\/derecho\/files\/2018\/05\/memoria-300x172.jpg\" alt=\"\" width=\"457\" height=\"262\" srcset=\"https:\/\/centros.unileon.es\/derecho\/files\/2018\/05\/memoria-300x172.jpg 300w, https:\/\/centros.unileon.es\/derecho\/files\/2018\/05\/memoria.jpg 645w\" sizes=\"auto, (max-width: 457px) 100vw, 457px\" \/><\/a>\r\n<p style=\"text-align: justify;\"><\/p>\r\n\r\n<\/div>","protected":false},"excerpt":{"rendered":"<p>LGTBQ+: IGUALES Y CON IGUAL VISIBILIDAD Lunes, 28 de mayo de 2018, 17:00 hs., Sal\u00f3n de Grados de la Facultad de Derecho de la Universidad de Le\u00f3n. La Facultad de Derecho acoge la 3\u00aa Jornada del Ciclo: G\u00e9nero, Diversidad sexual y Derecho: \u00abLGTBQ+: Iguales y con igual visibilidad\u00bb Con las intervenciones de: Ana Mu\u00f1oz P\u00e9rez, [&hellip;]<\/p>\n","protected":false},"author":149,"featured_media":0,"parent":0,"menu_order":0,"comment_status":"closed","ping_status":"closed","template":"","meta":{"footnotes":""},"class_list":["post-2012","page","type-page","status-publish","hentry"],"_links":{"self":[{"href":"https:\/\/centros.unileon.es\/derecho\/wp-json\/wp\/v2\/pages\/2012","targetHints":{"allow":["GET"]}}],"collection":[{"href":"https:\/\/centros.unileon.es\/derecho\/wp-json\/wp\/v2\/pages"}],"about":[{"href":"https:\/\/centros.unileon.es\/derecho\/wp-json\/wp\/v2\/types\/page"}],"author":[{"embeddable":true,"href":"https:\/\/centros.unileon.es\/derecho\/wp-json\/wp\/v2\/users\/149"}],"replies":[{"embeddable":true,"href":"https:\/\/centros.unileon.es\/derecho\/wp-json\/wp\/v2\/comments?post=2012"}],"version-history":[{"count":36,"href":"https:\/\/centros.unileon.es\/derecho\/wp-json\/wp\/v2\/pages\/2012\/revisions"}],"predecessor-version":[{"id":2248,"href":"https:\/\/centros.unileon.es\/derecho\/wp-json\/wp\/v2\/pages\/2012\/revisions\/2248"}],"wp:attachment":[{"href":"https:\/\/centros.unileon.es\/derecho\/wp-json\/wp\/v2\/media?parent=2012"}],"curies":[{"name":"wp","href":"https:\/\/api.w.org\/{rel}","templated":true}]}}