{"id":1998,"date":"2017-11-17T13:34:21","date_gmt":"2017-11-17T13:34:21","guid":{"rendered":"http:\/\/centros.unileon.es\/derecho\/?page_id=1998"},"modified":"2017-11-23T10:29:39","modified_gmt":"2017-11-23T10:29:39","slug":"mesa-redonda-en-defensa-de-la-constitucion-en-el-estado-de-derecho-21-de-noviembre-de-2017","status":"publish","type":"page","link":"https:\/\/centros.unileon.es\/derecho\/mesa-redonda-en-defensa-de-la-constitucion-en-el-estado-de-derecho-21-de-noviembre-de-2017\/","title":{"rendered":"Mesa Redonda: \u00abEn Defensa de la Constituci\u00f3n en el Estado de Derecho\u00bb, 21 de noviembre de 2017."},"content":{"rendered":"<p style=\"text-align: justify;\">El \u00c1rea de Filosof\u00eda del Derecho de la Universidad de Le\u00f3n organiza una Mesa Redonda sobre la \u00abDefensa de la Constituci\u00f3n en el Estado de Derecho, que contar\u00e1 con las intervenciones de: Rafael Arenas Garc\u00eda (Catedr\u00e1tico de Derecho Internacional Privado de la Universidad de Barcelona), Javier de Lucas Mart\u00edn (Catedr\u00e1tico de Filosof\u00eda del Derecho de la Universidad de Valencia), Miguel D\u00edaz y Garc\u00eda Conlledo (Catedr\u00e1tico de Derecho Penal de la Universidad de Le\u00f3n), Francisco Sosa Wagner (Catedr\u00e1tico de Derecho Administrativo de la Universidad de Le\u00f3n y Eduardo V\u00edrgala Forur\u00eda (Catedr\u00e1tico de Derecho Constitucional de la Universidad de Le\u00f3n).<\/p>\r\n<p style=\"text-align: justify;\"><strong>Fecha y hora:<\/strong> Martes 21 de noviembre, 11:30 horas.<\/p>\r\n<p style=\"text-align: justify;\"><strong>Lugar:<\/strong> Sal\u00f3n de Grados de la Facultad de Derecho y Ciencias del Trabajo de la Universidad de Le\u00f3n.<\/p>\r\n<a href=\"http:\/\/centros.unileon.es\/derecho\/files\/2017\/11\/Mesa-redonda-Defensa-de-la-Constituci\u00f3n-nov.-2017-versi\u00f3n-3_PRO.pdf\">Cartel Mesa Redonda Defensa de la Constituci\u00f3n<\/a>","protected":false},"excerpt":{"rendered":"<p>El \u00c1rea de Filosof\u00eda del Derecho de la Universidad de Le\u00f3n organiza una Mesa Redonda sobre la \u00abDefensa de la Constituci\u00f3n en el Estado de Derecho, que contar\u00e1 con las intervenciones de: Rafael Arenas Garc\u00eda (Catedr\u00e1tico de Derecho Internacional Privado de la Universidad de Barcelona), Javier de Lucas Mart\u00edn (Catedr\u00e1tico de Filosof\u00eda del Derecho de [&hellip;]<\/p>\n","protected":false},"author":149,"featured_media":0,"parent":0,"menu_order":0,"comment_status":"closed","ping_status":"closed","template":"","meta":{"footnotes":""},"class_list":["post-1998","page","type-page","status-publish","hentry"],"_links":{"self":[{"href":"https:\/\/centros.unileon.es\/derecho\/wp-json\/wp\/v2\/pages\/1998","targetHints":{"allow":["GET"]}}],"collection":[{"href":"https:\/\/centros.unileon.es\/derecho\/wp-json\/wp\/v2\/pages"}],"about":[{"href":"https:\/\/centros.unileon.es\/derecho\/wp-json\/wp\/v2\/types\/page"}],"author":[{"embeddable":true,"href":"https:\/\/centros.unileon.es\/derecho\/wp-json\/wp\/v2\/users\/149"}],"replies":[{"embeddable":true,"href":"https:\/\/centros.unileon.es\/derecho\/wp-json\/wp\/v2\/comments?post=1998"}],"version-history":[{"count":5,"href":"https:\/\/centros.unileon.es\/derecho\/wp-json\/wp\/v2\/pages\/1998\/revisions"}],"predecessor-version":[{"id":2070,"href":"https:\/\/centros.unileon.es\/derecho\/wp-json\/wp\/v2\/pages\/1998\/revisions\/2070"}],"wp:attachment":[{"href":"https:\/\/centros.unileon.es\/derecho\/wp-json\/wp\/v2\/media?parent=1998"}],"curies":[{"name":"wp","href":"https:\/\/api.w.org\/{rel}","templated":true}]}}