{"id":1960,"date":"2017-11-14T07:57:30","date_gmt":"2017-11-14T07:57:30","guid":{"rendered":"http:\/\/centros.unileon.es\/derecho\/?page_id=1960"},"modified":"2017-11-17T19:43:29","modified_gmt":"2017-11-17T19:43:29","slug":"seminario-de-docencia-e-investigacion-en-derecho-penal-20-de-noviembre-de-2017","status":"publish","type":"page","link":"https:\/\/centros.unileon.es\/derecho\/seminario-de-docencia-e-investigacion-en-derecho-penal-20-de-noviembre-de-2017\/","title":{"rendered":"Seminario de Docencia e Investigaci\u00f3n en Derecho Penal: \u00abBases para un Derecho Constitucional Penal\u00bb, 20 de noviembre de 2017."},"content":{"rendered":"<p style=\"text-align: justify;\">El 20 de noviembre se celebrar\u00e1 la primera sesi\u00f3n del Seminario Permanente de Docencia e Investigaci\u00f3n en Derecho Penal, del Cuso 2017\/2018, con la impartici\u00f3n de la conferencia: \u00abBases para un Derecho Constitucional Penal\u00bb, a cargo del Profesor Jose F. Palomino Manchego, de la Universidad Nacional Mayor de San Marcos (Per\u00fa).<\/p>\r\n<p style=\"text-align: justify;\">Lugar: Sal\u00f3n de Grados de la Facultad de Derecho y Ciencias del Trabajo de la Universidad de Le\u00f3n.<\/p>\r\n<p style=\"text-align: justify;\">Fecha: 20 de noviembre, 13:30 horas.<\/p>\r\n<a href=\"http:\/\/centros.unileon.es\/derecho\/files\/2017\/11\/Seminario-Derehco-Penal-Noviembre-2017.pdf\">Cartel Seminario Derecho Penal noviembre 2017<\/a>","protected":false},"excerpt":{"rendered":"<p>El 20 de noviembre se celebrar\u00e1 la primera sesi\u00f3n del Seminario Permanente de Docencia e Investigaci\u00f3n en Derecho Penal, del Cuso 2017\/2018, con la impartici\u00f3n de la conferencia: \u00abBases para un Derecho Constitucional Penal\u00bb, a cargo del Profesor Jose F. Palomino Manchego, de la Universidad Nacional Mayor de San Marcos (Per\u00fa). Lugar: Sal\u00f3n de Grados [&hellip;]<\/p>\n","protected":false},"author":149,"featured_media":0,"parent":0,"menu_order":0,"comment_status":"closed","ping_status":"closed","template":"","meta":{"footnotes":""},"class_list":["post-1960","page","type-page","status-publish","hentry"],"_links":{"self":[{"href":"https:\/\/centros.unileon.es\/derecho\/wp-json\/wp\/v2\/pages\/1960","targetHints":{"allow":["GET"]}}],"collection":[{"href":"https:\/\/centros.unileon.es\/derecho\/wp-json\/wp\/v2\/pages"}],"about":[{"href":"https:\/\/centros.unileon.es\/derecho\/wp-json\/wp\/v2\/types\/page"}],"author":[{"embeddable":true,"href":"https:\/\/centros.unileon.es\/derecho\/wp-json\/wp\/v2\/users\/149"}],"replies":[{"embeddable":true,"href":"https:\/\/centros.unileon.es\/derecho\/wp-json\/wp\/v2\/comments?post=1960"}],"version-history":[{"count":3,"href":"https:\/\/centros.unileon.es\/derecho\/wp-json\/wp\/v2\/pages\/1960\/revisions"}],"predecessor-version":[{"id":2025,"href":"https:\/\/centros.unileon.es\/derecho\/wp-json\/wp\/v2\/pages\/1960\/revisions\/2025"}],"wp:attachment":[{"href":"https:\/\/centros.unileon.es\/derecho\/wp-json\/wp\/v2\/media?parent=1960"}],"curies":[{"name":"wp","href":"https:\/\/api.w.org\/{rel}","templated":true}]}}