{"id":1944,"date":"2017-11-09T08:24:32","date_gmt":"2017-11-09T08:24:32","guid":{"rendered":"http:\/\/centros.unileon.es\/derecho\/?page_id=1944"},"modified":"2017-11-23T10:29:12","modified_gmt":"2017-11-23T10:29:12","slug":"jornadas-de-derecho-administrativo-sostenibilidad-ambiental-y-social-en-el-nuevo-urbanismo-23-y-24-de-noviembre-de-2017","status":"publish","type":"page","link":"https:\/\/centros.unileon.es\/derecho\/jornadas-de-derecho-administrativo-sostenibilidad-ambiental-y-social-en-el-nuevo-urbanismo-23-y-24-de-noviembre-de-2017\/","title":{"rendered":"Jornadas de Derecho Administrativo: \u00abSostenibilidad ambiental y social en el nuevo urbanismo\u00bb, 23 y 24 de noviembre de 2017."},"content":{"rendered":"<p style=\"text-align: justify;\">La Facultad de Derecho y Ciencias del Trabajo de la Universidad de Le\u00f3n acoge una Jornada de Derecho Administrativo dedicada a la Sostenibilidad ambiental y social en el nuevo urbanismo, los d\u00edas .<\/p>\r\n<strong>Fechas y horarios:<\/strong> 23 y 24 de noviembre en sesi\u00f3n de ma\u00f1ana (9:30) y tarde (16:30).\r\n\r\n<strong>Lugar:<\/strong> Sal\u00f3n de Grados de la Facultad de Derecho y Ciencias del Trabajo de la Universidad de Le\u00f3n.\r\n<p style=\"text-align: justify;\"><strong>Inscripci\u00f3n gratuita en:<\/strong> jmsanb@unileon.es<\/p>\r\n<p style=\"text-align: justify;\"><strong>Tr\u00edptico Informativo:<\/strong>\u00a0<a href=\"http:\/\/centros.unileon.es\/derecho\/files\/2017\/11\/FOLLETO-JORNADAS-ADMINISTRATIVO_PRO.pdf\">Folleto Jornadas Administrativo<\/a><\/p>","protected":false},"excerpt":{"rendered":"<p>La Facultad de Derecho y Ciencias del Trabajo de la Universidad de Le\u00f3n acoge una Jornada de Derecho Administrativo dedicada a la Sostenibilidad ambiental y social en el nuevo urbanismo, los d\u00edas . Fechas y horarios: 23 y 24 de noviembre en sesi\u00f3n de ma\u00f1ana (9:30) y tarde (16:30). Lugar: Sal\u00f3n de Grados de la [&hellip;]<\/p>\n","protected":false},"author":149,"featured_media":0,"parent":0,"menu_order":0,"comment_status":"closed","ping_status":"closed","template":"","meta":{"footnotes":""},"class_list":["post-1944","page","type-page","status-publish","hentry"],"_links":{"self":[{"href":"https:\/\/centros.unileon.es\/derecho\/wp-json\/wp\/v2\/pages\/1944","targetHints":{"allow":["GET"]}}],"collection":[{"href":"https:\/\/centros.unileon.es\/derecho\/wp-json\/wp\/v2\/pages"}],"about":[{"href":"https:\/\/centros.unileon.es\/derecho\/wp-json\/wp\/v2\/types\/page"}],"author":[{"embeddable":true,"href":"https:\/\/centros.unileon.es\/derecho\/wp-json\/wp\/v2\/users\/149"}],"replies":[{"embeddable":true,"href":"https:\/\/centros.unileon.es\/derecho\/wp-json\/wp\/v2\/comments?post=1944"}],"version-history":[{"count":6,"href":"https:\/\/centros.unileon.es\/derecho\/wp-json\/wp\/v2\/pages\/1944\/revisions"}],"predecessor-version":[{"id":2069,"href":"https:\/\/centros.unileon.es\/derecho\/wp-json\/wp\/v2\/pages\/1944\/revisions\/2069"}],"wp:attachment":[{"href":"https:\/\/centros.unileon.es\/derecho\/wp-json\/wp\/v2\/media?parent=1944"}],"curies":[{"name":"wp","href":"https:\/\/api.w.org\/{rel}","templated":true}]}}