{"id":191,"date":"2012-10-04T07:39:58","date_gmt":"2012-10-04T07:39:58","guid":{"rendered":"http:\/\/centros.unileon.es\/derecho\/?page_id=191"},"modified":"2012-10-04T07:39:58","modified_gmt":"2012-10-04T07:39:58","slug":"i-curso-de-experto-en-mediacion-de-conflictos-familiares","status":"publish","type":"page","link":"https:\/\/centros.unileon.es\/derecho\/i-curso-de-experto-en-mediacion-de-conflictos-familiares\/","title":{"rendered":"I Curso de Experto en Mediaci\u00f3n de Conflictos Familiares"},"content":{"rendered":"La Facultad de Derecho en Colaboraci\u00f3n con el Ilustre Colegio de Abogados de Le\u00f3n organiza la I Promoci\u00f3n del Curso de Experto en Mediaci\u00f3n de Conflicto Familiares como T\u00edtulo Propio de la Universidad de Le\u00f3n acreditado por la Junta de Castilla y Le\u00f3n.\r\n\r\nLas sesiones del curso se celebrar\u00e1n del 9 de noviembre de 2012\u00a0al 22 de junio de 2013, los viernes por la tarde y los s\u00e1bados por la ma\u00f1ana.\r\n\r\nPara m\u00e1s informaci\u00f3n pinchar <a href=\"http:\/\/centros.unileon.es\/derecho\/files\/2012\/10\/Cartel-Experto-Mediaci\u00f3n-Familiar.jpg\">aqu\u00ed <\/a>o\u00a0contactar con el Ilustre Colegio de Abogados de Le\u00f3n en el Tel\u00e9fono 987 262 046 o en la direcci\u00f3n de correo electr\u00f3nico <a href=\"mailto:biblioteca@ical.es\">biblioteca@ical.es<\/a>\r\n\r\nTr\u00edptico del Curso: <a href=\"http:\/\/centros.unileon.es\/derecho\/files\/2012\/10\/Tr\u00edptico-Anverso.jpg\">Anverso<\/a> y <a href=\"http:\/\/centros.unileon.es\/derecho\/files\/2012\/10\/Tr\u00edptico-Reverso.jpg\">Reverso<\/a>.\r\n\r\n&nbsp;","protected":false},"excerpt":{"rendered":"<p>La Facultad de Derecho en Colaboraci\u00f3n con el Ilustre Colegio de Abogados de Le\u00f3n organiza la I Promoci\u00f3n del Curso de Experto en Mediaci\u00f3n de Conflicto Familiares como T\u00edtulo Propio de la Universidad de Le\u00f3n acreditado por la Junta de Castilla y Le\u00f3n. Las sesiones del curso se celebrar\u00e1n del 9 de noviembre de 2012\u00a0al [&hellip;]<\/p>\n","protected":false},"author":67,"featured_media":0,"parent":0,"menu_order":0,"comment_status":"closed","ping_status":"open","template":"","meta":{"footnotes":""},"class_list":["post-191","page","type-page","status-publish","hentry"],"_links":{"self":[{"href":"https:\/\/centros.unileon.es\/derecho\/wp-json\/wp\/v2\/pages\/191","targetHints":{"allow":["GET"]}}],"collection":[{"href":"https:\/\/centros.unileon.es\/derecho\/wp-json\/wp\/v2\/pages"}],"about":[{"href":"https:\/\/centros.unileon.es\/derecho\/wp-json\/wp\/v2\/types\/page"}],"author":[{"embeddable":true,"href":"https:\/\/centros.unileon.es\/derecho\/wp-json\/wp\/v2\/users\/67"}],"replies":[{"embeddable":true,"href":"https:\/\/centros.unileon.es\/derecho\/wp-json\/wp\/v2\/comments?post=191"}],"version-history":[{"count":1,"href":"https:\/\/centros.unileon.es\/derecho\/wp-json\/wp\/v2\/pages\/191\/revisions"}],"predecessor-version":[{"id":195,"href":"https:\/\/centros.unileon.es\/derecho\/wp-json\/wp\/v2\/pages\/191\/revisions\/195"}],"wp:attachment":[{"href":"https:\/\/centros.unileon.es\/derecho\/wp-json\/wp\/v2\/media?parent=191"}],"curies":[{"name":"wp","href":"https:\/\/api.w.org\/{rel}","templated":true}]}}