{"id":1894,"date":"2017-10-24T08:56:55","date_gmt":"2017-10-24T08:56:55","guid":{"rendered":"http:\/\/centros.unileon.es\/derecho\/?page_id=1894"},"modified":"2017-10-24T08:59:15","modified_gmt":"2017-10-24T08:59:15","slug":"vi-ciclo-justicia-el-norte-de-castilla-santander-el-desafio-de-la-especializacion-judicial-ante-la-nueva-delincuencia","status":"publish","type":"page","link":"https:\/\/centros.unileon.es\/derecho\/vi-ciclo-justicia-el-norte-de-castilla-santander-el-desafio-de-la-especializacion-judicial-ante-la-nueva-delincuencia\/","title":{"rendered":"VI Ciclo Justicia \u00abEl Norte de Castilla\u00bb &#8211; \u00abSantander\u00bb. El desaf\u00edo de la especializacion judicial ante la nueva delincuencia. 14 de noviembre de 2017."},"content":{"rendered":"<p style=\"text-align: justify;\">Organizado por \u00abEl Norte de Castilla\u00bb y el \u00abGrupo Santander\u00bb, se celebra en la ciudad de Le\u00f3n el <strong>VI Ciclo Justicia<\/strong> que tendr\u00e1 por objeto analizar los desaf\u00edos de la especializacion judicial ante la nueva delincuencia.<\/p>\r\n<p style=\"text-align: justify;\">D. Antonio Vercher Noguera, Fiscal Coordinador de la Fiscal\u00eda de Medioambiente y urbanismo; y, D. V\u00edctor Valera, Capit\u00e1n de la Unidad investigaci\u00f3n adscrita a Fiscal\u00eda de Medioambiente, nos ayudar\u00e1n a reflexionar sobre un tema de triste actualidad: <strong>Los delitos forestales.<\/strong><\/p>\r\n<strong>D\u00eda:<\/strong> martes, 14 de noviembre.\r\n\r\n<strong>Lugar:<\/strong> Palacio Conde Luna.\r\n\r\n<strong>Hora:<\/strong> 17:30.\r\n\r\nEntrada libre y gratuita hasta completar el aforo.\r\n\r\n<a href=\"http:\/\/centros.unileon.es\/derecho\/files\/2017\/10\/VI-CICLO-JUSTICIA-DE-EL-NORTE-DE-CASTILLA_PRO.pdf\">CARTEL: VI CICLO JUSTICIA NORTE DE CASTILLA \/ SANTANDER<\/a>\r\n<p style=\"text-align: justify;\"><\/p>","protected":false},"excerpt":{"rendered":"<p>Organizado por \u00abEl Norte de Castilla\u00bb y el \u00abGrupo Santander\u00bb, se celebra en la ciudad de Le\u00f3n el VI Ciclo Justicia que tendr\u00e1 por objeto analizar los desaf\u00edos de la especializacion judicial ante la nueva delincuencia. D. Antonio Vercher Noguera, Fiscal Coordinador de la Fiscal\u00eda de Medioambiente y urbanismo; y, D. V\u00edctor Valera, Capit\u00e1n de [&hellip;]<\/p>\n","protected":false},"author":149,"featured_media":0,"parent":0,"menu_order":0,"comment_status":"closed","ping_status":"closed","template":"","meta":{"footnotes":""},"class_list":["post-1894","page","type-page","status-publish","hentry"],"_links":{"self":[{"href":"https:\/\/centros.unileon.es\/derecho\/wp-json\/wp\/v2\/pages\/1894","targetHints":{"allow":["GET"]}}],"collection":[{"href":"https:\/\/centros.unileon.es\/derecho\/wp-json\/wp\/v2\/pages"}],"about":[{"href":"https:\/\/centros.unileon.es\/derecho\/wp-json\/wp\/v2\/types\/page"}],"author":[{"embeddable":true,"href":"https:\/\/centros.unileon.es\/derecho\/wp-json\/wp\/v2\/users\/149"}],"replies":[{"embeddable":true,"href":"https:\/\/centros.unileon.es\/derecho\/wp-json\/wp\/v2\/comments?post=1894"}],"version-history":[{"count":2,"href":"https:\/\/centros.unileon.es\/derecho\/wp-json\/wp\/v2\/pages\/1894\/revisions"}],"predecessor-version":[{"id":1899,"href":"https:\/\/centros.unileon.es\/derecho\/wp-json\/wp\/v2\/pages\/1894\/revisions\/1899"}],"wp:attachment":[{"href":"https:\/\/centros.unileon.es\/derecho\/wp-json\/wp\/v2\/media?parent=1894"}],"curies":[{"name":"wp","href":"https:\/\/api.w.org\/{rel}","templated":true}]}}