{"id":1851,"date":"2017-10-16T16:11:53","date_gmt":"2017-10-16T16:11:53","guid":{"rendered":"http:\/\/centros.unileon.es\/derecho\/?page_id=1851"},"modified":"2017-10-16T16:29:23","modified_gmt":"2017-10-16T16:29:23","slug":"leon-capital-del-columnismo-del-18-al-20-de-octubre-del-2017","status":"publish","type":"page","link":"https:\/\/centros.unileon.es\/derecho\/leon-capital-del-columnismo-del-18-al-20-de-octubre-del-2017\/","title":{"rendered":"Le\u00f3n, Capital del Columnismo, del 18 al 20 de octubre del 2017."},"content":{"rendered":"<h3 style=\"text-align: center;\">\u00a0<strong>CONGRESO: \u00abLE\u00d3N, CAPITAL DEL COLUMNISMO\u00bb<\/strong><\/h3>\r\n<table>\r\n<tbody>\r\n<tr>\r\n<td><strong><a href=\"http:\/\/centros.unileon.es\/derecho\/files\/2017\/10\/cartel-2017-Leocolumnas.jpg\"><img loading=\"lazy\" decoding=\"async\" class=\" wp-image-1858 alignleft\" src=\"http:\/\/centros.unileon.es\/derecho\/files\/2017\/10\/cartel-2017-Leocolumnas-214x300.jpg\" alt=\"\" width=\"260\" height=\"364\" srcset=\"https:\/\/centros.unileon.es\/derecho\/files\/2017\/10\/cartel-2017-Leocolumnas-214x300.jpg 214w, https:\/\/centros.unileon.es\/derecho\/files\/2017\/10\/cartel-2017-Leocolumnas-768x1076.jpg 768w, https:\/\/centros.unileon.es\/derecho\/files\/2017\/10\/cartel-2017-Leocolumnas-731x1024.jpg 731w, https:\/\/centros.unileon.es\/derecho\/files\/2017\/10\/cartel-2017-Leocolumnas.jpg 1200w\" sizes=\"auto, (max-width: 260px) 100vw, 260px\" \/><\/a><\/strong>\r\n<p style=\"text-align: justify;\"><strong>La Facultad de Derecho de la Universidad de Le\u00f3n acoge el Congreso: \u00abLe\u00f3n, capital del columnismo\u00bb<\/strong>. El evento permitir\u00e1 durante tres d\u00edas (del 18 al 20 de octubre) analizar y reflexionar sobre los g\u00e9neros de opini\u00f3n, su funci\u00f3n dentro del periodismo y su influencia en la opini\u00f3n p\u00fablica.<\/p>\r\n<p style=\"text-align: justify;\">El Congreso abierto a la ciudadan\u00eda, permitir\u00e1 conversar con algunas de las firmas de opini\u00f3n m\u00e1s relevantes del periodismo, a las que se lee o escucha a diario.<\/p>\r\n<strong>Fechas:<\/strong> Del mi\u00e9rcoles 18 al viernes 20 de octubre de 2017.\r\n\r\n<strong>Lugar y hora:<\/strong> Sal\u00f3n de Grados de la Facultad de Derecho (10:30 hs).\r\n\r\n<strong>Informaci\u00f3n e inscripciones<\/strong> en <a href=\"http:\/\/centros.unileon.es\/derecho\/files\/2017\/10\/dossier_congresoleon_columnismo.pdf\">enlace<\/a> y en: <a href=\"http:\/\/www.columnismo.es\">www.columnismo.es<\/a><\/td>\r\n<td><\/td>\r\n<\/tr>\r\n<\/tbody>\r\n<\/table>\r\n<p style=\"text-align: justify;\"><\/p>","protected":false},"excerpt":{"rendered":"<p>\u00a0CONGRESO: \u00abLE\u00d3N, CAPITAL DEL COLUMNISMO\u00bb La Facultad de Derecho de la Universidad de Le\u00f3n acoge el Congreso: \u00abLe\u00f3n, capital del columnismo\u00bb. El evento permitir\u00e1 durante tres d\u00edas (del 18 al 20 de octubre) analizar y reflexionar sobre los g\u00e9neros de opini\u00f3n, su funci\u00f3n dentro del periodismo y su influencia en la opini\u00f3n p\u00fablica. El Congreso [&hellip;]<\/p>\n","protected":false},"author":149,"featured_media":0,"parent":0,"menu_order":0,"comment_status":"closed","ping_status":"closed","template":"","meta":{"footnotes":""},"class_list":["post-1851","page","type-page","status-publish","hentry"],"_links":{"self":[{"href":"https:\/\/centros.unileon.es\/derecho\/wp-json\/wp\/v2\/pages\/1851","targetHints":{"allow":["GET"]}}],"collection":[{"href":"https:\/\/centros.unileon.es\/derecho\/wp-json\/wp\/v2\/pages"}],"about":[{"href":"https:\/\/centros.unileon.es\/derecho\/wp-json\/wp\/v2\/types\/page"}],"author":[{"embeddable":true,"href":"https:\/\/centros.unileon.es\/derecho\/wp-json\/wp\/v2\/users\/149"}],"replies":[{"embeddable":true,"href":"https:\/\/centros.unileon.es\/derecho\/wp-json\/wp\/v2\/comments?post=1851"}],"version-history":[{"count":15,"href":"https:\/\/centros.unileon.es\/derecho\/wp-json\/wp\/v2\/pages\/1851\/revisions"}],"predecessor-version":[{"id":1873,"href":"https:\/\/centros.unileon.es\/derecho\/wp-json\/wp\/v2\/pages\/1851\/revisions\/1873"}],"wp:attachment":[{"href":"https:\/\/centros.unileon.es\/derecho\/wp-json\/wp\/v2\/media?parent=1851"}],"curies":[{"name":"wp","href":"https:\/\/api.w.org\/{rel}","templated":true}]}}