{"id":179,"date":"2012-09-27T17:44:03","date_gmt":"2012-09-27T17:44:03","guid":{"rendered":"http:\/\/centros.unileon.es\/derecho\/?page_id=179"},"modified":"2012-09-27T17:45:39","modified_gmt":"2012-09-27T17:45:39","slug":"ii-jornadas-penitenciarias-leonesas","status":"publish","type":"page","link":"https:\/\/centros.unileon.es\/derecho\/ii-jornadas-penitenciarias-leonesas\/","title":{"rendered":"II Jornadas Penitenciarias Leonesas. Los M\u00f3dulos de Respeto: Una Perspectiva Solidaria desde el Medio Penitenciario"},"content":{"rendered":"El \u00c1rea de Derecho Penal, en colaboraci\u00f3n con el Centro Penitenciario de Mansilla, organiza las II Jornadas Penitenciarias Leonesas. Los M\u00f3dulos de Respeto: Una perspectiva Solidaria desde el Medio Penitenciarios.\r\n\r\nLugar de celebraci\u00f3n: Sal\u00f3n de Grados de la Facultad de Derecho.\r\n\r\nFechas: 17, 18 y 19 de Abril de 2012.\r\n\r\nPara m\u00e1s informaci\u00f3n pinchar <a href=\"http:\/\/centros.unileon.es\/derecho\/files\/2012\/09\/Cartel-II-Jornadas-Penitenciarias-Leonesas.pdf\">aqu\u00ed<\/a>\r\n\r\n&nbsp;","protected":false},"excerpt":{"rendered":"<p>El \u00c1rea de Derecho Penal, en colaboraci\u00f3n con el Centro Penitenciario de Mansilla, organiza las II Jornadas Penitenciarias Leonesas. Los M\u00f3dulos de Respeto: Una perspectiva Solidaria desde el Medio Penitenciarios. Lugar de celebraci\u00f3n: Sal\u00f3n de Grados de la Facultad de Derecho. Fechas: 17, 18 y 19 de Abril de 2012. Para m\u00e1s informaci\u00f3n pinchar aqu\u00ed [&hellip;]<\/p>\n","protected":false},"author":67,"featured_media":0,"parent":0,"menu_order":0,"comment_status":"closed","ping_status":"open","template":"","meta":{"footnotes":""},"class_list":["post-179","page","type-page","status-publish","hentry"],"_links":{"self":[{"href":"https:\/\/centros.unileon.es\/derecho\/wp-json\/wp\/v2\/pages\/179","targetHints":{"allow":["GET"]}}],"collection":[{"href":"https:\/\/centros.unileon.es\/derecho\/wp-json\/wp\/v2\/pages"}],"about":[{"href":"https:\/\/centros.unileon.es\/derecho\/wp-json\/wp\/v2\/types\/page"}],"author":[{"embeddable":true,"href":"https:\/\/centros.unileon.es\/derecho\/wp-json\/wp\/v2\/users\/67"}],"replies":[{"embeddable":true,"href":"https:\/\/centros.unileon.es\/derecho\/wp-json\/wp\/v2\/comments?post=179"}],"version-history":[{"count":3,"href":"https:\/\/centros.unileon.es\/derecho\/wp-json\/wp\/v2\/pages\/179\/revisions"}],"predecessor-version":[{"id":182,"href":"https:\/\/centros.unileon.es\/derecho\/wp-json\/wp\/v2\/pages\/179\/revisions\/182"}],"wp:attachment":[{"href":"https:\/\/centros.unileon.es\/derecho\/wp-json\/wp\/v2\/media?parent=179"}],"curies":[{"name":"wp","href":"https:\/\/api.w.org\/{rel}","templated":true}]}}