{"id":163,"date":"2012-09-21T11:50:46","date_gmt":"2012-09-21T11:50:46","guid":{"rendered":"http:\/\/centros.unileon.es\/derecho\/?page_id=163"},"modified":"2019-07-03T09:21:20","modified_gmt":"2019-07-03T09:21:20","slug":"master-universitario-en-asesoria-juridica-de-empresa","status":"publish","type":"page","link":"https:\/\/centros.unileon.es\/derecho\/master-universitario-en-asesoria-juridica-de-empresa\/","title":{"rendered":"M\u00e1ster Universitario en Asesor\u00eda Jur\u00eddica de Empresa (a extinguir)"},"content":{"rendered":"<p style=\"text-align: justify;\"><strong>INFORMACI\u00d3N GENERAL: M\u00c1STER OFICIAL EN ASESOR\u00cdA JUR\u00cdDICA DE EMPRESA (A extinguir -solo se mantiene la docencia no presencial para que finalicen la titulaci\u00f3n los alumnos ya matriculados hasta el Curso 2019\/2020)\r\n<\/strong><\/p>\r\n<p style=\"text-align: justify;\"><strong>\u00a0<\/strong><a href=\"\/\/centros.unileon.es\/derecho\/files\/2012\/09\/Plan-de-Estudios.-M\u00e1ster.pdf\">Plan de estudios M\u00e1ster Universitario Asesor\u00eda Jur\u00eddica de Empresa<\/a><\/p>\r\n<p style=\"text-align: justify;\"><a href=\"\/\/www.unileon.es\/estudiantes\/estudiantes-master\/oferta-titulaciones\/mu-asesoria-juridica-empresa\/plan-estudios\">Gu\u00edas Docentes de las asignaturas<\/a><\/p>\r\n<p style=\"text-align: justify;\"><a href=\"\/\/centros.unileon.es\/derecho\/files\/2012\/09\/Criterios-TFM-2016-2017.pdf\">Informaci\u00f3n Trabajo Fin de M\u00e1ster<\/a><\/p>\r\n<p style=\"text-align: justify;\">Plazos de Dep\u00f3sito, Fechas de Defensa y Distribuci\u00f3n de alumnos por Comisiones del Trabajo Fin de M\u00e1ster en las convocatorias de julio y septiembre de 2017.<\/p>\r\n<p style=\"text-align: justify;\"><a href=\"\/\/centros.unileon.es\/derecho\/files\/2012\/09\/Actas-Comisi\u00f3n-TFM-M\u00e1ster-Asesor\u00eda-Jur\u00eddica-de-Empresa-2016.2017_PRO.pdf\">Convocatoria Comisiones TFM M\u00e1ster Asesor\u00eda Jur\u00eddica de Empresa 2016.2017<\/a><\/p>\r\n<p style=\"text-align: justify;\"><strong>\u00bfQu\u00e9 es? <\/strong><\/p>\r\n<p style=\"text-align: justify;\">\u00a0El M\u00e1ster en Asesor\u00eda Jur\u00eddica de Empresa viene imparti\u00e9ndose en la Facultad de Derecho de la Universidad de Le\u00f3n desde el Curso 2007\/2008.<\/p>\r\n<p style=\"text-align: justify;\">\u00a0Se trata de un posgrado oficial, con validez en todo el territorio nacional, estructurado en un curso presencial con una duraci\u00f3n de 60 cr\u00e9ditos. Conforme al Plan de Estudios dise\u00f1ado, de los 84 cr\u00e9ditos ofertados -distribuidos en materias obligatorias y optativas- el alumno deber\u00e1 cursar materias obligatorias por valor de 54 cr\u00e9ditos, y el resto, hasta alcanzar los mencionados 60 cr\u00e9ditos, los completar\u00e1 eligiendo entre las distintas materias optativas existentes.<\/p>\r\n<p style=\"text-align: justify;\">\u00a0Para facilitar la realizaci\u00f3n por los alumnos de las Pr\u00e1cticas en Empresas \u2013cuyo car\u00e1cter es obligatorio-, se han firmado diversos Convenios de Colaboraci\u00f3n con Asesor\u00edas jur\u00eddicas, despachos profesionales de abogados y graduados sociales, entidades financieras, sindicatos, Administraciones P\u00fablicas y empresas de trabajo temporal.<\/p>\r\n<p style=\"text-align: justify;\">\u00a0El M\u00e1ster en Asesor\u00eda Jur\u00eddica de Empresa se imparte en el edificio de la Facultad de Derecho, sito en el Campus de Vegazana, en horario de tarde (de 16:00 a 21:00 hs.) de lunes a viernes.<\/p>\r\n<p style=\"text-align: justify;\">\u00a0La COORDINADORA de dicho M\u00e1ster es la Profa. Dra. Aurelia \u00c1lvarez Rodr\u00edguez (Tlfo.: 987 291401; E-mail: aalvr<a href=\"mailto:jgquih@unileon.es\">@unileon.es<\/a>).<\/p>\r\n<p style=\"text-align: justify;\">\u00a0Los cargos de Responsable Acad\u00e9mico del M\u00e1ster y Tutor de Pr\u00e1cticas en Empresas los ostenta actualmente el Prof. Dr. Rodrigo Tasc\u00f3n L\u00f3pez (Tlfo.: 987291447; E-mail: <a href=\"mailto:rtasl@unileon.es\">rtasl@unileon.es<\/a>).<\/p>\r\n<p style=\"text-align: justify;\">\u00a0Asimismo existen dos Comisiones Juzgadoras del Trabajo Fin de M\u00e1ster (trabajo que tiene car\u00e1cter obligatorio), una Comisi\u00f3n Acad\u00e9mica del M\u00e1ster, una Comisi\u00f3n de Pr\u00e1cticas en Empresas y la Oficina de Atenci\u00f3n al Alumno.<\/p>\r\n<p style=\"text-align: justify;\"><strong>\u00a0<\/strong><strong>\u00bfQu\u00e9 competencias se adquieren? <\/strong><\/p>\r\n<p style=\"text-align: justify;\">\u00a0El M\u00e1ster en Asesor\u00eda Jur\u00eddica de Empresa tiene como objetivo formativo general proporcionar a los alumnos una preparaci\u00f3n integral, que incluya aspectos te\u00f3ricos y, sobre todo pr\u00e1cticos, del conjunto de elementos que integran la asesor\u00eda jur\u00eddica de empresas y, en consecuencia, les permitan desarrollar en su futuro profesional la gesti\u00f3n jur\u00eddica de la organizaci\u00f3n productiva para la cual entren a prestar servicios.<\/p>\r\n<p style=\"text-align: justify;\">Este objetivo general puede ser desglosado en otros particulares:<\/p>\r\n<p style=\"text-align: justify;\">&#8211; Transmisi\u00f3n de una visi\u00f3n general de las implicaciones jur\u00eddicas de gesti\u00f3n a que se enfrenta cualquier empresa.<\/p>\r\n<p style=\"text-align: justify;\">&#8211; Adquisici\u00f3n de t\u00e9cnicas pr\u00e1cticas de tramitaci\u00f3n de documentos jur\u00eddicos concretos destinados a cumplir con las exigencias habituales que pesan sobre toda empresa, tales como la formalizaci\u00f3n de contratos laborales, civiles y mercantiles, la gesti\u00f3n de n\u00f3minas y seguros sociales o la liquidaci\u00f3n de impuestos.<\/p>\r\n<p style=\"text-align: justify;\">&#8211; Comprensi\u00f3n de las responsabilidades (administrativas, penales, etc.) en que puede incurrirse en caso de desconocimiento de las obligaciones jur\u00eddicas que recaen sobre cualquier organizaci\u00f3n productiva.<\/p>\r\n<p style=\"text-align: justify;\">&#8211; Negociaci\u00f3n y asesor\u00eda en nombre de las empresas.<\/p>\r\n<p style=\"text-align: justify;\">&#8211; Actuaci\u00f3n judicial en los diversos campos y jurisdicciones relacionados con la materia objeto de estudio.<\/p>\r\n<p style=\"text-align: justify;\"><strong>Salidas profesionales <\/strong><\/p>\r\n<p style=\"text-align: justify;\">El M\u00e1ster en Asesor\u00eda Jur\u00eddica de Empresa ofrece una formaci\u00f3n avanzada y especializada en la materia, que capacita al futuro titulado para el ejercicio de, entre otras, las siguientes actividades profesionales:<\/p>\r\n<p style=\"text-align: justify;\">&#8211; Ejercicio de la profesi\u00f3n libre, bien como abogado, bien como graduado social<\/p>\r\n<p style=\"text-align: justify;\">&#8211; Prestaci\u00f3n de servicios en Departamentos de Recursos Humanos y\/o Gabinetes Jur\u00eddicos de empresas.<\/p>\r\n<p style=\"text-align: justify;\">&#8211; Desarrollo profesional en Consultor\u00edas y\/o Asesor\u00edas jur\u00eddicas para empresas.<\/p>\r\n<p style=\"text-align: justify;\">&#8211; Trabajo en Banca y entidades financieras.<\/p>\r\n<p style=\"text-align: justify;\"><strong>Destinatarios <\/strong><\/p>\r\n<p style=\"text-align: justify;\">Integrado en el segundo ciclo de las ense\u00f1anzas universitarias, el M\u00e1ster en Asesor\u00eda Jur\u00eddica de Empresa est\u00e1 especialmente orientado a quienes procedan de las licenciaturas en Derecho, Ciencias del Trabajo, Administraci\u00f3n y Direcci\u00f3n de Empresas y Ciencias Actuariales y Financieras, as\u00ed como a los diplomados en Relaciones Laborales, Ciencias Empresariales, etc. Tambi\u00e9n ser\u00e1 de gran utilidad para aquellos profesionales del sector que deseen ampliar su formaci\u00f3n o reciclar y actualizar conocimientos.<\/p>\r\n<p style=\"text-align: justify;\">&#8212;&#8212;&#8212;&#8212;&#8212;&#8212;&#8211;<\/p>\r\n<p style=\"text-align: justify;\">Para m\u00e1s informaci\u00f3n sobre estos estudios universitarios oficiales de posgrado de la Universidad de Le\u00f3n puedes dirigirte a:<\/p>\r\n<p style=\"text-align: justify;\">&#8211; UNIDAD DE POSGRADO<\/p>\r\n<p style=\"text-align: justify;\">Edificio El Alb\u00e9itar<\/p>\r\n<p style=\"text-align: justify;\">Avda. de la Facultad, 25<\/p>\r\n<p style=\"text-align: justify;\">24071 Le\u00f3n<\/p>\r\n<p style=\"text-align: justify;\">Tlfo.: 987 291696<\/p>\r\n<p style=\"text-align: justify;\">Fax: 987 291616<\/p>\r\n<p style=\"text-align: justify;\"><a href=\"\/\/centros.unileon.es\/derecho\/wp-admin\/posgrado@unileon.es\">posgrado@unileon.es<\/a><\/p>\r\n<p style=\"text-align: justify;\">&#8211; FACULTAD DE DERECHO<\/p>\r\n<p style=\"text-align: justify;\">Campus de Vegazana, s\/n<\/p>\r\n<p style=\"text-align: justify;\">24071 Le\u00f3n<\/p>\r\n<p style=\"text-align: justify;\">Tlfo.: 987 291354 \u2013 1355 &#8211; 1357<\/p>\r\n<p style=\"text-align: justify;\"><a href=\"\/\/centros.unileon.es\/derecho\/wp-admin\/www3.unileon.es\/ce\/fde\">www3.unileon.es\/ce\/fde<\/a><\/p>\r\n<p style=\"text-align: justify;\"><a href=\"\/\/centros.unileon.es\/derecho\/wp-admin\/jgquih@unileon.es\">jgquih@unileon.es<\/a><\/p>","protected":false},"excerpt":{"rendered":"<p>INFORMACI\u00d3N GENERAL: M\u00c1STER OFICIAL EN ASESOR\u00cdA JUR\u00cdDICA DE EMPRESA (A extinguir -solo se mantiene la docencia no presencial para que finalicen la titulaci\u00f3n los alumnos ya matriculados hasta el Curso 2019\/2020) \u00a0Plan de estudios M\u00e1ster Universitario Asesor\u00eda Jur\u00eddica de Empresa Gu\u00edas Docentes de las asignaturas Informaci\u00f3n Trabajo Fin de M\u00e1ster Plazos de Dep\u00f3sito, Fechas de [&hellip;]<\/p>\n","protected":false},"author":67,"featured_media":0,"parent":0,"menu_order":0,"comment_status":"closed","ping_status":"open","template":"","meta":{"footnotes":""},"class_list":["post-163","page","type-page","status-publish","hentry"],"_links":{"self":[{"href":"https:\/\/centros.unileon.es\/derecho\/wp-json\/wp\/v2\/pages\/163","targetHints":{"allow":["GET"]}}],"collection":[{"href":"https:\/\/centros.unileon.es\/derecho\/wp-json\/wp\/v2\/pages"}],"about":[{"href":"https:\/\/centros.unileon.es\/derecho\/wp-json\/wp\/v2\/types\/page"}],"author":[{"embeddable":true,"href":"https:\/\/centros.unileon.es\/derecho\/wp-json\/wp\/v2\/users\/67"}],"replies":[{"embeddable":true,"href":"https:\/\/centros.unileon.es\/derecho\/wp-json\/wp\/v2\/comments?post=163"}],"version-history":[{"count":14,"href":"https:\/\/centros.unileon.es\/derecho\/wp-json\/wp\/v2\/pages\/163\/revisions"}],"predecessor-version":[{"id":2964,"href":"https:\/\/centros.unileon.es\/derecho\/wp-json\/wp\/v2\/pages\/163\/revisions\/2964"}],"wp:attachment":[{"href":"https:\/\/centros.unileon.es\/derecho\/wp-json\/wp\/v2\/media?parent=163"}],"curies":[{"name":"wp","href":"https:\/\/api.w.org\/{rel}","templated":true}]}}