{"id":155,"date":"2012-09-21T10:54:58","date_gmt":"2012-09-21T10:54:58","guid":{"rendered":"http:\/\/centros.unileon.es\/derecho\/?page_id=155"},"modified":"2018-11-07T09:36:55","modified_gmt":"2018-11-07T09:36:55","slug":"licenciatura-en-derecho","status":"publish","type":"page","link":"https:\/\/centros.unileon.es\/derecho\/licenciatura-en-derecho\/","title":{"rendered":"Licenciatura en Derecho (extinguida)"},"content":{"rendered":"<strong>INFORMACI\u00d3N GENERAL: LICENCIATURA EN DERECHO <\/strong>\r\n<p style=\"text-align: justify;\"><a href=\"http:\/\/centros.unileon.es\/derecho\/files\/2012\/09\/Plan-de-Estudios.-Licenciatura-en-Derecho.pdf\">Plan de estudios Licenciatura en Derecho\u00a0<\/a><\/p>\r\n<p style=\"text-align: justify;\"><a href=\"http:\/\/www.unileon.es\/estudiantes\/estudios\/oferta-de-estudios20112012?titula=0301\">Programas de las asignaturas con derecho a examen<\/a><\/p>\r\n<p style=\"text-align: justify;\"><a href=\"http:\/\/www.unileon.es\/estudiantes\/estudios\/oferta-de-estudios\/ciencias-sociales-juridicas\/derecho\">Programas de las asignaturas cursos completos<\/a><\/p>\r\n<p style=\"text-align: justify;\">Aun cuando los estudios de Derecho en Le\u00f3n datan de 1953 (con la Academia \u00abSan Raimundo de Pe\u00f1afort\u00bb, adscrita a la Universidad de Oviedo), fue en el Curso 1980\/1981 cuando comenzaron a depender ya de la Facultad de Derecho de la Universidad de Le\u00f3n.<\/p>\r\n<p style=\"text-align: justify;\">\u00a0A lo largo de esos m\u00e1s de 30 a\u00f1os, la Facultad de Derecho de Le\u00f3n ha venido asumiendo la formaci\u00f3n de juristas a trav\u00e9s de la impartici\u00f3n de la <em>Licenciatura en Derecho<\/em>.<\/p>\r\n<p style=\"text-align: justify;\">\u00a0El Plan de Estudios de esta titulaci\u00f3n -con una duraci\u00f3n de cinco cursos- persigue como objetivo principal proporcionar a los alumnos una formaci\u00f3n jur\u00eddica integral, tanto en el plano te\u00f3rico como en el pr\u00e1ctico.<\/p>\r\n<p style=\"text-align: justify;\">\u00a0Como consecuencia de la implantaci\u00f3n del nuevo Grado en Derecho a partir del curso 2010\/11, tendr\u00e1 lugar gradualmente, y sin perjuicio del periodo transitorio legalmente establecido, la extinci\u00f3n de las ense\u00f1anzas conducentes a la obtenci\u00f3n del t\u00edtulo de Licenciado en Derecho por la Universidad de Le\u00f3n.<\/p>\r\n<p style=\"text-align: justify;\"><strong>\u00a0<\/strong><strong>Salidas profesionales <\/strong><\/p>\r\n<p style=\"text-align: justify;\">\u00a0Derecho es una de las carreras m\u00e1s solicitadas por los estudiantes espa\u00f1oles. Como consecuencia de ello, los candidatos a las diversas salidas profesionales son numerosos y la competencia es importante. Como contrapartida, la carrera de Derecho est\u00e1 considerada como una de las m\u00e1s vers\u00e1tiles, de manera que sus titulados suelen encontrar empleo en la empresa privada, en la empresa p\u00fablica y la Administraci\u00f3n y en el ejercicio libre de la profesi\u00f3n.<\/p>\r\n<p style=\"text-align: justify;\">\u00a0As\u00ed, y am\u00e9n de la posibilidad del ejercicio como <em>abogados o procuradores de los tribunales<\/em>, los licenciados en Derecho est\u00e1n cada vez m\u00e1s integrados en la <em>empresa privada <\/em>(banca, comercio, etc.), tanto en puestos de asesor\u00eda jur\u00eddica como en el desempe\u00f1o de funciones de administraci\u00f3n y gesti\u00f3n (asesores fiscales y laborales, agentes de cambio y bolsa, agentes de la propiedad inmobiliaria, gestores administrativos,&#8230;). A este respecto, es importante el n\u00famero de licenciados que complementan estos estudios con los de administraci\u00f3n de empresas, a cuyo fin la Facultad de Derecho de Le\u00f3n cuenta con un M\u00e1ster oficial en \u00abAsesor\u00eda Jur\u00eddica de Empresa\u00bb.<\/p>\r\n<p style=\"text-align: justify;\">\u00a0Por otra parte, un porcentaje bastante significativo de licenciados en Derecho accede a los puestos tradicionalmente ofertados por la <em>Administraci\u00f3n P\u00fablica<\/em>, ya sea Estatal, Auton\u00f3mica, Provincial o Local, mediante la realizaci\u00f3n de las correspondientes oposiciones. Sobre este particular, y por enumerar s\u00f3lo las salidas profesionales a trav\u00e9s de oposici\u00f3n que llevan aparejado un notable grado de esfuerzo y dedicaci\u00f3n, interesa destacar que de manera constante llegan noticias a la propia Facultad del acceso de los licenciados en Derecho por la Universidad de Le\u00f3n a empleos p\u00fablicos tales como <em>Jueces, Fiscales, Abogados del Estado, Notarios, Registradores de la Propiedad<\/em>, etc. Tampoco debe dejarse de mencionar, aunque sea un dato m\u00e1s anecd\u00f3tico u ocasional, la posibilidad de que nuestros titulados accedan a los puestos m\u00e1s altos de responsabilidad pol\u00edtica, como Presidente del Gobierno o Ministro, pues estas dos circunstancias, de hecho, ya se han producido.<\/p>","protected":false},"excerpt":{"rendered":"<p>INFORMACI\u00d3N GENERAL: LICENCIATURA EN DERECHO Plan de estudios Licenciatura en Derecho\u00a0 Programas de las asignaturas con derecho a examen Programas de las asignaturas cursos completos Aun cuando los estudios de Derecho en Le\u00f3n datan de 1953 (con la Academia \u00abSan Raimundo de Pe\u00f1afort\u00bb, adscrita a la Universidad de Oviedo), fue en el Curso 1980\/1981 cuando [&hellip;]<\/p>\n","protected":false},"author":67,"featured_media":0,"parent":0,"menu_order":0,"comment_status":"closed","ping_status":"open","template":"","meta":{"footnotes":""},"class_list":["post-155","page","type-page","status-publish","hentry"],"_links":{"self":[{"href":"https:\/\/centros.unileon.es\/derecho\/wp-json\/wp\/v2\/pages\/155","targetHints":{"allow":["GET"]}}],"collection":[{"href":"https:\/\/centros.unileon.es\/derecho\/wp-json\/wp\/v2\/pages"}],"about":[{"href":"https:\/\/centros.unileon.es\/derecho\/wp-json\/wp\/v2\/types\/page"}],"author":[{"embeddable":true,"href":"https:\/\/centros.unileon.es\/derecho\/wp-json\/wp\/v2\/users\/67"}],"replies":[{"embeddable":true,"href":"https:\/\/centros.unileon.es\/derecho\/wp-json\/wp\/v2\/comments?post=155"}],"version-history":[{"count":16,"href":"https:\/\/centros.unileon.es\/derecho\/wp-json\/wp\/v2\/pages\/155\/revisions"}],"predecessor-version":[{"id":2662,"href":"https:\/\/centros.unileon.es\/derecho\/wp-json\/wp\/v2\/pages\/155\/revisions\/2662"}],"wp:attachment":[{"href":"https:\/\/centros.unileon.es\/derecho\/wp-json\/wp\/v2\/media?parent=155"}],"curies":[{"name":"wp","href":"https:\/\/api.w.org\/{rel}","templated":true}]}}