{"id":15,"date":"2010-10-07T12:38:02","date_gmt":"2010-10-07T12:38:02","guid":{"rendered":"http:\/\/centros.unileon.es\/derecho\/"},"modified":"2022-10-07T08:22:46","modified_gmt":"2022-10-07T08:22:46","slug":"ubicacion","status":"publish","type":"page","link":"https:\/\/centros.unileon.es\/derecho\/ubicacion\/","title":{"rendered":"Ubicaci\u00f3n e Informaci\u00f3n de Contacto"},"content":{"rendered":"<a href=\"https:\/\/centros.unileon.es\/derecho\/files\/2019\/08\/uleFacultadDerecho.jpg\"><img loading=\"lazy\" decoding=\"async\" class=\"wp-image-3113 aligncenter\" src=\"https:\/\/centros.unileon.es\/derecho\/files\/2019\/08\/uleFacultadDerecho.jpg\" alt=\"\" width=\"520\" height=\"312\" \/><\/a>\r\n\r\n<strong>UBICACI\u00d3N:<\/strong> <span title=\"Longitude\"><a href=\"https:\/\/tools.wmflabs.org\/geohack\/geohack.php?language=es&amp;pagename=Campus_de_Vegazana&amp;params=42.613527777778_N_-5.5584722222222_E_type:landmark\">42\u00b0 36\u2032 48.7\u2033 N, 5\u00b0\u00a033\u2032\u00a030.5\u2033\u00a0W<\/a><\/span>\r\n<ul style=\"list-style-type: disc;\">\r\n \t<li><a href=\"https:\/\/binged.it\/2KXeJdV\">Bing Maps<\/a><\/li>\r\n \t<li><a href=\"https:\/\/goo.gl\/maps\/gxt8dzLY6xwxNess6\">Google Maps<\/a><\/li>\r\n \t<li><a href=\"https:\/\/www.openstreetmap.org\/export#map=15\/42.6135\/-5.5660\">Open Street Map<\/a><\/li>\r\n<\/ul>\r\n<strong>CONTACTO:<\/strong>\r\n<ul style=\"list-style-type: disc;\">\r\n \t<li><strong>Secretar\u00eda del Centro:<\/strong>\r\n<ul style=\"list-style-type: circle;\">\r\n \t<li>+34987291368<\/li>\r\n \t<li>+34987291355<\/li>\r\n \t<li>+34987291357<\/li>\r\n \t<li>+34987291426<\/li>\r\n \t<li>\r\n<h6><a href=\"mailto:fdeadm@unileon.es\">fdeadm@unileon.es<\/a><\/h6>\r\n<\/li>\r\n<\/ul>\r\n<\/li>\r\n \t<li><strong>Conserjer\u00eda del Centro:<\/strong>\r\n<ul style=\"list-style-type: disc;\">\r\n \t<li>+34 987291350<\/li>\r\n<\/ul>\r\n<\/li>\r\n<\/ul>\r\n<strong>DIRECCI\u00d3N POSTAL:<\/strong>\r\n\r\n<strong>Facultad de Derecho\r\nCampus de Vegazana, s\/n.\r\n24071- LE\u00d3N\r\nESPA\u00d1A<\/strong>\r\n<table style=\"border-collapse: collapse; width: 0%; height: 49px;\">\r\n<tbody>\r\n<tr style=\"height: 10px;\">\r\n<td style=\"width: 33.3333%; height: 10px;\"><\/td>\r\n<td style=\"width: 33.3333%; height: 10px;\"><\/td>\r\n<td style=\"width: 33.3333%; height: 10px;\"><\/td>\r\n<\/tr>\r\n<tr style=\"height: 166px;\">\r\n<td style=\"width: 33.3333%; height: 10px;\"><\/td>\r\n<td style=\"width: 33.3333%; height: 10px;\"><\/td>\r\n<td style=\"width: 33.3333%; height: 10px;\">\r\n<h6><\/h6>\r\n<\/td>\r\n<\/tr>\r\n<\/tbody>\r\n<\/table>\r\n<p style=\"padding-left: 40px;\"><\/p>","protected":false},"excerpt":{"rendered":"<p>UBICACI\u00d3N: 42\u00b0 36\u2032 48.7\u2033 N, 5\u00b0\u00a033\u2032\u00a030.5\u2033\u00a0W Bing Maps Google Maps Open Street Map CONTACTO: Secretar\u00eda del Centro: +34987291368 +34987291355 +34987291357 +34987291426 fdeadm@unileon.es Conserjer\u00eda del Centro: +34 987291350 DIRECCI\u00d3N POSTAL: Facultad de Derecho Campus de Vegazana, s\/n. 24071- LE\u00d3N ESPA\u00d1A<\/p>\n","protected":false},"author":1,"featured_media":0,"parent":0,"menu_order":0,"comment_status":"closed","ping_status":"open","template":"","meta":{"footnotes":""},"class_list":["post-15","page","type-page","status-publish","hentry"],"_links":{"self":[{"href":"https:\/\/centros.unileon.es\/derecho\/wp-json\/wp\/v2\/pages\/15","targetHints":{"allow":["GET"]}}],"collection":[{"href":"https:\/\/centros.unileon.es\/derecho\/wp-json\/wp\/v2\/pages"}],"about":[{"href":"https:\/\/centros.unileon.es\/derecho\/wp-json\/wp\/v2\/types\/page"}],"author":[{"embeddable":true,"href":"https:\/\/centros.unileon.es\/derecho\/wp-json\/wp\/v2\/users\/1"}],"replies":[{"embeddable":true,"href":"https:\/\/centros.unileon.es\/derecho\/wp-json\/wp\/v2\/comments?post=15"}],"version-history":[{"count":63,"href":"https:\/\/centros.unileon.es\/derecho\/wp-json\/wp\/v2\/pages\/15\/revisions"}],"predecessor-version":[{"id":4897,"href":"https:\/\/centros.unileon.es\/derecho\/wp-json\/wp\/v2\/pages\/15\/revisions\/4897"}],"wp:attachment":[{"href":"https:\/\/centros.unileon.es\/derecho\/wp-json\/wp\/v2\/media?parent=15"}],"curies":[{"name":"wp","href":"https:\/\/api.w.org\/{rel}","templated":true}]}}