{"id":1438,"date":"2017-05-28T20:20:21","date_gmt":"2017-05-28T20:20:21","guid":{"rendered":"http:\/\/centros.unileon.es\/derecho\/?page_id=1438"},"modified":"2017-05-28T20:27:12","modified_gmt":"2017-05-28T20:27:12","slug":"clausura-del-v-ciclo-de-justicia-5-de-junio","status":"publish","type":"page","link":"https:\/\/centros.unileon.es\/derecho\/clausura-del-v-ciclo-de-justicia-5-de-junio\/","title":{"rendered":"V Ciclo de Justicia, 5 de junio de 2017"},"content":{"rendered":"<p style=\"text-align: justify;\">El pr\u00f3ximo d\u00eda 5 de mayo se celebrar\u00e1 la <strong>clausura del <em>V Ciclo de Justicia: <\/em><\/strong><em>La modernizaci\u00f3n de los juzgados de Castilla y Le\u00f3n a examen<\/em>, con la intervenci\u00f3n de D. Jos\u00e9 Manuel Maza, Fiscal General del Estado, y, D\u00f1a. Ana del Ser, Presidenta de la Audiencia de Le\u00f3n, que participar\u00e1n en una Mesa de Debate bajo el T\u00edtulo: \u00abUn fiscal a la medida de Europa\u00bb.<\/p>\r\n<p style=\"text-align: justify;\"><strong>Lugar de Celebraci\u00f3n:<\/strong> Palacio del Conde Luna, Plaza del Conde Luna s\/n, Le\u00f3n.<\/p>\r\n<p style=\"text-align: justify;\"><strong>Fecha y hora:<\/strong> Lunes 5 de junio, 17:30.<\/p>\r\n<a href=\"http:\/\/centros.unileon.es\/derecho\/files\/2017\/05\/Invitaci\u00f3n-Jornada-Clausura-justicia-LEON-1.pdf\">Invitaci\u00f3n Jornada Clausura Justicia LEON<\/a>","protected":false},"excerpt":{"rendered":"<p>El pr\u00f3ximo d\u00eda 5 de mayo se celebrar\u00e1 la clausura del V Ciclo de Justicia: La modernizaci\u00f3n de los juzgados de Castilla y Le\u00f3n a examen, con la intervenci\u00f3n de D. Jos\u00e9 Manuel Maza, Fiscal General del Estado, y, D\u00f1a. Ana del Ser, Presidenta de la Audiencia de Le\u00f3n, que participar\u00e1n en una Mesa de [&hellip;]<\/p>\n","protected":false},"author":149,"featured_media":0,"parent":0,"menu_order":0,"comment_status":"closed","ping_status":"closed","template":"","meta":{"footnotes":""},"class_list":["post-1438","page","type-page","status-publish","hentry"],"_links":{"self":[{"href":"https:\/\/centros.unileon.es\/derecho\/wp-json\/wp\/v2\/pages\/1438","targetHints":{"allow":["GET"]}}],"collection":[{"href":"https:\/\/centros.unileon.es\/derecho\/wp-json\/wp\/v2\/pages"}],"about":[{"href":"https:\/\/centros.unileon.es\/derecho\/wp-json\/wp\/v2\/types\/page"}],"author":[{"embeddable":true,"href":"https:\/\/centros.unileon.es\/derecho\/wp-json\/wp\/v2\/users\/149"}],"replies":[{"embeddable":true,"href":"https:\/\/centros.unileon.es\/derecho\/wp-json\/wp\/v2\/comments?post=1438"}],"version-history":[{"count":3,"href":"https:\/\/centros.unileon.es\/derecho\/wp-json\/wp\/v2\/pages\/1438\/revisions"}],"predecessor-version":[{"id":1446,"href":"https:\/\/centros.unileon.es\/derecho\/wp-json\/wp\/v2\/pages\/1438\/revisions\/1446"}],"wp:attachment":[{"href":"https:\/\/centros.unileon.es\/derecho\/wp-json\/wp\/v2\/media?parent=1438"}],"curies":[{"name":"wp","href":"https:\/\/api.w.org\/{rel}","templated":true}]}}