{"id":1424,"date":"2017-05-02T17:30:58","date_gmt":"2017-05-02T17:30:58","guid":{"rendered":"http:\/\/centros.unileon.es\/derecho\/?page_id=1424"},"modified":"2017-05-02T17:37:14","modified_gmt":"2017-05-02T17:37:14","slug":"proyecto-de-innovacion-docente-penal","status":"publish","type":"page","link":"https:\/\/centros.unileon.es\/derecho\/proyecto-de-innovacion-docente-penal\/","title":{"rendered":"Proyecto de Innovaci\u00f3n Docente Penal"},"content":{"rendered":"La Facultad de Derecho de la Universidad de Le\u00f3n, en el marco del Proyecto de Innovaci\u00f3n Docente, PAGID 2016, coordinado por el \u00c1rea de Derecho Penal, organiza las siguientes actividades:\r\n\r\n&#8211; \u00abSociedades reales y ficticias en el centro de la criminalidad organizada y de la criminalidad de empresa: Tratamiento penal\u00bb, Laura Z\u00fa\u00f1iga Rodr\u00edguez.\r\n\r\n&#8211; El delito de pertenencia a organizaci\u00f3n criminal\u00bb, Cristina M\u00e9ndez Rodr\u00edguez.\r\n\r\nD\u00eda: jueves 4 de mayo.\r\n\r\nHora 13:30.\r\n\r\nLugar: Sal\u00f3n de Grados de la Facultad de Derecho.\r\n\r\nM\u00e1s Informaci\u00f3n:\r\n\r\n<a href=\"http:\/\/centros.unileon.es\/derecho\/files\/2017\/05\/CARTEL-ZU\u00d1IGA-RODRIGUEZ.27.04.2017.pdf\">CARTEL Z\u00da\u00d1IGA<\/a>\r\n\r\n<a href=\"http:\/\/centros.unileon.es\/derecho\/files\/2017\/05\/CARTEL-MENDEZ-RODRIGUEZ.27.04.2017.pdf\">CARTEL M\u00c9NDEZ<\/a>","protected":false},"excerpt":{"rendered":"<p>La Facultad de Derecho de la Universidad de Le\u00f3n, en el marco del Proyecto de Innovaci\u00f3n Docente, PAGID 2016, coordinado por el \u00c1rea de Derecho Penal, organiza las siguientes actividades: &#8211; \u00abSociedades reales y ficticias en el centro de la criminalidad organizada y de la criminalidad de empresa: Tratamiento penal\u00bb, Laura Z\u00fa\u00f1iga Rodr\u00edguez. &#8211; El [&hellip;]<\/p>\n","protected":false},"author":149,"featured_media":0,"parent":0,"menu_order":0,"comment_status":"closed","ping_status":"closed","template":"","meta":{"footnotes":""},"class_list":["post-1424","page","type-page","status-publish","hentry"],"_links":{"self":[{"href":"https:\/\/centros.unileon.es\/derecho\/wp-json\/wp\/v2\/pages\/1424","targetHints":{"allow":["GET"]}}],"collection":[{"href":"https:\/\/centros.unileon.es\/derecho\/wp-json\/wp\/v2\/pages"}],"about":[{"href":"https:\/\/centros.unileon.es\/derecho\/wp-json\/wp\/v2\/types\/page"}],"author":[{"embeddable":true,"href":"https:\/\/centros.unileon.es\/derecho\/wp-json\/wp\/v2\/users\/149"}],"replies":[{"embeddable":true,"href":"https:\/\/centros.unileon.es\/derecho\/wp-json\/wp\/v2\/comments?post=1424"}],"version-history":[{"count":4,"href":"https:\/\/centros.unileon.es\/derecho\/wp-json\/wp\/v2\/pages\/1424\/revisions"}],"predecessor-version":[{"id":1432,"href":"https:\/\/centros.unileon.es\/derecho\/wp-json\/wp\/v2\/pages\/1424\/revisions\/1432"}],"wp:attachment":[{"href":"https:\/\/centros.unileon.es\/derecho\/wp-json\/wp\/v2\/media?parent=1424"}],"curies":[{"name":"wp","href":"https:\/\/api.w.org\/{rel}","templated":true}]}}