{"id":1415,"date":"2017-04-18T11:42:53","date_gmt":"2017-04-18T11:42:53","guid":{"rendered":"http:\/\/centros.unileon.es\/derecho\/?page_id=1415"},"modified":"2017-04-18T11:45:28","modified_gmt":"2017-04-18T11:45:28","slug":"iv-congreso-nacional-penitenciario-legionense","status":"publish","type":"page","link":"https:\/\/centros.unileon.es\/derecho\/iv-congreso-nacional-penitenciario-legionense\/","title":{"rendered":"IV Congreso Nacional Penitenciario Legionense, 8 y 9 de mayo de 2017"},"content":{"rendered":"Organizado por el \u00c1rea de Derecho Penal de la Facultad de Derecho de la Universidad de Le\u00f3n, la <strong>4\u00aa edici\u00f3n del Congreso Nacional Penitenciario Legionense<\/strong>, reunir\u00e1 a expertos en Derecho Penitenciario que debatir\u00e1n sobre \u00abDiferentes aspectos de la ejecuci\u00f3n de la pena de prisi\u00f3n\u00bb.\r\n\r\n<strong>Lugar:<\/strong> Sal\u00f3n de Grados de la Facultad de Ciencias Biol\u00f3gicas y Ambientales, Campus de Vegazana, Le\u00f3n.\r\n\r\n<strong>Fechas:<\/strong> 8 y 9 de mayo de 2017 (desde las 16:00 hs.) .\r\n\r\n<strong>Informaci\u00f3n e Inscripciones:<\/strong>\r\n\r\n<a href=\"http:\/\/centros.unileon.es\/derecho\/files\/2017\/04\/Cartel-Congreso-Penitenciario-Legionense-2017.pdf\">Cartel Congreso Penitenciario Legionense 2017<\/a>\r\n\r\n<a href=\"http:\/\/centros.unileon.es\/derecho\/files\/2017\/04\/Triptico-Congreso-Penitenciario-Legionense-2017.pdf\">Triptico Congreso Penitenciario Legionense 2017<\/a>","protected":false},"excerpt":{"rendered":"<p>Organizado por el \u00c1rea de Derecho Penal de la Facultad de Derecho de la Universidad de Le\u00f3n, la 4\u00aa edici\u00f3n del Congreso Nacional Penitenciario Legionense, reunir\u00e1 a expertos en Derecho Penitenciario que debatir\u00e1n sobre \u00abDiferentes aspectos de la ejecuci\u00f3n de la pena de prisi\u00f3n\u00bb. Lugar: Sal\u00f3n de Grados de la Facultad de Ciencias Biol\u00f3gicas y [&hellip;]<\/p>\n","protected":false},"author":149,"featured_media":0,"parent":0,"menu_order":0,"comment_status":"closed","ping_status":"closed","template":"","meta":{"footnotes":""},"class_list":["post-1415","page","type-page","status-publish","hentry"],"_links":{"self":[{"href":"https:\/\/centros.unileon.es\/derecho\/wp-json\/wp\/v2\/pages\/1415","targetHints":{"allow":["GET"]}}],"collection":[{"href":"https:\/\/centros.unileon.es\/derecho\/wp-json\/wp\/v2\/pages"}],"about":[{"href":"https:\/\/centros.unileon.es\/derecho\/wp-json\/wp\/v2\/types\/page"}],"author":[{"embeddable":true,"href":"https:\/\/centros.unileon.es\/derecho\/wp-json\/wp\/v2\/users\/149"}],"replies":[{"embeddable":true,"href":"https:\/\/centros.unileon.es\/derecho\/wp-json\/wp\/v2\/comments?post=1415"}],"version-history":[{"count":2,"href":"https:\/\/centros.unileon.es\/derecho\/wp-json\/wp\/v2\/pages\/1415\/revisions"}],"predecessor-version":[{"id":1421,"href":"https:\/\/centros.unileon.es\/derecho\/wp-json\/wp\/v2\/pages\/1415\/revisions\/1421"}],"wp:attachment":[{"href":"https:\/\/centros.unileon.es\/derecho\/wp-json\/wp\/v2\/media?parent=1415"}],"curies":[{"name":"wp","href":"https:\/\/api.w.org\/{rel}","templated":true}]}}