{"id":1383,"date":"2017-04-05T21:03:31","date_gmt":"2017-04-05T21:03:31","guid":{"rendered":"http:\/\/centros.unileon.es\/derecho\/?page_id=1383"},"modified":"2017-04-18T11:45:55","modified_gmt":"2017-04-18T11:45:55","slug":"jornadas-salidas-profesionales-2017","status":"publish","type":"page","link":"https:\/\/centros.unileon.es\/derecho\/jornadas-salidas-profesionales-2017\/","title":{"rendered":"Jornadas Salidas Profesionales 2017, 3 y 4 de mayo de 2017"},"content":{"rendered":"Los pr\u00f3ximos d\u00edas 2 y 3 de mayo, la Facultad de Derecho celebrar\u00e1 las <em>Jornadas sobre salidas Profesionales<\/em>, con la finalidad de orientar a los\/as alumnos\/as sobre las ocupaciones m\u00e1s frecuentes una vez hayan concluido sus estudios de Grado y M\u00e1ster.\r\n\r\nLas Jornadas contar\u00e1n con la presencia de significativas personalidades que estudiaron Derecho y hoy en d\u00eda desempe\u00f1an tareas de Jueces, Fiscales, Letrados de la Administraci\u00f3n P\u00fablica, Abogados del Estado, Letrados de la Administraci\u00f3n de Justicia, Fuerzas y Cuerpos de Seguridad del Estado, Letrados de la Seguridad Social, Inspectores de Trabajo, Inspectores de Hacienda, Funcionarios de Centros Penitenciarios, Abogados, Procuradores y Empresas Privadas.\r\n\r\nSe proporcionar\u00e1 informaci\u00f3n, tambi\u00e9n, sobre las Titulaciones de Postgrado que se imparten en el Centro y que permiten a los\/as alumnos\/as completar su formaci\u00f3n de forma especializada.\r\n\r\n<a href=\"http:\/\/centros.unileon.es\/derecho\/files\/2017\/04\/Jornadas_Salidas_profesionales_2017.pdf\">Jornadas Salidas Profesionales 2017<\/a>","protected":false},"excerpt":{"rendered":"<p>Los pr\u00f3ximos d\u00edas 2 y 3 de mayo, la Facultad de Derecho celebrar\u00e1 las Jornadas sobre salidas Profesionales, con la finalidad de orientar a los\/as alumnos\/as sobre las ocupaciones m\u00e1s frecuentes una vez hayan concluido sus estudios de Grado y M\u00e1ster. Las Jornadas contar\u00e1n con la presencia de significativas personalidades que estudiaron Derecho y hoy [&hellip;]<\/p>\n","protected":false},"author":149,"featured_media":0,"parent":0,"menu_order":0,"comment_status":"closed","ping_status":"closed","template":"","meta":{"footnotes":""},"class_list":["post-1383","page","type-page","status-publish","hentry"],"_links":{"self":[{"href":"https:\/\/centros.unileon.es\/derecho\/wp-json\/wp\/v2\/pages\/1383","targetHints":{"allow":["GET"]}}],"collection":[{"href":"https:\/\/centros.unileon.es\/derecho\/wp-json\/wp\/v2\/pages"}],"about":[{"href":"https:\/\/centros.unileon.es\/derecho\/wp-json\/wp\/v2\/types\/page"}],"author":[{"embeddable":true,"href":"https:\/\/centros.unileon.es\/derecho\/wp-json\/wp\/v2\/users\/149"}],"replies":[{"embeddable":true,"href":"https:\/\/centros.unileon.es\/derecho\/wp-json\/wp\/v2\/comments?post=1383"}],"version-history":[{"count":7,"href":"https:\/\/centros.unileon.es\/derecho\/wp-json\/wp\/v2\/pages\/1383\/revisions"}],"predecessor-version":[{"id":1422,"href":"https:\/\/centros.unileon.es\/derecho\/wp-json\/wp\/v2\/pages\/1383\/revisions\/1422"}],"wp:attachment":[{"href":"https:\/\/centros.unileon.es\/derecho\/wp-json\/wp\/v2\/media?parent=1383"}],"curies":[{"name":"wp","href":"https:\/\/api.w.org\/{rel}","templated":true}]}}