{"id":1340,"date":"2017-02-22T18:20:39","date_gmt":"2017-02-22T18:20:39","guid":{"rendered":"http:\/\/centros.unileon.es\/derecho\/?page_id=1340"},"modified":"2017-02-22T18:20:39","modified_gmt":"2017-02-22T18:20:39","slug":"conferencia-american-judicial-power-in-the-trump-era-3-de-marzo","status":"publish","type":"page","link":"https:\/\/centros.unileon.es\/derecho\/conferencia-american-judicial-power-in-the-trump-era-3-de-marzo\/","title":{"rendered":"Conferencia: \u00abAmerican Judicial Power in the Trump Era\u00bb, 3 de marzo."},"content":{"rendered":"<strong>Conferencia impartida por el Dr. Eric C. Christiansen, Professor of Constitutional Law, Golden Gate University, California.\r\n<\/strong>\r\n\r\n<strong>Fecha de celebraci\u00f3:<\/strong> viernes 3 de marzo de 2017.\r\n\r\n<strong>Lugar de celebraci\u00f3n:<\/strong> Sal\u00f3n de Grados de la Facultad de Derecho de la Universidad de Le\u00f3n.\r\n\r\n<strong>Informaci\u00f3n complementaria:<\/strong> Actividad organizada por el \u00c1rea de Derecho Constitucional de la Universidad de Le\u00f3n en el marco del Proyecto INAP (Instituto Nacional de Administraci\u00f3n P\u00fablica): \u201cNuevas estrategias participativas para la resoluci\u00f3n prejudicial de conflictos en los Estados compuestos. Estudio comparado Estados Unidos, Canad\u00e1 y Espa\u00f1a\u201d.\r\n\r\n<a href=\"http:\/\/centros.unileon.es\/derecho\/files\/2017\/02\/CONFERENCIA-ORGANIZADA-POR-EL-\u00c1REA-DE-DERECHO-CONSTITUCIONAL.pdf\">CARTEL CONFERENCIA<\/a>","protected":false},"excerpt":{"rendered":"<p>Conferencia impartida por el Dr. Eric C. Christiansen, Professor of Constitutional Law, Golden Gate University, California. Fecha de celebraci\u00f3: viernes 3 de marzo de 2017. Lugar de celebraci\u00f3n: Sal\u00f3n de Grados de la Facultad de Derecho de la Universidad de Le\u00f3n. Informaci\u00f3n complementaria: Actividad organizada por el \u00c1rea de Derecho Constitucional de la Universidad de [&hellip;]<\/p>\n","protected":false},"author":149,"featured_media":0,"parent":0,"menu_order":0,"comment_status":"closed","ping_status":"closed","template":"","meta":{"footnotes":""},"class_list":["post-1340","page","type-page","status-publish","hentry"],"_links":{"self":[{"href":"https:\/\/centros.unileon.es\/derecho\/wp-json\/wp\/v2\/pages\/1340","targetHints":{"allow":["GET"]}}],"collection":[{"href":"https:\/\/centros.unileon.es\/derecho\/wp-json\/wp\/v2\/pages"}],"about":[{"href":"https:\/\/centros.unileon.es\/derecho\/wp-json\/wp\/v2\/types\/page"}],"author":[{"embeddable":true,"href":"https:\/\/centros.unileon.es\/derecho\/wp-json\/wp\/v2\/users\/149"}],"replies":[{"embeddable":true,"href":"https:\/\/centros.unileon.es\/derecho\/wp-json\/wp\/v2\/comments?post=1340"}],"version-history":[{"count":1,"href":"https:\/\/centros.unileon.es\/derecho\/wp-json\/wp\/v2\/pages\/1340\/revisions"}],"predecessor-version":[{"id":1342,"href":"https:\/\/centros.unileon.es\/derecho\/wp-json\/wp\/v2\/pages\/1340\/revisions\/1342"}],"wp:attachment":[{"href":"https:\/\/centros.unileon.es\/derecho\/wp-json\/wp\/v2\/media?parent=1340"}],"curies":[{"name":"wp","href":"https:\/\/api.w.org\/{rel}","templated":true}]}}