{"id":1310,"date":"2017-02-12T19:54:59","date_gmt":"2017-02-12T19:54:59","guid":{"rendered":"http:\/\/centros.unileon.es\/derecho\/?page_id=1310"},"modified":"2017-09-24T16:30:42","modified_gmt":"2017-09-24T16:30:42","slug":"seminario-internacional-jurisdiccion-argumentacion-y-garantias","status":"publish","type":"page","link":"https:\/\/centros.unileon.es\/derecho\/seminario-internacional-jurisdiccion-argumentacion-y-garantias\/","title":{"rendered":"XVIII Seminario Internacional de Filosof\u00eda del Derecho y Derecho Penal: Derecho Penal y Garantismo, 6 y 7 de julio de 2017"},"content":{"rendered":"<strong>Fecha y hora:<\/strong> 6 de julio (16:30 hs.)\u00a0 y 7 de julio (10:00 hs.), de 2017.\r\n\r\n<strong>Lugar:<\/strong> Sal\u00f3n de Grados de la Facultad de Derecho de la Universidad de Le\u00f3n.\r\n\r\n<strong>Ponentes:<\/strong> Luigi Ferrajoli, Eduardo Demetrio Crespo, Jordi Ferrer Beltr\u00e1n, Juan Oberto Sotomayor Acosta, Juan Antonio Garc\u00eda Amado.\r\n\r\n<a href=\"http:\/\/centros.unileon.es\/derecho\/files\/2017\/02\/Cartel-XVIII-Seminario-de-FD-y-DP.-AED-Y-DP.SIMPLE.12.06.2017.pdf\">Cartel XVIII Seminario de Filosof\u00eda del Derecho y Derecho Penal<\/a>","protected":false},"excerpt":{"rendered":"<p>Fecha y hora: 6 de julio (16:30 hs.)\u00a0 y 7 de julio (10:00 hs.), de 2017. Lugar: Sal\u00f3n de Grados de la Facultad de Derecho de la Universidad de Le\u00f3n. Ponentes: Luigi Ferrajoli, Eduardo Demetrio Crespo, Jordi Ferrer Beltr\u00e1n, Juan Oberto Sotomayor Acosta, Juan Antonio Garc\u00eda Amado. Cartel XVIII Seminario de Filosof\u00eda del Derecho y [&hellip;]<\/p>\n","protected":false},"author":149,"featured_media":0,"parent":0,"menu_order":0,"comment_status":"closed","ping_status":"closed","template":"","meta":{"footnotes":""},"class_list":["post-1310","page","type-page","status-publish","hentry"],"_links":{"self":[{"href":"https:\/\/centros.unileon.es\/derecho\/wp-json\/wp\/v2\/pages\/1310","targetHints":{"allow":["GET"]}}],"collection":[{"href":"https:\/\/centros.unileon.es\/derecho\/wp-json\/wp\/v2\/pages"}],"about":[{"href":"https:\/\/centros.unileon.es\/derecho\/wp-json\/wp\/v2\/types\/page"}],"author":[{"embeddable":true,"href":"https:\/\/centros.unileon.es\/derecho\/wp-json\/wp\/v2\/users\/149"}],"replies":[{"embeddable":true,"href":"https:\/\/centros.unileon.es\/derecho\/wp-json\/wp\/v2\/comments?post=1310"}],"version-history":[{"count":9,"href":"https:\/\/centros.unileon.es\/derecho\/wp-json\/wp\/v2\/pages\/1310\/revisions"}],"predecessor-version":[{"id":1798,"href":"https:\/\/centros.unileon.es\/derecho\/wp-json\/wp\/v2\/pages\/1310\/revisions\/1798"}],"wp:attachment":[{"href":"https:\/\/centros.unileon.es\/derecho\/wp-json\/wp\/v2\/media?parent=1310"}],"curies":[{"name":"wp","href":"https:\/\/api.w.org\/{rel}","templated":true}]}}