{"id":1306,"date":"2017-02-12T19:43:54","date_gmt":"2017-02-12T19:43:54","guid":{"rendered":"http:\/\/centros.unileon.es\/derecho\/?page_id=1306"},"modified":"2017-02-14T09:28:12","modified_gmt":"2017-02-14T09:28:12","slug":"coloquios-transoceanicos-febrero-2017","status":"publish","type":"page","link":"https:\/\/centros.unileon.es\/derecho\/coloquios-transoceanicos-febrero-2017\/","title":{"rendered":"Coloquios Transoce\u00e1nicos. Febrero 2017."},"content":{"rendered":"<strong>Debates con profesores y estudiantes de EAFIT (Medell\u00edn, Colombia) y la ULE (Le\u00f3n, Espa\u00f1a).<\/strong>\r\n\r\n<strong>Fechas de celebraci\u00f3n:<\/strong> 15 (17:00) y 16 (16:00) de febrero de 2017.\r\n\r\n<strong>Lugar de celebraci\u00f3n:<\/strong> Sal\u00f3n de Grados de la Facultad de Derecho de la Universidad de Le\u00f3n.\r\n\r\n<strong>Informaci\u00f3n complementaria:<\/strong> Actividad desarrollada en el \u00e1mbito del GID DP-ULE, del GI DPULE, de la UIC 166 C y L, de los Proyectos de Investigaci\u00f3n DER2013-47511-R y DER2016-76715-R y del Programa de Doctorado \u201cResponsabilidad Jur\u00eddica. Estudio Multidisciplinar\u201d.\r\n\r\n<a href=\"http:\/\/centros.unileon.es\/derecho\/files\/2017\/02\/Definitivo_-CARTEL-COLOQUIOS-TRANSOCE\u00c1NICOS-2017.pdf\">CARTEL COLOQUIOS TRANSOCE\u00c1NICOS 2017<\/a>","protected":false},"excerpt":{"rendered":"<p>Debates con profesores y estudiantes de EAFIT (Medell\u00edn, Colombia) y la ULE (Le\u00f3n, Espa\u00f1a). Fechas de celebraci\u00f3n: 15 (17:00) y 16 (16:00) de febrero de 2017. Lugar de celebraci\u00f3n: Sal\u00f3n de Grados de la Facultad de Derecho de la Universidad de Le\u00f3n. Informaci\u00f3n complementaria: Actividad desarrollada en el \u00e1mbito del GID DP-ULE, del GI DPULE, [&hellip;]<\/p>\n","protected":false},"author":149,"featured_media":0,"parent":0,"menu_order":0,"comment_status":"closed","ping_status":"closed","template":"","meta":{"footnotes":""},"class_list":["post-1306","page","type-page","status-publish","hentry"],"_links":{"self":[{"href":"https:\/\/centros.unileon.es\/derecho\/wp-json\/wp\/v2\/pages\/1306","targetHints":{"allow":["GET"]}}],"collection":[{"href":"https:\/\/centros.unileon.es\/derecho\/wp-json\/wp\/v2\/pages"}],"about":[{"href":"https:\/\/centros.unileon.es\/derecho\/wp-json\/wp\/v2\/types\/page"}],"author":[{"embeddable":true,"href":"https:\/\/centros.unileon.es\/derecho\/wp-json\/wp\/v2\/users\/149"}],"replies":[{"embeddable":true,"href":"https:\/\/centros.unileon.es\/derecho\/wp-json\/wp\/v2\/comments?post=1306"}],"version-history":[{"count":2,"href":"https:\/\/centros.unileon.es\/derecho\/wp-json\/wp\/v2\/pages\/1306\/revisions"}],"predecessor-version":[{"id":1328,"href":"https:\/\/centros.unileon.es\/derecho\/wp-json\/wp\/v2\/pages\/1306\/revisions\/1328"}],"wp:attachment":[{"href":"https:\/\/centros.unileon.es\/derecho\/wp-json\/wp\/v2\/media?parent=1306"}],"curies":[{"name":"wp","href":"https:\/\/api.w.org\/{rel}","templated":true}]}}