{"id":119,"date":"2012-09-20T16:05:50","date_gmt":"2012-09-20T16:05:50","guid":{"rendered":"http:\/\/centros.unileon.es\/derecho\/?page_id=119"},"modified":"2012-09-20T16:12:53","modified_gmt":"2012-09-20T16:12:53","slug":"congreso-internacional-alimentacion-creencias-y-diversidad-cultural","status":"publish","type":"page","link":"https:\/\/centros.unileon.es\/derecho\/congreso-internacional-alimentacion-creencias-y-diversidad-cultural\/","title":{"rendered":"Congreso Internacional \u00abAlimentaci\u00f3n, creencias y diversidad cultural\u00bb"},"content":{"rendered":"El \u00c1rea de Derecho Eclesi\u00e1stico del Estado, junto\u00a0al Instituto Polit\u00e9cnico de Bragan\u00e7a (Portugal), en el marco del Proyecto \u00abCampus de Excelencia Internacional de la Universidad de Le\u00f3n CEI &#8211; ERMES\u00bb\u00a0organiza un Congreso Internacional sobre \u00abAlimentaci\u00f3n, creencias y diversidad cultural\u00bb\u00a0\r\n\r\nLugar de celebraci\u00f3n: Sal\u00f3n de Grados de la Facultad de Derecho\r\n\r\nFechas: Le\u00f3n del 8 al 10 de octubre de 2012\r\n\r\nPara m\u00e1s informaci\u00f3n pincha <a href=\"http:\/\/www3.unileon.es\/dp\/ade\/alimentacioncreencias.htm#_Objetivos_del_Congreso\">aqu\u00ed<\/a>","protected":false},"excerpt":{"rendered":"<p>El \u00c1rea de Derecho Eclesi\u00e1stico del Estado, junto\u00a0al Instituto Polit\u00e9cnico de Bragan\u00e7a (Portugal), en el marco del Proyecto \u00abCampus de Excelencia Internacional de la Universidad de Le\u00f3n CEI &#8211; ERMES\u00bb\u00a0organiza un Congreso Internacional sobre \u00abAlimentaci\u00f3n, creencias y diversidad cultural\u00bb\u00a0 Lugar de celebraci\u00f3n: Sal\u00f3n de Grados de la Facultad de Derecho Fechas: Le\u00f3n del 8 al [&hellip;]<\/p>\n","protected":false},"author":67,"featured_media":0,"parent":0,"menu_order":0,"comment_status":"closed","ping_status":"open","template":"","meta":{"footnotes":""},"class_list":["post-119","page","type-page","status-publish","hentry"],"_links":{"self":[{"href":"https:\/\/centros.unileon.es\/derecho\/wp-json\/wp\/v2\/pages\/119","targetHints":{"allow":["GET"]}}],"collection":[{"href":"https:\/\/centros.unileon.es\/derecho\/wp-json\/wp\/v2\/pages"}],"about":[{"href":"https:\/\/centros.unileon.es\/derecho\/wp-json\/wp\/v2\/types\/page"}],"author":[{"embeddable":true,"href":"https:\/\/centros.unileon.es\/derecho\/wp-json\/wp\/v2\/users\/67"}],"replies":[{"embeddable":true,"href":"https:\/\/centros.unileon.es\/derecho\/wp-json\/wp\/v2\/comments?post=119"}],"version-history":[{"count":4,"href":"https:\/\/centros.unileon.es\/derecho\/wp-json\/wp\/v2\/pages\/119\/revisions"}],"predecessor-version":[{"id":124,"href":"https:\/\/centros.unileon.es\/derecho\/wp-json\/wp\/v2\/pages\/119\/revisions\/124"}],"wp:attachment":[{"href":"https:\/\/centros.unileon.es\/derecho\/wp-json\/wp\/v2\/media?parent=119"}],"curies":[{"name":"wp","href":"https:\/\/api.w.org\/{rel}","templated":true}]}}