{"id":1101,"date":"2016-10-21T14:48:45","date_gmt":"2016-10-21T14:48:45","guid":{"rendered":"http:\/\/centros.unileon.es\/derecho\/?page_id=1101"},"modified":"2016-10-21T14:48:50","modified_gmt":"2016-10-21T14:48:50","slug":"ii-coloquio-de-derecho-civil-y-filosofia-del-derecho","status":"publish","type":"page","link":"https:\/\/centros.unileon.es\/derecho\/ii-coloquio-de-derecho-civil-y-filosofia-del-derecho\/","title":{"rendered":"II Coloquio de Derecho Civil y Filosof\u00eda del Derecho"},"content":{"rendered":"<p style=\"text-align: justify;\">Las \u00e1reas de Derecho Civil y Filosof\u00eda del Derecho organizan el II Coloquio de Derecho Civil y Filosof\u00eda del Derecho bajo el t\u00edtulo \u00abResponsabilidad civil y relaciones familiares. La jurisprudencia y sus argumentos\u00bb.<\/p>\r\n<p style=\"text-align: justify;\">Fecha de celebraci\u00f3n: 4 de noviembre de 2016.<\/p>\r\n<p style=\"text-align: justify;\">Lugar de celebraci\u00f3n: Sal\u00f3n de Grados de la Facultad de Derecho. Universidad de Le\u00f3n.<\/p>\r\n<p style=\"text-align: justify;\">Para m\u00e1s informaci\u00f3n pinchar <a href=\"http:\/\/centros.unileon.es\/derecho\/files\/2016\/10\/II-Coloquio-de-Derecho-Civil-y-Filosof\u00eda-del-Derecho.-Responsabilidad-civil-y-relaciones-familiares.pdf\">aqu\u00ed<\/a>.<\/p>","protected":false},"excerpt":{"rendered":"<p>Las \u00e1reas de Derecho Civil y Filosof\u00eda del Derecho organizan el II Coloquio de Derecho Civil y Filosof\u00eda del Derecho bajo el t\u00edtulo \u00abResponsabilidad civil y relaciones familiares. La jurisprudencia y sus argumentos\u00bb. Fecha de celebraci\u00f3n: 4 de noviembre de 2016. Lugar de celebraci\u00f3n: Sal\u00f3n de Grados de la Facultad de Derecho. Universidad de Le\u00f3n. [&hellip;]<\/p>\n","protected":false},"author":67,"featured_media":0,"parent":0,"menu_order":0,"comment_status":"closed","ping_status":"closed","template":"","meta":{"footnotes":""},"class_list":["post-1101","page","type-page","status-publish","hentry"],"_links":{"self":[{"href":"https:\/\/centros.unileon.es\/derecho\/wp-json\/wp\/v2\/pages\/1101","targetHints":{"allow":["GET"]}}],"collection":[{"href":"https:\/\/centros.unileon.es\/derecho\/wp-json\/wp\/v2\/pages"}],"about":[{"href":"https:\/\/centros.unileon.es\/derecho\/wp-json\/wp\/v2\/types\/page"}],"author":[{"embeddable":true,"href":"https:\/\/centros.unileon.es\/derecho\/wp-json\/wp\/v2\/users\/67"}],"replies":[{"embeddable":true,"href":"https:\/\/centros.unileon.es\/derecho\/wp-json\/wp\/v2\/comments?post=1101"}],"version-history":[{"count":1,"href":"https:\/\/centros.unileon.es\/derecho\/wp-json\/wp\/v2\/pages\/1101\/revisions"}],"predecessor-version":[{"id":1103,"href":"https:\/\/centros.unileon.es\/derecho\/wp-json\/wp\/v2\/pages\/1101\/revisions\/1103"}],"wp:attachment":[{"href":"https:\/\/centros.unileon.es\/derecho\/wp-json\/wp\/v2\/media?parent=1101"}],"curies":[{"name":"wp","href":"https:\/\/api.w.org\/{rel}","templated":true}]}}