{"id":11,"date":"2010-10-07T12:28:43","date_gmt":"2010-10-07T12:28:43","guid":{"rendered":"http:\/\/centros.unileon.es\/derecho\/"},"modified":"2026-02-23T16:40:33","modified_gmt":"2026-02-23T16:40:33","slug":"organos-directivos","status":"publish","type":"page","link":"https:\/\/centros.unileon.es\/derecho\/organos-directivos\/","title":{"rendered":"\u00d3rganos Directivos"},"content":{"rendered":"<h3>\u00d3rganos Unipersonales<\/h3>\r\n<table class=\"extendida\" style=\"width: 86.3416%;\">\r\n<tbody>\r\n<tr>\r\n<th style=\"width: 32.1282%;\"><strong>Decano<\/strong><\/th>\r\n<td style=\"width: 33.5001%;\">Dr. D. Javier Fern\u00e1ndez-Costales Mu\u00f1iz<\/td>\r\n<td style=\"width: 24.9407%;\">fdedec@unileon.es<\/td>\r\n<\/tr>\r\n<tr>\r\n<th style=\"width: 32.1282%;\"><strong>Vicedecano de Relaciones Institucionales<\/strong><\/th>\r\n<td style=\"width: 33.5001%;\">Dr. D. Javier Fern\u00e1ndez-Costales Mu\u00f1iz<\/td>\r\n<td style=\"width: 24.9407%;\">javier.costales@unileon.es<\/td>\r\n<\/tr>\r\n<tr>\r\n<th style=\"width: 32.1282%;\"><strong>Vicedecano de Ordenaci\u00f3n Acad\u00e9mica y Estudiantes\r\n<\/strong><\/th>\r\n<td style=\"width: 33.5001%;\">Dra. D\u00f1a. Nieves Alonso Garc\u00eda<\/td>\r\n<td style=\"width: 24.9407%;\">nieves.alonso@unileon.es<\/td>\r\n<\/tr>\r\n<tr>\r\n<th style=\"width: 32.1282%;\"><strong>Secretaria Acad\u00e9mica<\/strong><\/th>\r\n<td style=\"width: 33.5001%;\">Dra. D\u00f1a. Marina Morla Gonz\u00e1lez<\/td>\r\n<td style=\"width: 24.9407%;\">marina.morla@unileon.es<\/td>\r\n<\/tr>\r\n<\/tbody>\r\n<\/table>\r\n<h3>\u00d3rganos Colegiados<\/h3>\r\n<ul>\r\n \t<li>Junta de la Facultad de Derecho (Pleno).<\/li>\r\n<\/ul>\r\n<h3>Comisiones Delegadas y Coordinadores.<\/h3>\r\n<ul style=\"list-style-type: disc;\">\r\n \t<li><a href=\"https:\/\/centros.unileon.es\/derecho\/files\/2025\/09\/COMISIONES-2024-2025-DEFINITIVO.pdf\">Comisiones Junta de Facultad 2025\/2026<\/a>.<\/li>\r\n<\/ul>\r\n&nbsp;","protected":false},"excerpt":{"rendered":"<p>\u00d3rganos Unipersonales Decano Dr. D. Javier Fern\u00e1ndez-Costales Mu\u00f1iz fdedec@unileon.es Vicedecano de Relaciones Institucionales Dr. D. Javier Fern\u00e1ndez-Costales Mu\u00f1iz javier.costales@unileon.es Vicedecano de Ordenaci\u00f3n Acad\u00e9mica y Estudiantes Dra. D\u00f1a. Nieves Alonso Garc\u00eda nieves.alonso@unileon.es Secretaria Acad\u00e9mica Dra. D\u00f1a. Marina Morla Gonz\u00e1lez marina.morla@unileon.es \u00d3rganos Colegiados Junta de la Facultad de Derecho (Pleno). Comisiones Delegadas y Coordinadores. Comisiones Junta de [&hellip;]<\/p>\n","protected":false},"author":1,"featured_media":0,"parent":0,"menu_order":0,"comment_status":"closed","ping_status":"open","template":"","meta":{"footnotes":""},"class_list":["post-11","page","type-page","status-publish","hentry"],"_links":{"self":[{"href":"https:\/\/centros.unileon.es\/derecho\/wp-json\/wp\/v2\/pages\/11","targetHints":{"allow":["GET"]}}],"collection":[{"href":"https:\/\/centros.unileon.es\/derecho\/wp-json\/wp\/v2\/pages"}],"about":[{"href":"https:\/\/centros.unileon.es\/derecho\/wp-json\/wp\/v2\/types\/page"}],"author":[{"embeddable":true,"href":"https:\/\/centros.unileon.es\/derecho\/wp-json\/wp\/v2\/users\/1"}],"replies":[{"embeddable":true,"href":"https:\/\/centros.unileon.es\/derecho\/wp-json\/wp\/v2\/comments?post=11"}],"version-history":[{"count":47,"href":"https:\/\/centros.unileon.es\/derecho\/wp-json\/wp\/v2\/pages\/11\/revisions"}],"predecessor-version":[{"id":6215,"href":"https:\/\/centros.unileon.es\/derecho\/wp-json\/wp\/v2\/pages\/11\/revisions\/6215"}],"wp:attachment":[{"href":"https:\/\/centros.unileon.es\/derecho\/wp-json\/wp\/v2\/media?parent=11"}],"curies":[{"name":"wp","href":"https:\/\/api.w.org\/{rel}","templated":true}]}}