{"id":1087,"date":"2016-10-10T16:02:47","date_gmt":"2016-10-10T16:02:47","guid":{"rendered":"http:\/\/centros.unileon.es\/derecho\/?page_id=1087"},"modified":"2016-10-10T16:03:46","modified_gmt":"2016-10-10T16:03:46","slug":"ii-jornadas-nacionales-de-derecho-y-ciberseguridad","status":"publish","type":"page","link":"https:\/\/centros.unileon.es\/derecho\/ii-jornadas-nacionales-de-derecho-y-ciberseguridad\/","title":{"rendered":"II Jornadas Nacionales de Derecho y Ciberseguridad"},"content":{"rendered":"<p style=\"text-align: justify;\">La Facultad de Derecho y el Instituto Nacional de Ciberseguridad organizan las II Jornadas Nacionales de Derecho y Ciberseguridad.<\/p>\r\n<p style=\"text-align: justify;\">Fechas de celebraci\u00f3n: 19 y 20 de octubre de 2016.<\/p>\r\n<p style=\"text-align: justify;\">Lugar de celebraci\u00f3n: Sal\u00f3n de Grados de la Facultad de Derecho.<\/p>\r\n<p style=\"text-align: justify;\">Para m\u00e1s informaci\u00f3n sobre el programa completo pinchar <a href=\"http:\/\/centros.unileon.es\/derecho\/files\/2016\/10\/Tr\u00edptico-II-Ciberseguridad.pdf\">aqu\u00ed<\/a>.<\/p>","protected":false},"excerpt":{"rendered":"<p>La Facultad de Derecho y el Instituto Nacional de Ciberseguridad organizan las II Jornadas Nacionales de Derecho y Ciberseguridad. Fechas de celebraci\u00f3n: 19 y 20 de octubre de 2016. Lugar de celebraci\u00f3n: Sal\u00f3n de Grados de la Facultad de Derecho. Para m\u00e1s informaci\u00f3n sobre el programa completo pinchar aqu\u00ed.<\/p>\n","protected":false},"author":67,"featured_media":0,"parent":0,"menu_order":0,"comment_status":"closed","ping_status":"closed","template":"","meta":{"footnotes":""},"class_list":["post-1087","page","type-page","status-publish","hentry"],"_links":{"self":[{"href":"https:\/\/centros.unileon.es\/derecho\/wp-json\/wp\/v2\/pages\/1087","targetHints":{"allow":["GET"]}}],"collection":[{"href":"https:\/\/centros.unileon.es\/derecho\/wp-json\/wp\/v2\/pages"}],"about":[{"href":"https:\/\/centros.unileon.es\/derecho\/wp-json\/wp\/v2\/types\/page"}],"author":[{"embeddable":true,"href":"https:\/\/centros.unileon.es\/derecho\/wp-json\/wp\/v2\/users\/67"}],"replies":[{"embeddable":true,"href":"https:\/\/centros.unileon.es\/derecho\/wp-json\/wp\/v2\/comments?post=1087"}],"version-history":[{"count":2,"href":"https:\/\/centros.unileon.es\/derecho\/wp-json\/wp\/v2\/pages\/1087\/revisions"}],"predecessor-version":[{"id":1090,"href":"https:\/\/centros.unileon.es\/derecho\/wp-json\/wp\/v2\/pages\/1087\/revisions\/1090"}],"wp:attachment":[{"href":"https:\/\/centros.unileon.es\/derecho\/wp-json\/wp\/v2\/media?parent=1087"}],"curies":[{"name":"wp","href":"https:\/\/api.w.org\/{rel}","templated":true}]}}