{"id":1058,"date":"2016-09-06T09:45:59","date_gmt":"2016-09-06T09:45:59","guid":{"rendered":"http:\/\/centros.unileon.es\/derecho\/?page_id=1058"},"modified":"2016-09-06T09:46:07","modified_gmt":"2016-09-06T09:46:07","slug":"iv-seminario-sobre-relaciones-juridicas-internacionales","status":"publish","type":"page","link":"https:\/\/centros.unileon.es\/derecho\/iv-seminario-sobre-relaciones-juridicas-internacionales\/","title":{"rendered":"IV Seminario sobre Relaciones Jur\u00eddicas Internacionales"},"content":{"rendered":"<p style=\"text-align: justify;\">El \u00c1rea de Derecho Internacional Privado de la Universidad de Le\u00f3n, en colaboraci\u00f3n con el Excelent\u00edsimo Ayuntamiento de Le\u00f3n y el Vicerrectorado de Relaciones Institucionales y con la Sociedad de la Universidad de Le\u00f3n, organiza el IV Seminario sobre Relaciones Jur\u00eddicas Internacionales, que versar\u00e1 sobre \u201cAvances y retrocesos en la pol\u00edtica migratoria de la UE\u201d.<\/p>\r\n<p style=\"text-align: justify;\">Fecha de celebraci\u00f3n: 27 y 28 de septiembre de 2016, de 11.30 a 13.30 horas y 17.30 a 19.30 horas.<\/p>\r\n<p style=\"text-align: justify;\">Lugar de celebraci\u00f3n: Sal\u00f3n de Grados de la Facultad de Derecho.<\/p>\r\n<p style=\"text-align: justify;\">Para m\u00e1s informaci\u00f3n pinchar <a href=\"http:\/\/centros.unileon.es\/derecho\/files\/2016\/09\/Cartel_IV-SEMINARIO-SOBRE-RELACIONES-JUR\u00cdDICAS-INTERNACIONALES.pdf\">aqu\u00ed<\/a>.<\/p>","protected":false},"excerpt":{"rendered":"<p>El \u00c1rea de Derecho Internacional Privado de la Universidad de Le\u00f3n, en colaboraci\u00f3n con el Excelent\u00edsimo Ayuntamiento de Le\u00f3n y el Vicerrectorado de Relaciones Institucionales y con la Sociedad de la Universidad de Le\u00f3n, organiza el IV Seminario sobre Relaciones Jur\u00eddicas Internacionales, que versar\u00e1 sobre \u201cAvances y retrocesos en la pol\u00edtica migratoria de la UE\u201d. [&hellip;]<\/p>\n","protected":false},"author":67,"featured_media":0,"parent":0,"menu_order":0,"comment_status":"closed","ping_status":"closed","template":"","meta":{"footnotes":""},"class_list":["post-1058","page","type-page","status-publish","hentry"],"_links":{"self":[{"href":"https:\/\/centros.unileon.es\/derecho\/wp-json\/wp\/v2\/pages\/1058","targetHints":{"allow":["GET"]}}],"collection":[{"href":"https:\/\/centros.unileon.es\/derecho\/wp-json\/wp\/v2\/pages"}],"about":[{"href":"https:\/\/centros.unileon.es\/derecho\/wp-json\/wp\/v2\/types\/page"}],"author":[{"embeddable":true,"href":"https:\/\/centros.unileon.es\/derecho\/wp-json\/wp\/v2\/users\/67"}],"replies":[{"embeddable":true,"href":"https:\/\/centros.unileon.es\/derecho\/wp-json\/wp\/v2\/comments?post=1058"}],"version-history":[{"count":1,"href":"https:\/\/centros.unileon.es\/derecho\/wp-json\/wp\/v2\/pages\/1058\/revisions"}],"predecessor-version":[{"id":1060,"href":"https:\/\/centros.unileon.es\/derecho\/wp-json\/wp\/v2\/pages\/1058\/revisions\/1060"}],"wp:attachment":[{"href":"https:\/\/centros.unileon.es\/derecho\/wp-json\/wp\/v2\/media?parent=1058"}],"curies":[{"name":"wp","href":"https:\/\/api.w.org\/{rel}","templated":true}]}}