{"id":1024,"date":"2016-07-06T10:30:40","date_gmt":"2016-07-06T10:30:40","guid":{"rendered":"http:\/\/centros.unileon.es\/derecho\/?page_id=1024"},"modified":"2016-07-06T10:30:52","modified_gmt":"2016-07-06T10:30:52","slug":"xvii-seminario-internacional-de-filosofia-del-derecho-y-derecho-penal","status":"publish","type":"page","link":"https:\/\/centros.unileon.es\/derecho\/xvii-seminario-internacional-de-filosofia-del-derecho-y-derecho-penal\/","title":{"rendered":"XVII Seminario Internacional de Filosof\u00eda del Derecho y Derecho Penal"},"content":{"rendered":"<p style=\"text-align: justify;\">Las \u00c1reas de Derecho Penal y Filosof\u00eda del Derecho organizan el XVII Seminario Internacional de Filosof\u00eda del Derecho y Derecho Penal \u00abAn\u00e1lisis econ\u00f3mico del Derecho y Derecho Penal\u00bb.<\/p>\r\n<p style=\"text-align: justify;\">Fechas de celebraci\u00f3n: 7 y 8 de julio de 2016.<\/p>\r\n<p style=\"text-align: justify;\">Lugar de celebraci\u00f3n: Sal\u00f3n de Grados de la Facultad de Derecho.<\/p>\r\n<p style=\"text-align: justify;\">Para m\u00e1s informaci\u00f3n pinchar <a href=\"http:\/\/centros.unileon.es\/derecho\/files\/2016\/07\/00.Cartel-XVII-Seminario-de-FD-y-DP.-AED-Y-DP.SIMPLE.27.04.2016.pdf\">aqu\u00ed<\/a>.<\/p>","protected":false},"excerpt":{"rendered":"<p>Las \u00c1reas de Derecho Penal y Filosof\u00eda del Derecho organizan el XVII Seminario Internacional de Filosof\u00eda del Derecho y Derecho Penal \u00abAn\u00e1lisis econ\u00f3mico del Derecho y Derecho Penal\u00bb. Fechas de celebraci\u00f3n: 7 y 8 de julio de 2016. Lugar de celebraci\u00f3n: Sal\u00f3n de Grados de la Facultad de Derecho. Para m\u00e1s informaci\u00f3n pinchar aqu\u00ed.<\/p>\n","protected":false},"author":67,"featured_media":0,"parent":0,"menu_order":0,"comment_status":"closed","ping_status":"closed","template":"","meta":{"footnotes":""},"class_list":["post-1024","page","type-page","status-publish","hentry"],"_links":{"self":[{"href":"https:\/\/centros.unileon.es\/derecho\/wp-json\/wp\/v2\/pages\/1024","targetHints":{"allow":["GET"]}}],"collection":[{"href":"https:\/\/centros.unileon.es\/derecho\/wp-json\/wp\/v2\/pages"}],"about":[{"href":"https:\/\/centros.unileon.es\/derecho\/wp-json\/wp\/v2\/types\/page"}],"author":[{"embeddable":true,"href":"https:\/\/centros.unileon.es\/derecho\/wp-json\/wp\/v2\/users\/67"}],"replies":[{"embeddable":true,"href":"https:\/\/centros.unileon.es\/derecho\/wp-json\/wp\/v2\/comments?post=1024"}],"version-history":[{"count":1,"href":"https:\/\/centros.unileon.es\/derecho\/wp-json\/wp\/v2\/pages\/1024\/revisions"}],"predecessor-version":[{"id":1026,"href":"https:\/\/centros.unileon.es\/derecho\/wp-json\/wp\/v2\/pages\/1024\/revisions\/1026"}],"wp:attachment":[{"href":"https:\/\/centros.unileon.es\/derecho\/wp-json\/wp\/v2\/media?parent=1024"}],"curies":[{"name":"wp","href":"https:\/\/api.w.org\/{rel}","templated":true}]}}