{"id":676,"date":"2014-06-09T11:25:47","date_gmt":"2014-06-09T11:25:47","guid":{"rendered":"http:\/\/centros.unileon.es\/cienciasdeltrabajo\/?page_id=676"},"modified":"2019-07-02T09:08:56","modified_gmt":"2019-07-02T09:08:56","slug":"trabajo-fin-de-grado-curso-de-adaptacion","status":"publish","type":"page","link":"https:\/\/centros.unileon.es\/cienciasdeltrabajo\/trabajo-fin-de-grado-curso-de-adaptacion\/","title":{"rendered":"Trabajo Fin de Grado (Curso de Adaptaci\u00f3n)"},"content":{"rendered":"<ul>\r\n \t<li><a href=\"\/\/centros.unileon.es\/cienciasdeltrabajo\/files\/2014\/02\/Procedimiento-para-la-adjudicaci\u00f3n-de-tutor-TFG-2016.pdf\">Procedimiento para la Adjudicacion de Tutor TFG<\/a><\/li>\r\n<\/ul>\r\n<ul>\r\n \t<li><a href=\"\/\/centros.unileon.es\/cienciasdeltrabajo\/files\/2014\/06\/CRITERIOS-PARA-LA-REALIZACI\u00d3N-DEL-TRABAJO-FIN-DE-GRADO-2016-1.pdf\">Criterios para la Realizacion del Trabajo Fin de Grado<\/a><\/li>\r\n<\/ul>\r\n<ul>\r\n \t<li><a href=\"\/\/centros.unileon.es\/cienciasdeltrabajo\/files\/2014\/02\/Instancia-para-solicitar-tutor-para-el-TFG-1.pdf\">Instancia para Solicitar Ttutor para TFG<\/a><\/li>\r\n<\/ul>\r\n<a href=\"\/\/centros.unileon.es\/cienciasdeltrabajo\/files\/2019\/02\/Asignaci\u00f3n-definitiva-de-tutores-TFG-RRLL-y-RRHH-Curso-de-adaptaci\u00f3n-2018-2019-3.doc\">Asignaci\u00f3n definitiva de tutores TFG RRLL y RRHH (Curso de adaptaci\u00f3n) 2018-2019<\/a>\r\n\r\n<a href=\"\/\/centros.unileon.es\/cienciasdeltrabajo\/files\/2019\/06\/Asignaci\u00f3n-de-alumnos-a-Comisiones-evaluadoras-TFG-RRLLy-RRHH.-Curso-de-adaptaci\u00f3n-Junio-2019-1.doc\">Asignaci\u00f3n de alumnos a Comisiones evaluadoras TFG RRLLy RRHH. Curso de adaptaci\u00f3n, Junio y septiembre 2019<\/a>\r\n\r\n<a href=\"\/\/centros.unileon.es\/cienciasdeltrabajo\/files\/2019\/07\/Deposito-y-Defensa-TFG-y-TFM.-Junio-y-septiembre-2019-1.doc\">Horas, fechas y lugar de Deposito y Defensa TFG y TFM. Junio y septiembre 2019<\/a>\r\n\r\n&nbsp;\r\n<h3><strong>DEFENSA DEL TRABAJO FIN DE GRADO<\/strong><\/h3>\r\n<ul style=\"list-style-type: square;\">\r\n \t<li><a href=\"\/\/centros.unileon.es\/cienciasdeltrabajo\/files\/2014\/06\/Criterios-para-la-Realizaci\u00f3n-de-Trabajos-Fin-de-Grado-GRLRH-2016.pdf\">Criterios para la Realizaci\u00f3n de Trabajos Fin de Grado (GRLRH)<\/a><\/li>\r\n<\/ul>\r\n<ul style=\"list-style-type: square;\">\r\n \t<li><a href=\"\/\/centros.unileon.es\/cienciasdeltrabajo\/files\/2014\/06\/ANEXOS-TFG.docx\">ANEXOS TFG<\/a><\/li>\r\n<\/ul>\r\n<ul style=\"list-style-type: square;\">\r\n \t<li><a href=\"\/\/centros.unileon.es\/cienciasdeltrabajo\/files\/2014\/06\/Anexo-informe-tutor-TFG.docx\">Anexo informe tutor TFG<\/a><\/li>\r\n<\/ul>\r\n<ul style=\"list-style-type: square;\">\r\n \t<li><a href=\"\/\/centros.unileon.es\/cienciasdeltrabajo\/files\/2014\/06\/ModeloAutorizaci\u00f3nEntregaTurnitinTFGyTFM.pdf\">Modelo Autorizaci\u00f3n Entrega Turnitin TFG<\/a><\/li>\r\n<\/ul>\r\n<ul style=\"list-style-type: square;\">\r\n \t<li><a href=\"\/\/centros.unileon.es\/cienciasdeltrabajo\/files\/2014\/06\/ModeloAutorizaci\u00f3nTurnitinTFGyTFM.pdf\">Modelo Autorizaci\u00f3n Tutor Turnitin TFG<\/a><\/li>\r\n<\/ul>\r\n<ul style=\"list-style-type: square;\">\r\n \t<li><a href=\"\/\/centros.unileon.es\/cienciasdeltrabajo\/files\/2014\/06\/DEP\u00d3SITO_DEFENSA_Trabajo-Fin-de-Grado_Curso-de-Adaptaci\u00f3n-al-Grado-Curso-2014-15.pdf\">Dep\u00f3sito y Defensa del Trabajo Fin de Grado_Curso de Adaptaci\u00f3n al Grado &#8211; Curso 2014\/15<\/a><\/li>\r\n<\/ul>\r\n<ul style=\"list-style-type: square;\">\r\n \t<li><a href=\"\/\/centros.unileon.es\/cienciasdeltrabajo\/files\/2014\/06\/Asignaci\u00f3n_Alumnos_Comisiones_Evaluadoras_TFG_2015_Curso-de-Adaptaci\u00f3n-al-Grado.pdf\">Asignaci\u00f3n_Alumnos_Comisiones_Evaluadoras_TFG_2015_Curso de Adaptaci\u00f3n al Grado<\/a><\/li>\r\n<\/ul>\r\n<strong>SOLICITUD DE T\u00cdTULO DE GRADO EN RELACIONES LABORALES Y RECURSOS HUMANOS (CURSO DE ADAPTACI\u00d3N)<\/strong> Para solicitar el t\u00edtulo deben presentar la siguiente documentaci\u00f3n: &#8211; Impreso: <a href=\"\/\/centros.unileon.es\/cienciasdeltrabajo\/files\/2014\/06\/Solicitud-de-T\u00edtulo-Universitario.pdf\">Solicitud de T\u00edtulo Universitario<\/a> &#8211; Justificante de abono de tasas (214,05 \u20ac \/ 107,03 \u20ac si es Familia Numerosa) &#8211; Fotocopia de D.N.I. &#8211; En caso de serlo, Fotocopia del libro de Familia Numerosa\r\n<h2><strong><span style=\"text-decoration: underline;\"><span style=\"color: #000000;\">CORREO ELECTR\u00d3NICO<\/span><\/span>:<\/strong><\/h2>\r\n<ul>\r\n \t<li><a href=\"\/\/centros.unileon.es\/cienciasdeltrabajo\/files\/2010\/10\/Como-saber-que-cuenta-de-correo-le-ha-asignado-la-Universidad.pdf\">C\u00f3mo saber que cuenta de correo le ha asignado la Universidad<\/a><\/li>\r\n \t<li><a href=\"\/\/centros.unileon.es\/cienciasdeltrabajo\/files\/2010\/10\/Recuperar-o-cambiar-la-contrase\u00f1a-del-correo-electronico.pdf\">C\u00f3mo recuperar o cambiar la contrase\u00f1a del correo electr\u00f3nico<\/a><\/li>\r\n<\/ul>\r\n&nbsp;","protected":false},"excerpt":{"rendered":"<p>Procedimiento para la Adjudicacion de Tutor TFG Criterios para la Realizacion del Trabajo Fin de Grado Instancia para Solicitar Ttutor para TFG Asignaci\u00f3n definitiva de tutores TFG RRLL y RRHH (Curso de adaptaci\u00f3n) 2018-2019 Asignaci\u00f3n de alumnos a Comisiones evaluadoras TFG RRLLy RRHH. Curso de adaptaci\u00f3n, Junio y septiembre 2019 Horas, fechas y lugar de [&hellip;]<\/p>\n","protected":false},"author":44,"featured_media":0,"parent":0,"menu_order":0,"comment_status":"closed","ping_status":"open","template":"","meta":{"footnotes":""},"class_list":["post-676","page","type-page","status-publish","hentry"],"_links":{"self":[{"href":"https:\/\/centros.unileon.es\/cienciasdeltrabajo\/wp-json\/wp\/v2\/pages\/676","targetHints":{"allow":["GET"]}}],"collection":[{"href":"https:\/\/centros.unileon.es\/cienciasdeltrabajo\/wp-json\/wp\/v2\/pages"}],"about":[{"href":"https:\/\/centros.unileon.es\/cienciasdeltrabajo\/wp-json\/wp\/v2\/types\/page"}],"author":[{"embeddable":true,"href":"https:\/\/centros.unileon.es\/cienciasdeltrabajo\/wp-json\/wp\/v2\/users\/44"}],"replies":[{"embeddable":true,"href":"https:\/\/centros.unileon.es\/cienciasdeltrabajo\/wp-json\/wp\/v2\/comments?post=676"}],"version-history":[{"count":66,"href":"https:\/\/centros.unileon.es\/cienciasdeltrabajo\/wp-json\/wp\/v2\/pages\/676\/revisions"}],"predecessor-version":[{"id":1926,"href":"https:\/\/centros.unileon.es\/cienciasdeltrabajo\/wp-json\/wp\/v2\/pages\/676\/revisions\/1926"}],"wp:attachment":[{"href":"https:\/\/centros.unileon.es\/cienciasdeltrabajo\/wp-json\/wp\/v2\/media?parent=676"}],"curies":[{"name":"wp","href":"https:\/\/api.w.org\/{rel}","templated":true}]}}